{"id":11155,"date":"2023-02-09T10:11:46","date_gmt":"2023-02-09T08:11:46","guid":{"rendered":"https:\/\/kaiakapsta.com\/?post_type=product&#038;p=11155"},"modified":"2023-05-12T12:47:18","modified_gmt":"2023-05-12T09:47:18","slug":"videokoolitus","status":"publish","type":"product","link":"https:\/\/kaiakapsta.com\/en\/product\/videokoolitus\/","title":{"rendered":"VIDEOKOOLITUS"},"content":{"rendered":"<div class=\"elementor-element elementor-element-d8ec2c0 elementor-widget elementor-widget-heading\" data-id=\"d8ec2c0\" data-element_type=\"widget\" data-widget_type=\"heading.default\">\n<div class=\"elementor-widget-container\"><\/div>\n<\/div>\n<div class=\"elementor-element elementor-element-acbff76 elementor-widget elementor-widget-text-editor\" data-id=\"acbff76\" data-element_type=\"widget\" data-widget_type=\"text-editor.default\">\n<div class=\"elementor-widget-container\">\n<div class=\"elementor-element elementor-element-59e9469 elementor-widget elementor-widget-text-editor\" data-id=\"59e9469\" data-element_type=\"widget\" data-widget_type=\"text-editor.default\">\n<div class=\"elementor-widget-container\">\n<div class=\"et_pb_module et_pb_text et_pb_text_13 et_pb_text_align_left et_pb_bg_layout_light\">\n<p>L\u00e4bi aegade toimuvad inimeste eludes nii t\u00f5usud kui ka m\u00f5\u00f5nad, kriisid kui ka \u00f5itsemise ajad. Just nendel raskematel hetkedel v\u00f5ime leida end olukorrast, kus vajame enim tuge, kuid tunneme end \u00fcksi j\u00e4etuna. Tunneme, et meid ei m\u00f5isteta ning seet\u00f5ttu ei suuda ka partnerile pakkuda toetust. Niimoodi hakkavadki inimesed lahku kasvama.<\/p>\n<p>V\u00f5ib \u00f6elda, et inimesed satuvad kriisi. Kriis v\u00f5ib tekkida nii isiklikul kui sotsiaalsel tasandil. Igal juhul toimub inimese elus pingeline muutus, mis p\u00f6\u00f6rab kogu arusaamise endast ja \u00fcmberringi toimuvast pea peale. Kuigi iga kriis sisaldab endas pingeid, ebamugavust ja kannatusi, peitub selles ka v\u00f5imalus t\u00f5usta uuele tasemele aru saamises iseendast.<\/p>\n<p>Kriisi vallandavaks teguriks v\u00f5ib olla \u00fcksk\u00f5ik, milline s\u00fcndmus, mille ees tunneb inimene end j\u00f5uetuna: lahutus, t\u00f6\u00f6koha kaotamine, sotsiaalne, poliitiline, majanduslik olukord, s\u00f5da. M\u00f5nikord ka r\u00f5\u00f5mustavad s\u00fcndmused: abiellumine, lapse s\u00fcnd, kaua ihaldatud eesm\u00e4rgi saavutamine jne. Iga\u00fche elus v\u00f5ib ette tulla kriise. Need on lihtsalt elu osa.<\/p>\n<p>Inimesed kogevad kriise eri viisidel. Kriisid v\u00f5ivad j\u00e4tta k\u00fcll arme, kuid nendest on v\u00f5imalik \u00fcle saada ja nende tagaj\u00e4rgedega elada. Suhe v\u00f5ib anda tuge keerulistel hetkedel, sest koos on lihtsam. Samas v\u00f5ivad keerulised ajad ning eriarvamused tekitada suhetes probleeme. Teadagi kipub olema nii, et k\u00f5ige l\u00e4hedasem inimene saab ka meie k\u00f5ige ehtsamad ning tooremad emotsioonid.<\/p>\n<p>\u201cKuidas s\u00e4ilitada h\u00e4id pere- ja paarisuhteid rasketel aegadel?\u201d on l\u00fchikoolitus aitamaks m\u00f5ista ennast ning partnerit paremini.<\/p>\n<p>&nbsp;<\/p>\n<p><strong>Koolitusel arutletakse j\u00e4rgmistel teemadel:<\/strong><\/p>\n<p>\u2022 k\u00e4itumine kriisis;<\/p>\n<p>\u2022 toetavad ja mittetoetavad toimetulekuoskused;<\/p>\n<p>\u2022 omavahelise suhtlemise d\u00fcnaamika;<\/p>\n<p>\u2022 kaitsek\u00e4itumine;<\/p>\n<p>\u2022 sinu k\u00e4itumise m\u00f5ju suhetele;<\/p>\n<p>\u2022 kuidas tulla toime maailmavaateliste erinevustega; oma piiride seadmine.<\/p>\n<\/div>\n<\/div>\n<\/div>\n<\/div>\n<\/div>","protected":false},"excerpt":{"rendered":"<div class=\"elementor-element elementor-element-d8ec2c0 elementor-widget elementor-widget-heading\" data-id=\"d8ec2c0\" data-element_type=\"widget\" data-widget_type=\"heading.default\">\n<div class=\"elementor-widget-container\">\n<h3 class=\"elementor-heading-title elementor-size-default\">Kuidas s\u00e4ilitada h\u00e4id pere- ja paarisuhteid rasketel aegadel<\/h3>\n<\/div>\n<\/div>\n<div class=\"elementor-element elementor-element-acbff76 elementor-widget elementor-widget-text-editor\" data-id=\"acbff76\" data-element_type=\"widget\" data-widget_type=\"text-editor.default\">\n<div class=\"elementor-widget-container\">\n<div class=\"elementor-element elementor-element-59e9469 elementor-widget elementor-widget-text-editor\" data-id=\"59e9469\" data-element_type=\"widget\" data-widget_type=\"text-editor.default\">\n<div class=\"elementor-widget-container\">\n<div class=\"et_pb_module et_pb_text et_pb_text_13 et_pb_text_align_left et_pb_bg_layout_light\">\n<div class=\"et_pb_text_inner\">\n<p>L\u00fchikoolitus aitamaks paremini m\u00f5ista ennast ning oma partnerit.<\/p>\n<p><strong>FORMAAT<\/strong><br \/>\nKoolitus on salvestatud video- ja audiokoolitusena. Lisanduvad t\u00f6\u00f6lehed.<\/p>\n<p><strong>KESTVUS<\/strong><br \/>\n1h 10 min<\/p>\n<\/div>\n<p><strong>KOOLITAJAD<br \/>\n<\/strong>Kaia Kapsta-Forrester ja Kristina Tamm. M\u00f5lemad on sertifitseeritud paarisuhte koolitajad ja igap\u00e4evaselt tegutsevad pikaajalise staa\u017aiga ps\u00fchhoterapeudid.<\/p>\n<\/div>\n<\/div>\n<\/div>\n<\/div>\n<\/div>","protected":false},"featured_media":11452,"template":"","meta":{"site-sidebar-layout":"default","site-content-layout":"default","ast-site-content-layout":"","site-content-style":"default","site-sidebar-style":"default","ast-global-header-display":"","ast-banner-title-visibility":"","ast-main-header-display":"","ast-hfb-above-header-display":"","ast-hfb-below-header-display":"","ast-hfb-mobile-header-display":"","site-post-title":"","ast-breadcrumbs-content":"","ast-featured-img":"","footer-sml-layout":"","theme-transparent-header-meta":"default","adv-header-id-meta":"","stick-header-meta":"","header-above-stick-meta":"","header-main-stick-meta":"","header-below-stick-meta":"","astra-migrate-meta-layouts":"default","ast-page-background-enabled":"default","ast-page-background-meta":{"desktop":{"background-color":"var(--ast-global-color-4)","background-image":"","background-repeat":"repeat","background-position":"center center","background-size":"auto","background-attachment":"scroll","background-type":"","background-media":"","overlay-type":"","overlay-color":"","overlay-opacity":"","overlay-gradient":""},"tablet":{"background-color":"","background-image":"","background-repeat":"repeat","background-position":"center center","background-size":"auto","background-attachment":"scroll","background-type":"","background-media":"","overlay-type":"","overlay-color":"","overlay-opacity":"","overlay-gradient":""},"mobile":{"background-color":"","background-image":"","background-repeat":"repeat","background-position":"center center","background-size":"auto","background-attachment":"scroll","background-type":"","background-media":"","overlay-type":"","overlay-color":"","overlay-opacity":"","overlay-gradient":""}},"ast-content-background-meta":{"desktop":{"background-color":"var(--ast-global-color-5)","background-image":"","background-repeat":"repeat","background-position":"center center","background-size":"auto","background-attachment":"scroll","background-type":"","background-media":"","overlay-type":"","overlay-color":"","overlay-opacity":"","overlay-gradient":""},"tablet":{"background-color":"var(--ast-global-color-5)","background-image":"","background-repeat":"repeat","background-position":"center center","background-size":"auto","background-attachment":"scroll","background-type":"","background-media":"","overlay-type":"","overlay-color":"","overlay-opacity":"","overlay-gradient":""},"mobile":{"background-color":"var(--ast-global-color-5)","background-image":"","background-repeat":"repeat","background-position":"center center","background-size":"auto","background-attachment":"scroll","background-type":"","background-media":"","overlay-type":"","overlay-color":"","overlay-opacity":"","overlay-gradient":""}}},"product_cat":[120,121,74],"product_tag":[],"class_list":{"0":"post-11155","1":"product","2":"type-product","3":"status-publish","4":"has-post-thumbnail","6":"product_cat-paaridele","7":"product_cat-peredele","8":"product_cat-uksikisikutele","9":"desktop-align-left","10":"tablet-align-left","11":"mobile-align-left","13":"first","14":"instock","15":"sale","16":"virtual","17":"purchasable","18":"product-type-simple"},"yoast_head":"<!-- This site is optimized with the Yoast SEO plugin v24.2 - https:\/\/yoast.com\/wordpress\/plugins\/seo\/ -->\n<title>VIDEOKOOLITUS - Kaia Kapsta-Forrester<\/title>\n<meta name=\"robots\" content=\"index, follow, max-snippet:-1, max-image-preview:large, max-video-preview:-1\" \/>\n<link rel=\"canonical\" href=\"https:\/\/kaiakapsta.com\/en\/product\/videokoolitus\/\" \/>\n<meta property=\"og:locale\" content=\"en_US\" \/>\n<meta property=\"og:type\" content=\"article\" \/>\n<meta property=\"og:title\" content=\"VIDEOKOOLITUS - Kaia Kapsta-Forrester\" \/>\n<meta property=\"og:description\" content=\"Kuidas s\u00e4ilitada h\u00e4id pere- ja paarisuhteid rasketel aegadel          L\u00fchikoolitus aitamaks paremini m\u00f5ista ennast ning oma partnerit.  FORMAAT Koolitus on salvestatud video- ja audiokoolitusena. Lisanduvad t\u00f6\u00f6lehed.  KESTVUS 1h 10 min   KOOLITAJAD Kaia Kapsta-Forrester ja Kristina Tamm. M\u00f5lemad on sertifitseeritud paarisuhte koolitajad ja igap\u00e4evaselt tegutsevad pikaajalise staa\u017aiga ps\u00fchhoterapeudid.\" \/>\n<meta property=\"og:url\" content=\"https:\/\/kaiakapsta.com\/en\/product\/videokoolitus\/\" \/>\n<meta property=\"og:site_name\" content=\"Kaia Kapsta-Forrester\" \/>\n<meta property=\"article:modified_time\" content=\"2023-05-12T09:47:18+00:00\" \/>\n<meta property=\"og:image\" content=\"https:\/\/kaiakapsta.com\/wp-content\/uploads\/2023\/05\/pexels-emrah-ayvali-2020312-scaled.jpg\" \/>\n\t<meta property=\"og:image:width\" content=\"1828\" \/>\n\t<meta property=\"og:image:height\" content=\"2560\" \/>\n\t<meta property=\"og:image:type\" content=\"image\/jpeg\" \/>\n<meta name=\"twitter:card\" content=\"summary_large_image\" \/>\n<meta name=\"twitter:label1\" content=\"Est. reading time\" \/>\n\t<meta name=\"twitter:data1\" content=\"1 minute\" \/>\n<script type=\"application\/ld+json\" class=\"yoast-schema-graph\">{\"@context\":\"https:\/\/schema.org\",\"@graph\":[{\"@type\":\"WebPage\",\"@id\":\"https:\/\/kaiakapsta.com\/toode\/videokoolitus\/\",\"url\":\"https:\/\/kaiakapsta.com\/toode\/videokoolitus\/\",\"name\":\"VIDEOKOOLITUS - Kaia Kapsta-Forrester\",\"isPartOf\":{\"@id\":\"https:\/\/kaiakapsta.com\/#website\"},\"primaryImageOfPage\":{\"@id\":\"https:\/\/kaiakapsta.com\/toode\/videokoolitus\/#primaryimage\"},\"image\":{\"@id\":\"https:\/\/kaiakapsta.com\/toode\/videokoolitus\/#primaryimage\"},\"thumbnailUrl\":\"https:\/\/kaiakapsta.com\/wp-content\/uploads\/2023\/05\/pexels-emrah-ayvali-2020312-scaled.jpg\",\"datePublished\":\"2023-02-09T08:11:46+00:00\",\"dateModified\":\"2023-05-12T09:47:18+00:00\",\"breadcrumb\":{\"@id\":\"https:\/\/kaiakapsta.com\/toode\/videokoolitus\/#breadcrumb\"},\"inLanguage\":\"en-US\",\"potentialAction\":[{\"@type\":\"ReadAction\",\"target\":[\"https:\/\/kaiakapsta.com\/toode\/videokoolitus\/\"]}]},{\"@type\":\"ImageObject\",\"inLanguage\":\"en-US\",\"@id\":\"https:\/\/kaiakapsta.com\/toode\/videokoolitus\/#primaryimage\",\"url\":\"https:\/\/kaiakapsta.com\/wp-content\/uploads\/2023\/05\/pexels-emrah-ayvali-2020312-scaled.jpg\",\"contentUrl\":\"https:\/\/kaiakapsta.com\/wp-content\/uploads\/2023\/05\/pexels-emrah-ayvali-2020312-scaled.jpg\",\"width\":1828,\"height\":2560},{\"@type\":\"BreadcrumbList\",\"@id\":\"https:\/\/kaiakapsta.com\/toode\/videokoolitus\/#breadcrumb\",\"itemListElement\":[{\"@type\":\"ListItem\",\"position\":1,\"name\":\"Home\",\"item\":\"https:\/\/kaiakapsta.com\/\"},{\"@type\":\"ListItem\",\"position\":2,\"name\":\"Products\",\"item\":\"https:\/\/kaiakapsta.com\/en\/shop\/\"},{\"@type\":\"ListItem\",\"position\":3,\"name\":\"VIDEOKOOLITUS\"}]},{\"@type\":\"WebSite\",\"@id\":\"https:\/\/kaiakapsta.com\/#website\",\"url\":\"https:\/\/kaiakapsta.com\/\",\"name\":\"Kaia Kapsta-Forrester\",\"description\":\"\u00dchendades \u00fchendusi\",\"publisher\":{\"@id\":\"https:\/\/kaiakapsta.com\/#organization\"},\"potentialAction\":[{\"@type\":\"SearchAction\",\"target\":{\"@type\":\"EntryPoint\",\"urlTemplate\":\"https:\/\/kaiakapsta.com\/?s={search_term_string}\"},\"query-input\":{\"@type\":\"PropertyValueSpecification\",\"valueRequired\":true,\"valueName\":\"search_term_string\"}}],\"inLanguage\":\"en-US\"},{\"@type\":\"Organization\",\"@id\":\"https:\/\/kaiakapsta.com\/#organization\",\"name\":\"Kaia Kapsta-Forrester\",\"url\":\"https:\/\/kaiakapsta.com\/\",\"logo\":{\"@type\":\"ImageObject\",\"inLanguage\":\"en-US\",\"@id\":\"https:\/\/kaiakapsta.com\/#\/schema\/logo\/image\/\",\"url\":\"https:\/\/kaiakapsta.com\/wp-content\/uploads\/2022\/12\/Kaia-logo-3.png\",\"contentUrl\":\"https:\/\/kaiakapsta.com\/wp-content\/uploads\/2022\/12\/Kaia-logo-3.png\",\"width\":725,\"height\":215,\"caption\":\"Kaia Kapsta-Forrester\"},\"image\":{\"@id\":\"https:\/\/kaiakapsta.com\/#\/schema\/logo\/image\/\"}}]}<\/script>\n<!-- \/ Yoast SEO plugin. -->","yoast_head_json":{"title":"VIDEOKOOLITUS - Kaia Kapsta-Forrester","robots":{"index":"index","follow":"follow","max-snippet":"max-snippet:-1","max-image-preview":"max-image-preview:large","max-video-preview":"max-video-preview:-1"},"canonical":"https:\/\/kaiakapsta.com\/en\/product\/videokoolitus\/","og_locale":"en_US","og_type":"article","og_title":"VIDEOKOOLITUS - Kaia Kapsta-Forrester","og_description":"Kuidas s\u00e4ilitada h\u00e4id pere- ja paarisuhteid rasketel aegadel          L\u00fchikoolitus aitamaks paremini m\u00f5ista ennast ning oma partnerit.  FORMAAT Koolitus on salvestatud video- ja audiokoolitusena. Lisanduvad t\u00f6\u00f6lehed.  KESTVUS 1h 10 min   KOOLITAJAD Kaia Kapsta-Forrester ja Kristina Tamm. M\u00f5lemad on sertifitseeritud paarisuhte koolitajad ja igap\u00e4evaselt tegutsevad pikaajalise staa\u017aiga ps\u00fchhoterapeudid.","og_url":"https:\/\/kaiakapsta.com\/en\/product\/videokoolitus\/","og_site_name":"Kaia Kapsta-Forrester","article_modified_time":"2023-05-12T09:47:18+00:00","og_image":[{"width":1828,"height":2560,"url":"https:\/\/kaiakapsta.com\/wp-content\/uploads\/2023\/05\/pexels-emrah-ayvali-2020312-scaled.jpg","type":"image\/jpeg"}],"twitter_card":"summary_large_image","twitter_misc":{"Est. reading time":"1 minute"},"schema":{"@context":"https:\/\/schema.org","@graph":[{"@type":"WebPage","@id":"https:\/\/kaiakapsta.com\/toode\/videokoolitus\/","url":"https:\/\/kaiakapsta.com\/toode\/videokoolitus\/","name":"VIDEOKOOLITUS - Kaia Kapsta-Forrester","isPartOf":{"@id":"https:\/\/kaiakapsta.com\/#website"},"primaryImageOfPage":{"@id":"https:\/\/kaiakapsta.com\/toode\/videokoolitus\/#primaryimage"},"image":{"@id":"https:\/\/kaiakapsta.com\/toode\/videokoolitus\/#primaryimage"},"thumbnailUrl":"https:\/\/kaiakapsta.com\/wp-content\/uploads\/2023\/05\/pexels-emrah-ayvali-2020312-scaled.jpg","datePublished":"2023-02-09T08:11:46+00:00","dateModified":"2023-05-12T09:47:18+00:00","breadcrumb":{"@id":"https:\/\/kaiakapsta.com\/toode\/videokoolitus\/#breadcrumb"},"inLanguage":"en-US","potentialAction":[{"@type":"ReadAction","target":["https:\/\/kaiakapsta.com\/toode\/videokoolitus\/"]}]},{"@type":"ImageObject","inLanguage":"en-US","@id":"https:\/\/kaiakapsta.com\/toode\/videokoolitus\/#primaryimage","url":"https:\/\/kaiakapsta.com\/wp-content\/uploads\/2023\/05\/pexels-emrah-ayvali-2020312-scaled.jpg","contentUrl":"https:\/\/kaiakapsta.com\/wp-content\/uploads\/2023\/05\/pexels-emrah-ayvali-2020312-scaled.jpg","width":1828,"height":2560},{"@type":"BreadcrumbList","@id":"https:\/\/kaiakapsta.com\/toode\/videokoolitus\/#breadcrumb","itemListElement":[{"@type":"ListItem","position":1,"name":"Home","item":"https:\/\/kaiakapsta.com\/"},{"@type":"ListItem","position":2,"name":"Products","item":"https:\/\/kaiakapsta.com\/en\/shop\/"},{"@type":"ListItem","position":3,"name":"VIDEOKOOLITUS"}]},{"@type":"WebSite","@id":"https:\/\/kaiakapsta.com\/#website","url":"https:\/\/kaiakapsta.com\/","name":"Kaia Kapsta-Forrester","description":"\u00dchendades \u00fchendusi","publisher":{"@id":"https:\/\/kaiakapsta.com\/#organization"},"potentialAction":[{"@type":"SearchAction","target":{"@type":"EntryPoint","urlTemplate":"https:\/\/kaiakapsta.com\/?s={search_term_string}"},"query-input":{"@type":"PropertyValueSpecification","valueRequired":true,"valueName":"search_term_string"}}],"inLanguage":"en-US"},{"@type":"Organization","@id":"https:\/\/kaiakapsta.com\/#organization","name":"Kaia Kapsta-Forrester","url":"https:\/\/kaiakapsta.com\/","logo":{"@type":"ImageObject","inLanguage":"en-US","@id":"https:\/\/kaiakapsta.com\/#\/schema\/logo\/image\/","url":"https:\/\/kaiakapsta.com\/wp-content\/uploads\/2022\/12\/Kaia-logo-3.png","contentUrl":"https:\/\/kaiakapsta.com\/wp-content\/uploads\/2022\/12\/Kaia-logo-3.png","width":725,"height":215,"caption":"Kaia Kapsta-Forrester"},"image":{"@id":"https:\/\/kaiakapsta.com\/#\/schema\/logo\/image\/"}}]}},"_links":{"self":[{"href":"https:\/\/kaiakapsta.com\/en\/wp-json\/wp\/v2\/product\/11155"}],"collection":[{"href":"https:\/\/kaiakapsta.com\/en\/wp-json\/wp\/v2\/product"}],"about":[{"href":"https:\/\/kaiakapsta.com\/en\/wp-json\/wp\/v2\/types\/product"}],"version-history":[{"count":5,"href":"https:\/\/kaiakapsta.com\/en\/wp-json\/wp\/v2\/product\/11155\/revisions"}],"predecessor-version":[{"id":11160,"href":"https:\/\/kaiakapsta.com\/en\/wp-json\/wp\/v2\/product\/11155\/revisions\/11160"}],"wp:featuredmedia":[{"embeddable":true,"href":"https:\/\/kaiakapsta.com\/en\/wp-json\/wp\/v2\/media\/11452"}],"wp:attachment":[{"href":"https:\/\/kaiakapsta.com\/en\/wp-json\/wp\/v2\/media?parent=11155"}],"wp:term":[{"taxonomy":"product_cat","embeddable":true,"href":"https:\/\/kaiakapsta.com\/en\/wp-json\/wp\/v2\/product_cat?post=11155"},{"taxonomy":"product_tag","embeddable":true,"href":"https:\/\/kaiakapsta.com\/en\/wp-json\/wp\/v2\/product_tag?post=11155"}],"curies":[{"name":"wp","href":"https:\/\/api.w.org\/{rel}","templated":true}]}}