{"id":12336,"date":"2025-09-02T13:05:20","date_gmt":"2025-09-02T10:05:20","guid":{"rendered":"https:\/\/kaiakapsta.com\/?page_id=12336"},"modified":"2025-09-11T06:50:43","modified_gmt":"2025-09-11T03:50:43","slug":"psuhhodraama-on-grupitoo","status":"publish","type":"page","link":"https:\/\/kaiakapsta.com\/en\/psuhhodraama-on-grupitoo\/","title":{"rendered":"PS\u00dcHHODRAAMA on grupit\u00f6\u00f6"},"content":{"rendered":"<div data-elementor-type=\"wp-page\" data-elementor-id=\"12336\" class=\"elementor elementor-12336\">\n\t\t\t\t\t\t<section class=\"elementor-section elementor-top-section elementor-element elementor-element-7f1e73c elementor-section-boxed elementor-section-height-default elementor-section-height-default\" data-id=\"7f1e73c\" data-element_type=\"section\" data-settings=\"{&quot;background_background&quot;:&quot;classic&quot;}\">\n\t\t\t\t\t\t<div class=\"elementor-container elementor-column-gap-no\">\n\t\t\t\t\t<div class=\"elementor-column elementor-col-100 elementor-top-column elementor-element elementor-element-67308083\" data-id=\"67308083\" data-element_type=\"column\">\n\t\t\t<div class=\"elementor-widget-wrap elementor-element-populated\">\n\t\t\t\t\t\t<div class=\"elementor-element elementor-element-6ad6df8 elementor-widget elementor-widget-heading\" data-id=\"6ad6df8\" data-element_type=\"widget\" data-widget_type=\"heading.default\">\n\t\t\t\t<div class=\"elementor-widget-container\">\n\t\t\t\t\t<h2 class=\"elementor-heading-title elementor-size-default\">PS\u00dcHHODRAAMA GRUPP: ELUSPIRAAL. ARENGUH\u00dcPE.<\/h2>\t\t\t\t<\/div>\n\t\t\t\t<\/div>\n\t\t\t\t\t<\/div>\n\t\t<\/div>\n\t\t\t\t\t<\/div>\n\t\t<\/section>\n\t\t<div class=\"elementor-element elementor-element-a9e9d9c e-flex e-con-boxed e-con e-parent\" data-id=\"a9e9d9c\" data-element_type=\"container\">\n\t\t\t\t\t<div class=\"e-con-inner\">\n\t\t<div class=\"elementor-element elementor-element-e98148a e-con-full e-flex e-con e-child\" data-id=\"e98148a\" data-element_type=\"container\">\n\t\t\t\t<div class=\"elementor-element elementor-element-a124b1c elementor-widget elementor-widget-image\" data-id=\"a124b1c\" data-element_type=\"widget\" data-widget_type=\"image.default\">\n\t\t\t\t<div class=\"elementor-widget-container\">\n\t\t\t\t\t\t\t\t\t\t\t\t\t\t\t<img fetchpriority=\"high\" decoding=\"async\" width=\"1024\" height=\"1024\" src=\"https:\/\/kaiakapsta.com\/wp-content\/uploads\/2025\/09\/Psuhhodraama-1024x1024.jpg\" class=\"attachment-large size-large wp-image-12343\" alt=\"\" srcset=\"https:\/\/kaiakapsta.com\/wp-content\/uploads\/2025\/09\/Psuhhodraama-1024x1024.jpg 1024w, https:\/\/kaiakapsta.com\/wp-content\/uploads\/2025\/09\/Psuhhodraama-300x300.jpg 300w, https:\/\/kaiakapsta.com\/wp-content\/uploads\/2025\/09\/Psuhhodraama-150x150.jpg 150w, https:\/\/kaiakapsta.com\/wp-content\/uploads\/2025\/09\/Psuhhodraama-768x768.jpg 768w, https:\/\/kaiakapsta.com\/wp-content\/uploads\/2025\/09\/Psuhhodraama-1536x1536.jpg 1536w, https:\/\/kaiakapsta.com\/wp-content\/uploads\/2025\/09\/Psuhhodraama-2048x2048.jpg 2048w, https:\/\/kaiakapsta.com\/wp-content\/uploads\/2025\/09\/Psuhhodraama-12x12.jpg 12w, https:\/\/kaiakapsta.com\/wp-content\/uploads\/2025\/09\/Psuhhodraama-600x600.jpg 600w, https:\/\/kaiakapsta.com\/wp-content\/uploads\/2025\/09\/Psuhhodraama-100x100.jpg 100w\" sizes=\"(max-width: 1024px) 100vw, 1024px\" \/>\t\t\t\t\t\t\t\t\t\t\t\t\t\t\t<\/div>\n\t\t\t\t<\/div>\n\t\t\t\t<\/div>\n\t\t<div class=\"elementor-element elementor-element-122cd8f e-con-full e-flex e-con e-child\" data-id=\"122cd8f\" data-element_type=\"container\">\n\t\t\t\t<div class=\"elementor-element elementor-element-b0784f6 elementor-widget elementor-widget-text-editor\" data-id=\"b0784f6\" data-element_type=\"widget\" data-widget_type=\"text-editor.default\">\n\t\t\t\t<div class=\"elementor-widget-container\">\n\t\t\t\t\t\t\t\t\t<p><strong>Grupp on m\u00f5eldud neile, <\/strong>kes soovivad turvalise grupid\u00fcnaamika toel avardada oma arusaamist iseendast, isiklikust potentsiaalist ja v\u00f5imalustest, kasutades loovaid, tegevuslikke ja imaginaalseid l\u00e4henemisi.<\/p><p>Oodatud on k\u00f5ik, kes on avatud loovatele ja m\u00e4ngulistele, individuaal- ning \u00fchistegevustele ja millegi uue katsetamisele.<\/p><p><strong>TEEMA<\/strong>:<\/p><ul><li>Soovitud muutuse esilekutsumine iseendas;<\/li><li>Julgus teha midagi, mis varem tundus v\u00f5imatu;\u00a0<\/li><li>Sisemise takistuse \u00fcletamine;\u00a0<\/li><li>V\u00f5imaluste teadvustamine uues kohas p\u00fcsimaj\u00e4\u00e4miseks \u2013 ARENGUH\u00dcPE.\u00a0<\/li><\/ul><p>\u00a0<\/p><p><em>\u201cPs\u00fchhodraama laval saab luua k\u00f5ike, mida saab ette kujutada\u2026. <\/em><em>L\u00e4bi lisareaalsuse on inimesel v\u00f5imalik siseneda tundmatusse, kasutada oma kujutlusi ja fantaasiaid ja saada oma elu loojaks\u201d.<\/em>\u00a0Ali Watersong.\u00a0<\/p><p><strong>TUTVUSTAVAD EELKOHTUMISED:<\/strong><\/p><p>Tutvustavad eelkohtumised ruumis (eelregistreerumisega allolevas vormis v\u00f5i aadressil <a href=\"mailto:therapy@kaiakapsta.com\">therapy@kaiakapsta.com<\/a>).<\/p><ol start=\"10\"><li>ja 16. septembril<\/li><\/ol><p><strong>AADRESS<\/strong>: Weizenbergi 6-2<br \/><strong>KELLAAEG<\/strong>: 18:00-20:00<br \/><strong>HIND<\/strong>: 25 \u20ac (varem grupis osalenutele TASUTA)<\/p><p>Registreerumine l\u00e4bi sellel lehel oleva registreerumisvormi.<\/p><p><strong>LISAINFO JA REGISTREERUMISEGA SEOTUD K\u00dcSIMUSED: <\/strong><a href=\"mailto:therapy@kaiakapsta.com\">therapy@kaiakapsta.com<\/a>, \u00a0\u00a0\u00a0\u00a0\u00a0\u00a0\u00a0\u00a0\u00a0\u00a0Mob.: 56460262 (Kaia Kapsta-Forrester)<\/p><p><strong>MEETODID:<\/strong>\u00a0 L\u00e4htume grupi juhendamisel nii imaginaalse ps\u00fchhodraama v\u00f5imalustest, kui ka teistest grupit\u00f6\u00f6 meetoditest ja rituaalidest. Pikas kinnises grupis saab terapeutide juhtimisel turvalise grupid\u00fcnaamika kaudu avada kiht-kihilt oma autentset olemust ja enda kohta maailmas.\u00a0Ann E. Hale&#8217;i TERVENDAVA AASTARINGI iga sektor t\u00e4histab kindlaid korduvaid d\u00fcnaamikaid arenguspiraalis. Igal uuel ringil on v\u00f5imalik parandada, mis eelmistel ringidel poolikuks j\u00e4i, liikudes j\u00e4rjest enam oma autentsuse poole.<br \/><br \/>VASTAND-ARHET\u00dc\u00dcBID toetavad korduvate mustrite ja uute perspektiivide ning k\u00e4itumiste avastamisel. Ps\u00fchhodramaatiliselt \u00f6eldes toetavad nad rollirepertuaari avardamist.\u00a0<br \/><br \/><strong>L\u00c4BIVIIJAD<\/strong>: Ethel Kings ja\u00a0Kaia Kapsta-Forrester<\/p><p>Ethel on loovisikust ps\u00fchhodraama ja loovterapeut, coach ning superviisor.\u00a0<\/p><p>Kaia on teatri taustaga ps\u00fchhodraama praktik, pikaaegse kogemusega suhtekoolitaja ja ps\u00fchhoterapeut.<\/p><p><br \/><strong>GRUPI TOIMUMISE KUUP\u00c4EVAD ja AEG:<\/strong> 8 kahep\u00e4evast kohtumist reede p\u00e4rast\u00f5unal 16.00-19.00 ja laup\u00e4eval 11.00-18.30 (l\u00f5unapaus 14.30-16.00):<br \/><br \/>26.-27. sept, 24-25. okt, 21-22. nov, 23-24. jaan, 27-28. veeb, 27-28. m\u00e4rts 24-25. apr ja 22-23. mai.<br \/><br \/><strong>AADRESS:<\/strong> Weizenbergi 6, Kadriorg, Tallinn<\/p><p><strong>KOHTI:<\/strong> 12<br \/><br \/><strong>HIND:<\/strong> 1440\u20ac<br \/>Tasuda saab ka osade kaupa<br \/><br \/>Hind sisaldab v\u00f5imalust individuaalseks konsultatsiooniks seoses grupis esile kerkinud teemadega.<br \/><br \/><strong>OSALEJA TAGASISIDE:<\/strong> (Tiivi, \u00f5ppevaldkonna juht): &#8220;Ps\u00fchhodraama grupis osalemine on t\u00f5eliselt inspireeriv kogemus \u2013 avastad end, saad t\u00f6\u00f6riistad ja julguse liikuda sinna, kuhu oled alati soovinud j\u00f5uda.&#8221;<\/p><p>\u00a0<\/p>\t\t\t\t\t\t\t\t<\/div>\n\t\t\t\t<\/div>\n\t\t\t\t<\/div>\n\t\t\t\t\t<\/div>\n\t\t\t\t<\/div>\n\t\t<div class=\"elementor-element elementor-element-0b83201 e-flex e-con-boxed e-con e-parent\" data-id=\"0b83201\" data-element_type=\"container\">\n\t\t\t\t\t<div class=\"e-con-inner\">\n\t\t<div class=\"elementor-element elementor-element-820afe6 e-con-full e-flex e-con e-child\" data-id=\"820afe6\" data-element_type=\"container\">\n\t\t\t\t<div class=\"elementor-element elementor-element-43d8d27 elementor-widget elementor-widget-heading\" data-id=\"43d8d27\" data-element_type=\"widget\" data-widget_type=\"heading.default\">\n\t\t\t\t<div class=\"elementor-widget-container\">\n\t\t\t\t\t<h2 class=\"elementor-heading-title elementor-size-default\">Registreeru gruppi:<\/h2>\t\t\t\t<\/div>\n\t\t\t\t<\/div>\n\t\t\t\t<div class=\"elementor-element elementor-element-6b97781 elementor-widget elementor-widget-heading\" data-id=\"6b97781\" data-element_type=\"widget\" data-widget_type=\"heading.default\">\n\t\t\t\t<div class=\"elementor-widget-container\">\n\t\t\t\t\t<h4 class=\"elementor-heading-title elementor-size-default\">Registreeru 10.09 v\u00f5i 16.09 kell 18.00-20.00 TASUTA eelkohtumisele ruumis Weizenbergi 6-2:<\/h4>\t\t\t\t<\/div>\n\t\t\t\t<\/div>\n\t\t\t\t<div class=\"elementor-element elementor-element-d9f65f8 elementor-widget elementor-widget-wpforms\" data-id=\"d9f65f8\" data-element_type=\"widget\" data-widget_type=\"wpforms.default\">\n\t\t\t\t<div class=\"elementor-widget-container\">\n\t\t\t\t\t<div class=\"wpforms-container\" id=\"wpforms-12347\"><form id=\"wpforms-form-12347\" class=\"wpforms-validate wpforms-form wpforms-ajax-form\" data-formid=\"12347\" method=\"post\" enctype=\"multipart\/form-data\" action=\"\/en\/wp-json\/wp\/v2\/pages\/12336\" data-token=\"8dec443e26aa6b459ba70bfeb40b2c4b\" data-token-time=\"1776614149\" data-trp-original-action=\"\/en\/wp-json\/wp\/v2\/pages\/12336\"><noscript class=\"wpforms-error-noscript\">Please enable JavaScript in your browser to complete this form.<\/noscript><div class=\"wpforms-field-container\"><div id=\"wpforms-12347-field_4-container\" class=\"wpforms-field wpforms-field-radio\" data-field-id=\"4\"><label class=\"wpforms-field-label\">Soovin osaleda:<\/label><ul id=\"wpforms-12347-field_4\"><li class=\"choice-1 depth-1\"><input type=\"radio\" id=\"wpforms-12347-field_4_1\" name=\"wpforms[fields][4]\" value=\"10.09 grupis\"  ><label class=\"wpforms-field-label-inline\" for=\"wpforms-12347-field_4_1\">10.09 grupis<\/label><\/li><li class=\"choice-2 depth-1\"><input type=\"radio\" id=\"wpforms-12347-field_4_2\" name=\"wpforms[fields][4]\" value=\"16.09 grupis\"  ><label class=\"wpforms-field-label-inline\" for=\"wpforms-12347-field_4_2\">16.09 grupis<\/label><\/li><li class=\"choice-3 depth-1\"><input type=\"radio\" id=\"wpforms-12347-field_4_3\" name=\"wpforms[fields][4]\" value=\"Eelkohtumiste ajad ei sobi, aga olen grupist huvitatud\"  ><label class=\"wpforms-field-label-inline\" for=\"wpforms-12347-field_4_3\">Eelkohtumiste ajad ei sobi, aga olen grupist huvitatud<\/label><\/li><\/ul><\/div><div id=\"wpforms-12347-field_1-container\" class=\"wpforms-field wpforms-field-name\" data-field-id=\"1\"><label class=\"wpforms-field-label\" for=\"wpforms-12347-field_1\">Nimi <span class=\"wpforms-required-label\">*<\/span><\/label><input type=\"text\" id=\"wpforms-12347-field_1\" class=\"wpforms-field-medium wpforms-field-required\" name=\"wpforms[fields][1]\" required><\/div><div id=\"wpforms-12347-field_2-container\" class=\"wpforms-field wpforms-field-email\" data-field-id=\"2\"><label class=\"wpforms-field-label\" for=\"wpforms-12347-field_2\">E-maili aadress <span class=\"wpforms-required-label\">*<\/span><\/label><input type=\"email\" id=\"wpforms-12347-field_2\" class=\"wpforms-field-medium wpforms-field-required\" name=\"wpforms[fields][2]\" spellcheck=\"false\" required><\/div><div id=\"wpforms-12347-field_3-container\" class=\"wpforms-field wpforms-field-textarea\" data-field-id=\"3\"><label class=\"wpforms-field-label\" for=\"wpforms-12347-field_3\">Kirjuta, kui Sul peaks olema k\u00fcsimusi.<\/label><textarea id=\"wpforms-12347-field_3\" class=\"wpforms-field-medium\" name=\"wpforms[fields][3]\" ><\/textarea><\/div><\/div><!-- .wpforms-field-container --><div class=\"wpforms-submit-container\" ><input type=\"hidden\" name=\"wpforms[id]\" value=\"12347\"><input type=\"hidden\" name=\"page_title\" value=\"\"><input type=\"hidden\" name=\"page_url\" value=\"https:\/\/kaiakapsta.com\/en\/wp-json\/wp\/v2\/pages\/12336\"><button type=\"submit\" name=\"wpforms[submit]\" id=\"wpforms-submit-12347\" class=\"wpforms-submit\" data-alt-text=\"Saatmine...\" data-submit-text=\"REGISTREERUN\" aria-live=\"assertive\" value=\"wpforms-submit\">REGISTREERUN<\/button><img decoding=\"async\" src=\"https:\/\/kaiakapsta.com\/wp-content\/plugins\/wpforms-lite\/assets\/images\/submit-spin.svg\" class=\"wpforms-submit-spinner\" style=\"display: none;\" width=\"26\" height=\"26\" alt=\"Loading\"><\/div><input type=\"hidden\" name=\"trp-form-language\" value=\"en\"\/><\/form><\/div>  <!-- .wpforms-container -->\t\t\t\t<\/div>\n\t\t\t\t<\/div>\n\t\t\t\t<\/div>\n\t\t\t\t\t<\/div>\n\t\t\t\t<\/div>\n\t\t\t\t<\/div>","protected":false},"excerpt":{"rendered":"<p>PS\u00dcHHODRAAMA GRUPP: ELUSPIRAAL. ARENGUH\u00dcPE. Grupp on m\u00f5eldud neile, kes soovivad turvalise grupid\u00fcnaamika toel avardada oma arusaamist iseendast, isiklikust potentsiaalist ja v\u00f5imalustest, kasutades loovaid, tegevuslikke ja imaginaalseid l\u00e4henemisi. Oodatud on k\u00f5ik, kes on avatud loovatele ja m\u00e4ngulistele, individuaal- ning \u00fchistegevustele ja millegi uue katsetamisele. TEEMA: Soovitud muutuse esilekutsumine iseendas; Julgus teha midagi, mis varem tundus v\u00f5imatu;\u00a0 [&hellip;]<\/p>","protected":false},"author":5,"featured_media":0,"parent":0,"menu_order":0,"comment_status":"closed","ping_status":"closed","template":"","meta":{"site-sidebar-layout":"no-sidebar","site-content-layout":"page-builder","ast-site-content-layout":"full-width-container","site-content-style":"unboxed","site-sidebar-style":"unboxed","ast-global-header-display":"","ast-banner-title-visibility":"","ast-main-header-display":"","ast-hfb-above-header-display":"","ast-hfb-below-header-display":"","ast-hfb-mobile-header-display":"","site-post-title":"disabled","ast-breadcrumbs-content":"","ast-featured-img":"disabled","footer-sml-layout":"","theme-transparent-header-meta":"","adv-header-id-meta":"","stick-header-meta":"","header-above-stick-meta":"","header-main-stick-meta":"","header-below-stick-meta":"","astra-migrate-meta-layouts":"set","ast-page-background-enabled":"default","ast-page-background-meta":{"desktop":{"background-color":"var(--ast-global-color-4)","background-image":"","background-repeat":"repeat","background-position":"center center","background-size":"auto","background-attachment":"scroll","background-type":"","background-media":"","overlay-type":"","overlay-color":"","overlay-opacity":"","overlay-gradient":""},"tablet":{"background-color":"","background-image":"","background-repeat":"repeat","background-position":"center center","background-size":"auto","background-attachment":"scroll","background-type":"","background-media":"","overlay-type":"","overlay-color":"","overlay-opacity":"","overlay-gradient":""},"mobile":{"background-color":"","background-image":"","background-repeat":"repeat","background-position":"center center","background-size":"auto","background-attachment":"scroll","background-type":"","background-media":"","overlay-type":"","overlay-color":"","overlay-opacity":"","overlay-gradient":""}},"ast-content-background-meta":{"desktop":{"background-color":"var(--ast-global-color-5)","background-image":"","background-repeat":"repeat","background-position":"center center","background-size":"auto","background-attachment":"scroll","background-type":"","background-media":"","overlay-type":"","overlay-color":"","overlay-opacity":"","overlay-gradient":""},"tablet":{"background-color":"var(--ast-global-color-5)","background-image":"","background-repeat":"repeat","background-position":"center center","background-size":"auto","background-attachment":"scroll","background-type":"","background-media":"","overlay-type":"","overlay-color":"","overlay-opacity":"","overlay-gradient":""},"mobile":{"background-color":"var(--ast-global-color-5)","background-image":"","background-repeat":"repeat","background-position":"center center","background-size":"auto","background-attachment":"scroll","background-type":"","background-media":"","overlay-type":"","overlay-color":"","overlay-opacity":"","overlay-gradient":""}},"footnotes":""},"class_list":["post-12336","page","type-page","status-publish","hentry"],"yoast_head":"<!-- This site is optimized with the Yoast SEO plugin v24.2 - https:\/\/yoast.com\/wordpress\/plugins\/seo\/ -->\n<title>PS\u00dcHHODRAAMA on grupit\u00f6\u00f6 - Kaia Kapsta-Forrester<\/title>\n<meta name=\"robots\" content=\"index, follow, max-snippet:-1, max-image-preview:large, max-video-preview:-1\" \/>\n<link rel=\"canonical\" href=\"https:\/\/kaiakapsta.com\/en\/psuhhodraama-on-grupitoo\/\" \/>\n<meta property=\"og:locale\" content=\"en_US\" \/>\n<meta property=\"og:type\" content=\"article\" \/>\n<meta property=\"og:title\" content=\"PS\u00dcHHODRAAMA on grupit\u00f6\u00f6 - Kaia Kapsta-Forrester\" \/>\n<meta property=\"og:description\" content=\"PS\u00dcHHODRAAMA GRUPP: ELUSPIRAAL. ARENGUH\u00dcPE. Grupp on m\u00f5eldud neile, kes soovivad turvalise grupid\u00fcnaamika toel avardada oma arusaamist iseendast, isiklikust potentsiaalist ja v\u00f5imalustest, kasutades loovaid, tegevuslikke ja imaginaalseid l\u00e4henemisi. Oodatud on k\u00f5ik, kes on avatud loovatele ja m\u00e4ngulistele, individuaal- ning \u00fchistegevustele ja millegi uue katsetamisele. TEEMA: Soovitud muutuse esilekutsumine iseendas; Julgus teha midagi, mis varem tundus v\u00f5imatu;\u00a0 [&hellip;]\" \/>\n<meta property=\"og:url\" content=\"https:\/\/kaiakapsta.com\/en\/psuhhodraama-on-grupitoo\/\" \/>\n<meta property=\"og:site_name\" content=\"Kaia Kapsta-Forrester\" \/>\n<meta property=\"article:modified_time\" content=\"2025-09-11T03:50:43+00:00\" \/>\n<meta property=\"og:image\" content=\"https:\/\/kaiakapsta.com\/wp-content\/uploads\/2025\/09\/Psuhhodraama-1024x1024.jpg\" \/>\n\t<meta property=\"og:image:width\" content=\"1024\" \/>\n\t<meta property=\"og:image:height\" content=\"1024\" \/>\n\t<meta property=\"og:image:type\" content=\"image\/jpeg\" \/>\n<meta name=\"twitter:card\" content=\"summary_large_image\" \/>\n<meta name=\"twitter:label1\" content=\"Est. reading time\" \/>\n\t<meta name=\"twitter:data1\" content=\"3 minutes\" \/>\n<script type=\"application\/ld+json\" class=\"yoast-schema-graph\">{\"@context\":\"https:\/\/schema.org\",\"@graph\":[{\"@type\":\"WebPage\",\"@id\":\"https:\/\/kaiakapsta.com\/psuhhodraama-on-grupitoo\/\",\"url\":\"https:\/\/kaiakapsta.com\/psuhhodraama-on-grupitoo\/\",\"name\":\"PS\u00dcHHODRAAMA on grupit\u00f6\u00f6 - Kaia Kapsta-Forrester\",\"isPartOf\":{\"@id\":\"https:\/\/kaiakapsta.com\/#website\"},\"primaryImageOfPage\":{\"@id\":\"https:\/\/kaiakapsta.com\/psuhhodraama-on-grupitoo\/#primaryimage\"},\"image\":{\"@id\":\"https:\/\/kaiakapsta.com\/psuhhodraama-on-grupitoo\/#primaryimage\"},\"thumbnailUrl\":\"https:\/\/kaiakapsta.com\/wp-content\/uploads\/2025\/09\/Psuhhodraama-1024x1024.jpg\",\"datePublished\":\"2025-09-02T10:05:20+00:00\",\"dateModified\":\"2025-09-11T03:50:43+00:00\",\"breadcrumb\":{\"@id\":\"https:\/\/kaiakapsta.com\/psuhhodraama-on-grupitoo\/#breadcrumb\"},\"inLanguage\":\"en-US\",\"potentialAction\":[{\"@type\":\"ReadAction\",\"target\":[\"https:\/\/kaiakapsta.com\/psuhhodraama-on-grupitoo\/\"]}]},{\"@type\":\"ImageObject\",\"inLanguage\":\"en-US\",\"@id\":\"https:\/\/kaiakapsta.com\/psuhhodraama-on-grupitoo\/#primaryimage\",\"url\":\"https:\/\/kaiakapsta.com\/wp-content\/uploads\/2025\/09\/Psuhhodraama-1024x1024.jpg\",\"contentUrl\":\"https:\/\/kaiakapsta.com\/wp-content\/uploads\/2025\/09\/Psuhhodraama-1024x1024.jpg\"},{\"@type\":\"BreadcrumbList\",\"@id\":\"https:\/\/kaiakapsta.com\/psuhhodraama-on-grupitoo\/#breadcrumb\",\"itemListElement\":[{\"@type\":\"ListItem\",\"position\":1,\"name\":\"Home\",\"item\":\"https:\/\/kaiakapsta.com\/\"},{\"@type\":\"ListItem\",\"position\":2,\"name\":\"PS\u00dcHHODRAAMA on grupit\u00f6\u00f6\"}]},{\"@type\":\"WebSite\",\"@id\":\"https:\/\/kaiakapsta.com\/#website\",\"url\":\"https:\/\/kaiakapsta.com\/\",\"name\":\"Kaia Kapsta-Forrester\",\"description\":\"\u00dchendades \u00fchendusi\",\"publisher\":{\"@id\":\"https:\/\/kaiakapsta.com\/#organization\"},\"potentialAction\":[{\"@type\":\"SearchAction\",\"target\":{\"@type\":\"EntryPoint\",\"urlTemplate\":\"https:\/\/kaiakapsta.com\/?s={search_term_string}\"},\"query-input\":{\"@type\":\"PropertyValueSpecification\",\"valueRequired\":true,\"valueName\":\"search_term_string\"}}],\"inLanguage\":\"en-US\"},{\"@type\":\"Organization\",\"@id\":\"https:\/\/kaiakapsta.com\/#organization\",\"name\":\"Kaia Kapsta-Forrester\",\"url\":\"https:\/\/kaiakapsta.com\/\",\"logo\":{\"@type\":\"ImageObject\",\"inLanguage\":\"en-US\",\"@id\":\"https:\/\/kaiakapsta.com\/#\/schema\/logo\/image\/\",\"url\":\"https:\/\/kaiakapsta.com\/wp-content\/uploads\/2022\/12\/Kaia-logo-3.png\",\"contentUrl\":\"https:\/\/kaiakapsta.com\/wp-content\/uploads\/2022\/12\/Kaia-logo-3.png\",\"width\":725,\"height\":215,\"caption\":\"Kaia Kapsta-Forrester\"},\"image\":{\"@id\":\"https:\/\/kaiakapsta.com\/#\/schema\/logo\/image\/\"}}]}<\/script>\n<!-- \/ Yoast SEO plugin. -->","yoast_head_json":{"title":"PS\u00dcHHODRAAMA on grupit\u00f6\u00f6 - Kaia Kapsta-Forrester","robots":{"index":"index","follow":"follow","max-snippet":"max-snippet:-1","max-image-preview":"max-image-preview:large","max-video-preview":"max-video-preview:-1"},"canonical":"https:\/\/kaiakapsta.com\/en\/psuhhodraama-on-grupitoo\/","og_locale":"en_US","og_type":"article","og_title":"PS\u00dcHHODRAAMA on grupit\u00f6\u00f6 - Kaia Kapsta-Forrester","og_description":"PS\u00dcHHODRAAMA GRUPP: ELUSPIRAAL. ARENGUH\u00dcPE. Grupp on m\u00f5eldud neile, kes soovivad turvalise grupid\u00fcnaamika toel avardada oma arusaamist iseendast, isiklikust potentsiaalist ja v\u00f5imalustest, kasutades loovaid, tegevuslikke ja imaginaalseid l\u00e4henemisi. Oodatud on k\u00f5ik, kes on avatud loovatele ja m\u00e4ngulistele, individuaal- ning \u00fchistegevustele ja millegi uue katsetamisele. TEEMA: Soovitud muutuse esilekutsumine iseendas; Julgus teha midagi, mis varem tundus v\u00f5imatu;\u00a0 [&hellip;]","og_url":"https:\/\/kaiakapsta.com\/en\/psuhhodraama-on-grupitoo\/","og_site_name":"Kaia Kapsta-Forrester","article_modified_time":"2025-09-11T03:50:43+00:00","og_image":[{"width":1024,"height":1024,"url":"https:\/\/kaiakapsta.com\/wp-content\/uploads\/2025\/09\/Psuhhodraama-1024x1024.jpg","type":"image\/jpeg"}],"twitter_card":"summary_large_image","twitter_misc":{"Est. reading time":"3 minutes"},"schema":{"@context":"https:\/\/schema.org","@graph":[{"@type":"WebPage","@id":"https:\/\/kaiakapsta.com\/psuhhodraama-on-grupitoo\/","url":"https:\/\/kaiakapsta.com\/psuhhodraama-on-grupitoo\/","name":"PS\u00dcHHODRAAMA on grupit\u00f6\u00f6 - Kaia Kapsta-Forrester","isPartOf":{"@id":"https:\/\/kaiakapsta.com\/#website"},"primaryImageOfPage":{"@id":"https:\/\/kaiakapsta.com\/psuhhodraama-on-grupitoo\/#primaryimage"},"image":{"@id":"https:\/\/kaiakapsta.com\/psuhhodraama-on-grupitoo\/#primaryimage"},"thumbnailUrl":"https:\/\/kaiakapsta.com\/wp-content\/uploads\/2025\/09\/Psuhhodraama-1024x1024.jpg","datePublished":"2025-09-02T10:05:20+00:00","dateModified":"2025-09-11T03:50:43+00:00","breadcrumb":{"@id":"https:\/\/kaiakapsta.com\/psuhhodraama-on-grupitoo\/#breadcrumb"},"inLanguage":"en-US","potentialAction":[{"@type":"ReadAction","target":["https:\/\/kaiakapsta.com\/psuhhodraama-on-grupitoo\/"]}]},{"@type":"ImageObject","inLanguage":"en-US","@id":"https:\/\/kaiakapsta.com\/psuhhodraama-on-grupitoo\/#primaryimage","url":"https:\/\/kaiakapsta.com\/wp-content\/uploads\/2025\/09\/Psuhhodraama-1024x1024.jpg","contentUrl":"https:\/\/kaiakapsta.com\/wp-content\/uploads\/2025\/09\/Psuhhodraama-1024x1024.jpg"},{"@type":"BreadcrumbList","@id":"https:\/\/kaiakapsta.com\/psuhhodraama-on-grupitoo\/#breadcrumb","itemListElement":[{"@type":"ListItem","position":1,"name":"Home","item":"https:\/\/kaiakapsta.com\/"},{"@type":"ListItem","position":2,"name":"PS\u00dcHHODRAAMA on grupit\u00f6\u00f6"}]},{"@type":"WebSite","@id":"https:\/\/kaiakapsta.com\/#website","url":"https:\/\/kaiakapsta.com\/","name":"Kaia Kapsta-Forrester","description":"\u00dchendades \u00fchendusi","publisher":{"@id":"https:\/\/kaiakapsta.com\/#organization"},"potentialAction":[{"@type":"SearchAction","target":{"@type":"EntryPoint","urlTemplate":"https:\/\/kaiakapsta.com\/?s={search_term_string}"},"query-input":{"@type":"PropertyValueSpecification","valueRequired":true,"valueName":"search_term_string"}}],"inLanguage":"en-US"},{"@type":"Organization","@id":"https:\/\/kaiakapsta.com\/#organization","name":"Kaia Kapsta-Forrester","url":"https:\/\/kaiakapsta.com\/","logo":{"@type":"ImageObject","inLanguage":"en-US","@id":"https:\/\/kaiakapsta.com\/#\/schema\/logo\/image\/","url":"https:\/\/kaiakapsta.com\/wp-content\/uploads\/2022\/12\/Kaia-logo-3.png","contentUrl":"https:\/\/kaiakapsta.com\/wp-content\/uploads\/2022\/12\/Kaia-logo-3.png","width":725,"height":215,"caption":"Kaia Kapsta-Forrester"},"image":{"@id":"https:\/\/kaiakapsta.com\/#\/schema\/logo\/image\/"}}]}},"_links":{"self":[{"href":"https:\/\/kaiakapsta.com\/en\/wp-json\/wp\/v2\/pages\/12336"}],"collection":[{"href":"https:\/\/kaiakapsta.com\/en\/wp-json\/wp\/v2\/pages"}],"about":[{"href":"https:\/\/kaiakapsta.com\/en\/wp-json\/wp\/v2\/types\/page"}],"author":[{"embeddable":true,"href":"https:\/\/kaiakapsta.com\/en\/wp-json\/wp\/v2\/users\/5"}],"replies":[{"embeddable":true,"href":"https:\/\/kaiakapsta.com\/en\/wp-json\/wp\/v2\/comments?post=12336"}],"version-history":[{"count":29,"href":"https:\/\/kaiakapsta.com\/en\/wp-json\/wp\/v2\/pages\/12336\/revisions"}],"predecessor-version":[{"id":12406,"href":"https:\/\/kaiakapsta.com\/en\/wp-json\/wp\/v2\/pages\/12336\/revisions\/12406"}],"wp:attachment":[{"href":"https:\/\/kaiakapsta.com\/en\/wp-json\/wp\/v2\/media?parent=12336"}],"curies":[{"name":"wp","href":"https:\/\/api.w.org\/{rel}","templated":true}]}}