{"id":12264,"date":"2024-09-21T13:30:11","date_gmt":"2024-09-21T10:30:11","guid":{"rendered":"https:\/\/kaiakapsta.com\/?page_id=12264"},"modified":"2024-09-21T13:50:03","modified_gmt":"2024-09-21T10:50:03","slug":"oppekorraldus","status":"publish","type":"page","link":"https:\/\/kaiakapsta.com\/en\/oppekorraldus\/","title":{"rendered":"\u00d5ppekorraldus"},"content":{"rendered":"<div data-elementor-type=\"wp-page\" data-elementor-id=\"12264\" class=\"elementor elementor-12264\">\n\t\t\t\t<div class=\"elementor-element elementor-element-cc49e85 e-flex e-con-boxed e-con e-parent\" data-id=\"cc49e85\" data-element_type=\"container\">\n\t\t\t\t\t<div class=\"e-con-inner\">\n\t\t\t\t<div class=\"elementor-element elementor-element-9ebf05b elementor-widget elementor-widget-heading\" data-id=\"9ebf05b\" data-element_type=\"widget\" data-widget_type=\"heading.default\">\n\t\t\t\t<div class=\"elementor-widget-container\">\n\t\t\t\t\t<h2 class=\"elementor-heading-title elementor-size-default\"><b>Tasumise ja koolituse toimumise kord<\/b><\/h2>\t\t\t\t<\/div>\n\t\t\t\t<\/div>\n\t\t\t\t<div class=\"elementor-element elementor-element-5a5d6b2 elementor-widget elementor-widget-text-editor\" data-id=\"5a5d6b2\" data-element_type=\"widget\" data-widget_type=\"text-editor.default\">\n\t\t\t\t<div class=\"elementor-widget-container\">\n\t\t\t\t\t\t\t\t\t<p class=\"p1\"><span class=\"s1\"><strong>1. Koolituse eest tasumine, \u00f5ppetasu soodustuse, vabastamise ja tagastamise ning koolitusest loobumise kord<\/strong><\/span><br \/><strong>1.1<\/strong> Koolituse eest tasumine toimub arve alusel \u00fclekandega v\u00f5i ostu sooritamisel veebilehel kaiakapsta.com. Arve v\u00e4ljastatakse kohe peale ostu sooritamist osaleja e-mailile.<\/p><p class=\"p1\"><strong>1.2<\/strong> Osaleja v\u00f5ib koolitusest loobuda, teatades sellest ette <a href=\"mailto:therapy@kaiakapsta.com\"><span class=\"s2\">therapy@kaiakapsta.com<\/span><\/a><span class=\"Apple-converted-space\">\u00a0 <\/span>j\u00e4rgnevatel tingimustel:<\/p><p class=\"p1\"><strong>1.3<\/strong> Kontakt- ja veebikoolitusest loobumistel kuni 14 p\u00e4eva enne koolitust toimub raha tagastamine 80% ulatuses koolituse summast.<\/p><p class=\"p1\"><strong>1.4<\/strong> Kontakt- ja veebikoolitusest loobumistel 7-13 p\u00e4eva enne koolitust toimub raha tagastamine 50% ulatuses koolituse summast.<\/p><p class=\"p1\"><strong>1.5<span class=\"Apple-converted-space\">\u00a0 <\/span><\/strong>Kontakt- ja veebikoolitusest loobumistel kuni 3-6 p\u00e4eva enne koolitust toimub raha tagastamine 20% ulatuses koolituse summast.<\/p><p class=\"p1\"><strong>1.6<\/strong> Alla 3 p\u00e4eva koolitusest loobumisel v\u00f5i koolitusel mitteosalemisel v\u00f5i koolituse katkestamisel kuulub koolituse maksumus t\u00e4ies ulatuses mitte tagastamisele.<\/p><p class=\"p1\"><strong>1.6.1<\/strong> Online programmide ja videokoolituste ostmisel raha tagasi ei maksta, kui toode on ostetud soodushinnaga ja\/v\u00f5i koolitust pole t\u00e4ies mahus l\u00e4bitud.<\/p><p class=\"p1\"><strong>1.7<\/strong> Raha tagasi garantiiga koolitustel tagastatakse summa t\u00e4ies mahus hiljemalt seitsme p\u00e4eva jooksul, kui osaleja on ilmunud koolitusele \u00f5igeks ajaks (hilinemata), teatanud hiljemalt koolituse l\u00f5ppemiseks, et antud koolituselt ei \u00f5ppinud ta midagi ja on teinud 7 p\u00e4eva jooksul l\u00e4bi 15 minutilise intervjuu koolitajaga. Intervjuu eesm\u00e4rk on koolitusi parendada ning m\u00f5ista, mida osaleja oleks vajanud, et koolitus oleks olnud talle sobivam.<\/p><p class=\"p1\"><strong>1.8<\/strong> Ettev\u00f5tetele, kes on tellinud raha tagasi garantiiga koolituse, tagastatakse summa t\u00e4ies mahus hiljemalt seitsme p\u00e4eva jooksul j\u00e4rgnevatel tingimustel:<\/p><p class=\"p1\">koolituse tellija on teatanud hiljemalt koolituse l\u00f5ppemiseks, et antud koolituselt ei \u00f5ppinud osalenud t\u00f6\u00f6tajad midagi ning on teinud hiljemalt 7 p\u00e4eva jooksul l\u00e4bi 30 minutilise intervjuu koolitajaga. Intervjuu eesm\u00e4rk on koolitusi parendada ning m\u00f5ista, mida ettev\u00f5te ja osalejad oleks vajanud, et koolitus oleks olnud neile sobivam. Hilisemaid pretensioone ei rahuldata.<\/p><p class=\"p1\"><strong>1.9<\/strong> Raha tagastatakse samale arvele, kust toimus tasumine 3 t\u00f6\u00f6p\u00e4eva jooksul peale loobumisest teadasaamist.<\/p><p class=\"p1\"><strong><span class=\"s1\"><br \/>2. Koolituse \u00e4ra j\u00e4\u00e4mine v\u00f5i edasi l\u00fckkamine<\/span><\/strong><br \/><strong>2.1<\/strong> Koolitajal on koolitusgrupi mittet\u00e4itumisel \u00f5igus koolitus \u00e4ra j\u00e4tta v\u00f5i koolituse toimumise aeg edasi l\u00fckata.<\/p><p class=\"p1\"><strong>2.2<\/strong> Osalejaid teavitatakse sellest e-maili v\u00f5i telefoni teel.<\/p><p class=\"p1\"><strong>2.3<\/strong> Koolituse \u00e4ra j\u00e4\u00e4misel kantakse \u00f5ppetasu soovi korral \u00fcle teisele koolitusele v\u00f5i makstakse tagasi t\u00e4ies ulatuses.<\/p><p class=\"p1\"><strong><span class=\"s1\"><br \/>3. Kasutus- ja privaatsustingimused<\/span><\/strong><br \/><strong>3.1<\/strong> Koolitaja kogub \u00f5ppijate kohta j\u00e4rgmisi andmeid: nimi, e-post, telefon ja isikukood. Viimane lisatakse v\u00e4ljastatavale tunnistusele. Isikuandmeid t\u00f6\u00f6deldakse vastavalt Eesti Isikuandmete Kaitse seadusele ja Euroopa Liidu isikuandmete kaitse \u00fcldm\u00e4\u00e4rusele.<\/p><p class=\"p1\"><strong>3.2<\/strong> Koolitusele registreerumisega kinnitab \u00f5ppija, et on tutvunud <span style=\"text-decoration: underline;\"><a href=\"https:\/\/kaiakapsta.com\/en\/privaatsuspoliitika\/\" target=\"_blank\" rel=\"noopener\"><span class=\"s2\">kasutus- ja privaatsustingimustega<\/span><\/a><\/span>.<\/p><h2 class=\"p1\"><b><br \/>Kvaliteedi tagamise alused<\/b><\/h2><p class=\"p1\"><strong><span class=\"s1\">1.\u00a0T\u00e4iendkoolituse \u00f5ppekavade kvaliteedi tagamine<\/span><\/strong><br \/>1.1 \u00d5ppekava l\u00e4htub sihtgrupi vajadustest ning on \u00f5piv\u00e4ljundip\u00f5hine<\/p><p class=\"p1\">1.2 Iga t\u00e4iendkoolitus koolitus omab \u00f5ppekava, kus m\u00e4\u00e4ratakse kindlaks:<br \/>1) \u00f5ppekava nimetus<br \/>2) \u00f5ppekava r\u00fchm<br \/>3) eesm\u00e4rk ja \u00f5ppe sisu<br \/>4) \u00f5piv\u00e4ljund<br \/>5) sihtgrupp ja \u00f5pingute alustamise tingimused<br \/>6) \u00f5ppe maht ja \u00fclesehitus<br \/>7) \u00f5ppe keskkond ja \u00a0\u00f5ppe vahendid<br \/>8) \u00f5ppe meetodid<br \/>9) hindamine ja v\u00e4ljastatav dokument<br \/>10) koolitaja kompetentsust tagava kvalifikatsiooni v\u00f5i t\u00f6\u00f6kogemuse kirjeldus<br \/>11) \u00f5ppekava kinnitamise aeg<\/p><p class=\"p1\"><strong><span class=\"s1\">2.\u00a0T\u00e4iskasvanute koolitaja kvaliteedi tagamine<\/span><\/strong><br \/>2.1 T\u00e4iendkoolitust viivad l\u00e4bi oma ala professionaalid, kes on vastava erialase haridusega ja erialase t\u00f6\u00f6kogemusega koolitajad<\/p><p class=\"p1\">2.2 Koolitajate kvaliteeti hinnatakse \u00f5ppijate tagasiside p\u00f5hjal.<\/p><p class=\"p1\"><strong><span class=\"s1\">3.\u00a0\u00d5ppekeskkonna kvaliteedi tagamine<\/span><\/strong><br \/>3.1 T\u00e4iendkoolitus toimub veebis v\u00f5i mugavas ning loovat t\u00f6\u00f6d soodustavas koolitus ja n\u00f5ustamiskeskuses v\u00f5i erinevates renditavates kaasaegselt sisustatud; \u00f5ppegrupile suurusele sobivates ja kasutatavate meetodite vajadusele sobivates koolituskeskustes, kus on kaasaegsed\u00a0 esitlustehnikad ja praktiliseks t\u00f6\u00f6ks sobilikud vahendid.<\/p><p class=\"p1\"><strong>4.\u00a0<span class=\"s1\">T\u00e4iendkoolituse tagasiside kogumise kord<\/span><\/strong><br \/>4.1 Koolituse l\u00f5pus t\u00e4idavad osalejad tagasiside lehe, mis olenevalt koolitusest t\u00e4idetakse paberkandjale kohapeal v\u00f5i elektroonselt. Tagasiside sisaldab k\u00fcsimusi koolituse korralduse, \u00f5ppe sisu ning koolitajate kohta. Tulemuste p\u00f5hjal tehakse parendused edasistest koolitustes.<\/p>\t\t\t\t\t\t\t\t<\/div>\n\t\t\t\t<\/div>\n\t\t\t\t\t<\/div>\n\t\t\t\t<\/div>\n\t\t\t\t<\/div>","protected":false},"excerpt":{"rendered":"<p>Tasumise ja koolituse toimumise kord 1. Koolituse eest tasumine, \u00f5ppetasu soodustuse, vabastamise ja tagastamise ning koolitusest loobumise kord1.1 Koolituse eest tasumine toimub arve alusel \u00fclekandega v\u00f5i ostu sooritamisel veebilehel kaiakapsta.com. Arve v\u00e4ljastatakse kohe peale ostu sooritamist osaleja e-mailile. 1.2 Osaleja v\u00f5ib koolitusest loobuda, teatades sellest ette therapy@kaiakapsta.com\u00a0 j\u00e4rgnevatel tingimustel: 1.3 Kontakt- ja veebikoolitusest loobumistel kuni [&hellip;]<\/p>","protected":false},"author":5,"featured_media":0,"parent":0,"menu_order":0,"comment_status":"closed","ping_status":"closed","template":"","meta":{"site-sidebar-layout":"no-sidebar","site-content-layout":"page-builder","ast-site-content-layout":"full-width-container","site-content-style":"default","site-sidebar-style":"default","ast-global-header-display":"","ast-banner-title-visibility":"","ast-main-header-display":"","ast-hfb-above-header-display":"","ast-hfb-below-header-display":"","ast-hfb-mobile-header-display":"","site-post-title":"disabled","ast-breadcrumbs-content":"","ast-featured-img":"disabled","footer-sml-layout":"","theme-transparent-header-meta":"","adv-header-id-meta":"","stick-header-meta":"","header-above-stick-meta":"","header-main-stick-meta":"","header-below-stick-meta":"","astra-migrate-meta-layouts":"set","ast-page-background-enabled":"default","ast-page-background-meta":{"desktop":{"background-color":"var(--ast-global-color-4)","background-image":"","background-repeat":"repeat","background-position":"center center","background-size":"auto","background-attachment":"scroll","background-type":"","background-media":"","overlay-type":"","overlay-color":"","overlay-opacity":"","overlay-gradient":""},"tablet":{"background-color":"","background-image":"","background-repeat":"repeat","background-position":"center center","background-size":"auto","background-attachment":"scroll","background-type":"","background-media":"","overlay-type":"","overlay-color":"","overlay-opacity":"","overlay-gradient":""},"mobile":{"background-color":"","background-image":"","background-repeat":"repeat","background-position":"center center","background-size":"auto","background-attachment":"scroll","background-type":"","background-media":"","overlay-type":"","overlay-color":"","overlay-opacity":"","overlay-gradient":""}},"ast-content-background-meta":{"desktop":{"background-color":"var(--ast-global-color-5)","background-image":"","background-repeat":"repeat","background-position":"center center","background-size":"auto","background-attachment":"scroll","background-type":"","background-media":"","overlay-type":"","overlay-color":"","overlay-opacity":"","overlay-gradient":""},"tablet":{"background-color":"var(--ast-global-color-5)","background-image":"","background-repeat":"repeat","background-position":"center center","background-size":"auto","background-attachment":"scroll","background-type":"","background-media":"","overlay-type":"","overlay-color":"","overlay-opacity":"","overlay-gradient":""},"mobile":{"background-color":"var(--ast-global-color-5)","background-image":"","background-repeat":"repeat","background-position":"center center","background-size":"auto","background-attachment":"scroll","background-type":"","background-media":"","overlay-type":"","overlay-color":"","overlay-opacity":"","overlay-gradient":""}},"footnotes":""},"class_list":["post-12264","page","type-page","status-publish","hentry"],"yoast_head":"<!-- This site is optimized with the Yoast SEO plugin v24.2 - https:\/\/yoast.com\/wordpress\/plugins\/seo\/ -->\n<title>\u00d5ppekorraldus - Kaia Kapsta-Forrester<\/title>\n<meta name=\"robots\" content=\"index, follow, max-snippet:-1, max-image-preview:large, max-video-preview:-1\" \/>\n<link rel=\"canonical\" href=\"https:\/\/kaiakapsta.com\/en\/oppekorraldus\/\" \/>\n<meta property=\"og:locale\" content=\"en_US\" \/>\n<meta property=\"og:type\" content=\"article\" \/>\n<meta property=\"og:title\" content=\"\u00d5ppekorraldus - Kaia Kapsta-Forrester\" \/>\n<meta property=\"og:description\" content=\"Tasumise ja koolituse toimumise kord 1. Koolituse eest tasumine, \u00f5ppetasu soodustuse, vabastamise ja tagastamise ning koolitusest loobumise kord1.1 Koolituse eest tasumine toimub arve alusel \u00fclekandega v\u00f5i ostu sooritamisel veebilehel kaiakapsta.com. Arve v\u00e4ljastatakse kohe peale ostu sooritamist osaleja e-mailile. 1.2 Osaleja v\u00f5ib koolitusest loobuda, teatades sellest ette therapy@kaiakapsta.com\u00a0 j\u00e4rgnevatel tingimustel: 1.3 Kontakt- ja veebikoolitusest loobumistel kuni [&hellip;]\" \/>\n<meta property=\"og:url\" content=\"https:\/\/kaiakapsta.com\/en\/oppekorraldus\/\" \/>\n<meta property=\"og:site_name\" content=\"Kaia Kapsta-Forrester\" \/>\n<meta property=\"article:modified_time\" content=\"2024-09-21T10:50:03+00:00\" \/>\n<meta name=\"twitter:card\" content=\"summary_large_image\" \/>\n<meta name=\"twitter:label1\" content=\"Est. reading time\" \/>\n\t<meta name=\"twitter:data1\" content=\"4 minutes\" \/>\n<script type=\"application\/ld+json\" class=\"yoast-schema-graph\">{\"@context\":\"https:\/\/schema.org\",\"@graph\":[{\"@type\":\"WebPage\",\"@id\":\"https:\/\/kaiakapsta.com\/oppekorraldus\/\",\"url\":\"https:\/\/kaiakapsta.com\/oppekorraldus\/\",\"name\":\"\u00d5ppekorraldus - Kaia Kapsta-Forrester\",\"isPartOf\":{\"@id\":\"https:\/\/kaiakapsta.com\/#website\"},\"datePublished\":\"2024-09-21T10:30:11+00:00\",\"dateModified\":\"2024-09-21T10:50:03+00:00\",\"breadcrumb\":{\"@id\":\"https:\/\/kaiakapsta.com\/oppekorraldus\/#breadcrumb\"},\"inLanguage\":\"en-US\",\"potentialAction\":[{\"@type\":\"ReadAction\",\"target\":[\"https:\/\/kaiakapsta.com\/oppekorraldus\/\"]}]},{\"@type\":\"BreadcrumbList\",\"@id\":\"https:\/\/kaiakapsta.com\/oppekorraldus\/#breadcrumb\",\"itemListElement\":[{\"@type\":\"ListItem\",\"position\":1,\"name\":\"Home\",\"item\":\"https:\/\/kaiakapsta.com\/\"},{\"@type\":\"ListItem\",\"position\":2,\"name\":\"\u00d5ppekorraldus\"}]},{\"@type\":\"WebSite\",\"@id\":\"https:\/\/kaiakapsta.com\/#website\",\"url\":\"https:\/\/kaiakapsta.com\/\",\"name\":\"Kaia Kapsta-Forrester\",\"description\":\"\u00dchendades \u00fchendusi\",\"publisher\":{\"@id\":\"https:\/\/kaiakapsta.com\/#organization\"},\"potentialAction\":[{\"@type\":\"SearchAction\",\"target\":{\"@type\":\"EntryPoint\",\"urlTemplate\":\"https:\/\/kaiakapsta.com\/?s={search_term_string}\"},\"query-input\":{\"@type\":\"PropertyValueSpecification\",\"valueRequired\":true,\"valueName\":\"search_term_string\"}}],\"inLanguage\":\"en-US\"},{\"@type\":\"Organization\",\"@id\":\"https:\/\/kaiakapsta.com\/#organization\",\"name\":\"Kaia Kapsta-Forrester\",\"url\":\"https:\/\/kaiakapsta.com\/\",\"logo\":{\"@type\":\"ImageObject\",\"inLanguage\":\"en-US\",\"@id\":\"https:\/\/kaiakapsta.com\/#\/schema\/logo\/image\/\",\"url\":\"https:\/\/kaiakapsta.com\/wp-content\/uploads\/2022\/12\/Kaia-logo-3.png\",\"contentUrl\":\"https:\/\/kaiakapsta.com\/wp-content\/uploads\/2022\/12\/Kaia-logo-3.png\",\"width\":725,\"height\":215,\"caption\":\"Kaia Kapsta-Forrester\"},\"image\":{\"@id\":\"https:\/\/kaiakapsta.com\/#\/schema\/logo\/image\/\"}}]}<\/script>\n<!-- \/ Yoast SEO plugin. -->","yoast_head_json":{"title":"\u00d5ppekorraldus - Kaia Kapsta-Forrester","robots":{"index":"index","follow":"follow","max-snippet":"max-snippet:-1","max-image-preview":"max-image-preview:large","max-video-preview":"max-video-preview:-1"},"canonical":"https:\/\/kaiakapsta.com\/en\/oppekorraldus\/","og_locale":"en_US","og_type":"article","og_title":"\u00d5ppekorraldus - Kaia Kapsta-Forrester","og_description":"Tasumise ja koolituse toimumise kord 1. Koolituse eest tasumine, \u00f5ppetasu soodustuse, vabastamise ja tagastamise ning koolitusest loobumise kord1.1 Koolituse eest tasumine toimub arve alusel \u00fclekandega v\u00f5i ostu sooritamisel veebilehel kaiakapsta.com. Arve v\u00e4ljastatakse kohe peale ostu sooritamist osaleja e-mailile. 1.2 Osaleja v\u00f5ib koolitusest loobuda, teatades sellest ette therapy@kaiakapsta.com\u00a0 j\u00e4rgnevatel tingimustel: 1.3 Kontakt- ja veebikoolitusest loobumistel kuni [&hellip;]","og_url":"https:\/\/kaiakapsta.com\/en\/oppekorraldus\/","og_site_name":"Kaia Kapsta-Forrester","article_modified_time":"2024-09-21T10:50:03+00:00","twitter_card":"summary_large_image","twitter_misc":{"Est. reading time":"4 minutes"},"schema":{"@context":"https:\/\/schema.org","@graph":[{"@type":"WebPage","@id":"https:\/\/kaiakapsta.com\/oppekorraldus\/","url":"https:\/\/kaiakapsta.com\/oppekorraldus\/","name":"\u00d5ppekorraldus - Kaia Kapsta-Forrester","isPartOf":{"@id":"https:\/\/kaiakapsta.com\/#website"},"datePublished":"2024-09-21T10:30:11+00:00","dateModified":"2024-09-21T10:50:03+00:00","breadcrumb":{"@id":"https:\/\/kaiakapsta.com\/oppekorraldus\/#breadcrumb"},"inLanguage":"en-US","potentialAction":[{"@type":"ReadAction","target":["https:\/\/kaiakapsta.com\/oppekorraldus\/"]}]},{"@type":"BreadcrumbList","@id":"https:\/\/kaiakapsta.com\/oppekorraldus\/#breadcrumb","itemListElement":[{"@type":"ListItem","position":1,"name":"Home","item":"https:\/\/kaiakapsta.com\/"},{"@type":"ListItem","position":2,"name":"\u00d5ppekorraldus"}]},{"@type":"WebSite","@id":"https:\/\/kaiakapsta.com\/#website","url":"https:\/\/kaiakapsta.com\/","name":"Kaia Kapsta-Forrester","description":"\u00dchendades \u00fchendusi","publisher":{"@id":"https:\/\/kaiakapsta.com\/#organization"},"potentialAction":[{"@type":"SearchAction","target":{"@type":"EntryPoint","urlTemplate":"https:\/\/kaiakapsta.com\/?s={search_term_string}"},"query-input":{"@type":"PropertyValueSpecification","valueRequired":true,"valueName":"search_term_string"}}],"inLanguage":"en-US"},{"@type":"Organization","@id":"https:\/\/kaiakapsta.com\/#organization","name":"Kaia Kapsta-Forrester","url":"https:\/\/kaiakapsta.com\/","logo":{"@type":"ImageObject","inLanguage":"en-US","@id":"https:\/\/kaiakapsta.com\/#\/schema\/logo\/image\/","url":"https:\/\/kaiakapsta.com\/wp-content\/uploads\/2022\/12\/Kaia-logo-3.png","contentUrl":"https:\/\/kaiakapsta.com\/wp-content\/uploads\/2022\/12\/Kaia-logo-3.png","width":725,"height":215,"caption":"Kaia Kapsta-Forrester"},"image":{"@id":"https:\/\/kaiakapsta.com\/#\/schema\/logo\/image\/"}}]}},"_links":{"self":[{"href":"https:\/\/kaiakapsta.com\/en\/wp-json\/wp\/v2\/pages\/12264"}],"collection":[{"href":"https:\/\/kaiakapsta.com\/en\/wp-json\/wp\/v2\/pages"}],"about":[{"href":"https:\/\/kaiakapsta.com\/en\/wp-json\/wp\/v2\/types\/page"}],"author":[{"embeddable":true,"href":"https:\/\/kaiakapsta.com\/en\/wp-json\/wp\/v2\/users\/5"}],"replies":[{"embeddable":true,"href":"https:\/\/kaiakapsta.com\/en\/wp-json\/wp\/v2\/comments?post=12264"}],"version-history":[{"count":31,"href":"https:\/\/kaiakapsta.com\/en\/wp-json\/wp\/v2\/pages\/12264\/revisions"}],"predecessor-version":[{"id":12299,"href":"https:\/\/kaiakapsta.com\/en\/wp-json\/wp\/v2\/pages\/12264\/revisions\/12299"}],"wp:attachment":[{"href":"https:\/\/kaiakapsta.com\/en\/wp-json\/wp\/v2\/media?parent=12264"}],"curies":[{"name":"wp","href":"https:\/\/api.w.org\/{rel}","templated":true}]}}