{"id":12256,"date":"2024-09-21T13:21:38","date_gmt":"2024-09-21T10:21:38","guid":{"rendered":"https:\/\/kaiakapsta.com\/?page_id=12256"},"modified":"2024-09-21T13:52:22","modified_gmt":"2024-09-21T10:52:22","slug":"privaatsuspoliitika","status":"publish","type":"page","link":"https:\/\/kaiakapsta.com\/en\/privaatsuspoliitika\/","title":{"rendered":"Privaatsuspoliitika"},"content":{"rendered":"<div data-elementor-type=\"wp-page\" data-elementor-id=\"12256\" class=\"elementor elementor-12256\">\n\t\t\t\t<div class=\"elementor-element elementor-element-cc49e85 e-flex e-con-boxed e-con e-parent\" data-id=\"cc49e85\" data-element_type=\"container\">\n\t\t\t\t\t<div class=\"e-con-inner\">\n\t\t\t\t<div class=\"elementor-element elementor-element-9ebf05b elementor-widget elementor-widget-heading\" data-id=\"9ebf05b\" data-element_type=\"widget\" data-widget_type=\"heading.default\">\n\t\t\t\t<div class=\"elementor-widget-container\">\n\t\t\t\t\t<h2 class=\"elementor-heading-title elementor-size-default\">Privaatsuspoliitika<\/h2>\t\t\t\t<\/div>\n\t\t\t\t<\/div>\n\t\t\t\t<div class=\"elementor-element elementor-element-5a5d6b2 elementor-widget elementor-widget-text-editor\" data-id=\"5a5d6b2\" data-element_type=\"widget\" data-widget_type=\"text-editor.default\">\n\t\t\t\t<div class=\"elementor-widget-container\">\n\t\t\t\t\t\t\t\t\t<p class=\"p1\"><b>Isikuandmete kaitse ja privaatsuspoliitika l\u00e4htuvalt isikuandmete kaitse \u00fcldm\u00e4\u00e4rusest (GDPR)<\/b><\/p>\n<p class=\"p1\">K\u00e4esolev isikuandmete kaitse ja privaatsuspoliitika \u00fclevaade annab infot selle kohta, kuidas ja milleks kaiakapsta.com kodulehe k\u00fclastajate andmeid (sh p\u00e4ringu saatjad ) kogub, t\u00f6\u00f6tleb, jagab. Privaatsuspoliitika l\u00e4htub andmekaitse \u00fcldregulatsioonist (GDPR \u2013 General Data Protection Regulation), millega saab l\u00e4hemalt tutvuda ametlikul veebilehel&nbsp;<span style=\"text-decoration: underline;\"><a href=\"https:\/\/www.cookiebot.com\" target=\"_blank\" rel=\"noopener\"><span class=\"s1\">SIIN.<\/span><\/a><\/span><\/p>\n<p class=\"p1\">Isikuandmete kaitse ja privaatsuspoliitika eesm\u00e4rk on tagada klientide privaatsus koosk\u00f5las Eesti Vabariigi seaduste ja Euroopa Liidu \u00f5igusaktidega.<\/p>\n<p class=\"p1\">Kasutades kuuluvat veebilehte kaiakapsta.com, n\u00f5ustute k\u00fcpsiste kasutamisega ja isikuandmete t\u00f6\u00f6tlemise tingimustega, mis on kirjeldatud meie Privaatsuspoliitikas. Privaatsuspoliitika ja k\u00fcpsised kodulehel on kehtiv alates 01.01.2023.<br><br><\/p>\n<p class=\"p1\"><b>Kelle andmeid kaiakapsta.com t\u00f6\u00f6tleb?<\/b><\/p>\n<p class=\"p1\"><b>Kaiakapsta.com<\/b> kasutab nende andmeid, kes on saatnud sooviavalduse (k\u00fcsimuse n\u00e4iteks kontaktivormi v\u00f5i e-kirja kaudu) teenuste kohta v\u00f5i on varem kasutanud teenuseid v\u00f5i on siiani kasutamas teenuseid. Kogume ja kasutame p\u00fcsiklientide ja kontakteerunud isikute (sealhulgas \u201cvanad\u201d ehk \u201cmitteaktiivsed kliendid\u201d) andmeid.<br><br><\/p>\n<p class=\"p1\"><b>Isikuandmete t\u00f6\u00f6tlemise eesm\u00e4rgid ja \u00f5iguslikud alused<\/b><\/p>\n<p class=\"p1\">Kaiakapsta.com klientide ehk teenuste kasutajate isikuandmeid t\u00f6\u00f6tleme selleks, et t\u00e4ita oma lepingulisi kohustusi. Klientide isikuandmeid ja ka neilt saadud infot kasutame selleks, et pakkuda olemasolevatele klientidele (ja ka potentsiaalsetele) kvaliteetsemat teenust ja t\u00e4psemat infot. Kui kaiakapsta.com t\u00f6\u00f6tleb isikuandmeid mainitud eesm\u00e4rkidel, siis on kogutud isikuandmete t\u00f6\u00f6tlemise \u00f5iguslikuks aluseks meie \u00f5igustatud huvi tagada pakutava teenuse korrektne ja v\u00f5imalusel kvaliteetsem osutamine.<br><br><\/p>\n<p class=\"p1\"><b>Kuidas kaiakapsta.com isikuandmeid kogub<\/b><\/p>\n<p class=\"p1\">Isikuandmeid kogume otse andmesubjektidelt koos nende n\u00f5usolekuga, kas e-kirja teel, p\u00e4ringuvormiga tagasiside saades (sh n\u00f5ustudes meilt kirju saama). Lisaks kasutame automaatseid andmekogumisvahendeid (nt kodulehe anal\u00fc\u00fcsiprogramm Google Analytics), sealhulgas k\u00fcpsiseid (salvestavad kodulehe kasutustegevust) ja teisi j\u00e4lgimisvahendeid, mis aitavad kaasa kaiakapsta.com kodulehe kasutajakogemuse paremaks optimeerimiseks ja tagavad seel\u00e4bi pakutavate teenuste k\u00f5rge kvaliteedi ja kliendile mugava navigeerimise kodulehel.<br><br><\/p>\n<p class=\"p1\"><b>Mis on k\u00fcpsised?<\/b><\/p>\n<p class=\"p1\">K\u00fcpsised on v\u00e4ikesed tekstifailid, mis laaditakse Teie seadmesse, kui k\u00fclastate vastavat veebisaiti. K\u00fcpsised aitavad meil tuvastada Teie seadet, parandada meie veebisaidi funktsionaalsust ja h\u00f5lbustada selle kasutamist. K\u00fcpsised ei ole viirused. K\u00fcpsiste kasutamine on Teie seadmele ja selles sisalduvale teabele t\u00e4iesti ohutu.<\/p>\n<p class=\"p1\">Kodulehel kasutame k\u00fcpsiseid (Cookies) ja pikslisilte (Pixel), mis on vabatahtlikud igale kodulehe k\u00fclastajale ja on v\u00f5imalik keelduda.<\/p>\n<p class=\"p1\">Kasutajal on \u00f5igus keelduda k\u00fcpsiste salvestamisest arvutisse. Kasutaja peab muutma oma veebilehitseja seadeid. Enimlevinud veebisirvijate seadistamise juhendid:<\/p>\n<p class=\"p3\"><span class=\"s3\">Chrome:&nbsp;<a href=\"https:\/\/support.google.com\/chrome\/answer\/95647?hl=en\"><span class=\"s4\">https:\/\/support.google.com\/chrome\/answer\/95647?hl=en<\/span><\/a><\/span><\/p>\n<p class=\"p3\"><span class=\"s3\">Safari:&nbsp;<a href=\"https:\/\/support.apple.com\/guide\/safari\/manage-cookies-and-website-data-sfri11471\/mac\"><span class=\"s4\">https:\/\/support.apple.com\/guide\/safari\/manage-cookies-and-website-data-sfri11471\/mac<\/span><\/a><\/span><\/p>\n<p class=\"p3\"><span class=\"s3\">Firefox:&nbsp;<a href=\"http:\/\/support.mozilla.org\/en-US\/kb\/Clear%2520Recent%2520History\"><span class=\"s4\">http:\/\/support.mozilla.org\/en-US\/kb\/Clear%20Recent%20History<\/span><\/a><\/span><\/p>\n<p class=\"p3\"><span class=\"s3\">Opera:&nbsp;<a href=\"http:\/\/www.opera.com\/browser\/tutorials\/security\/privacy\"><span class=\"s4\">http:\/\/www.opera.com\/browser\/tutorials\/security\/privacy<\/span><\/a><\/span><\/p>\n<p class=\"p3\"><span class=\"s3\">Crome Explorer:&nbsp;<a href=\"http:\/\/support.microsoft.com\/kb\/278835\"><span class=\"s4\">http:\/\/support.microsoft.com\/kb\/278835<\/span><\/a><\/span><\/p>\n<p class=\"p1\">K\u00fcpsiste blokeerimisel peab arvestama, et k\u00f5ik veebilehe funktsioonid ei pruugi enam k\u00e4ttesaadavad olla. K\u00fcpsised saab hiljem uuesti ka manuaalselt veebisirvijas aktiveerida.<br><br><\/p>\n<p class=\"p1\"><b>Kaiakapsta.com poolt t\u00f6\u00f6deldavad isikuandmed<\/b><\/p>\n<p class=\"p1\">Kontaktanded: nimi, e-posti aadress, telefoninumber.<br><br><\/p>\n<p class=\"p1\"><b>Isikuandmete jagamine kaiakapsta.com poolt<\/b><\/p>\n<p class=\"p1\">Kaiakapsta.com ei edasta kliendi andmeid v\u00e4ljapoole Euroopa (EU) Majanduspiirkonda ja ei jaga isikuandmeid kolmandatele osapooltele (va j\u00e4rgmises punktis v\u00e4lja toodud tingimustel). K\u00f5iki andmeid kasutatakse ainult kliendisuhtluseks ja teenusearenduse eesm\u00e4rgil. Isikuandmeid v\u00f5ime jagada j\u00e4rgmistel juhtudel: Riikliku j\u00e4relvalve asutused ja Politsei; Avalik tagasiside kliendi n\u00f5usolekul.<br><br><\/p>\n<p class=\"p1\"><b>Teie isikuandmete s\u00e4ilitamine ja turvalisus<\/b><\/p>\n<p class=\"p1\">Kaiakapsta.com v\u00f5ib saata klientidele teavet teenuste, pakkumiste ja uudiste kohta, kui klient on meile ise andnud oma kontaktandmed v\u00f5i n\u00f5ustunud saama meilt teavet. Teavet saab klient niikaua, kuni klient palub viimaste tegevuste l\u00f5petamist v\u00f5i lahkub uudiskirja saajate grupist.<\/p>\n<p class=\"p1\">Kaiakapsta.com s\u00e4ilitab isikuandmeid nii kaua, kuni see on nende kogumise eesm\u00e4rgi saavutamiseks vajalik. Andmete s\u00e4ilitamise t\u00e4htaeg s\u00f5ltub ka vajadusest vastata andmesubjektide p\u00e4ringutele, lahendada erinevaid probleeme ja vajadust t\u00e4ita seadusej\u00e4rgseid dokumentide s\u00e4ilitamise n\u00f5udeid.<\/p>\n<p class=\"p1\">Tagame andmetele juurdep\u00e4\u00e4su l\u00e4htudes \u00fcksnes kehtivatest \u00f5igusaktidest ja sealjuures kaitseme maksimaalselt isikuandmete konfidentsiaalsust.<\/p>\n<p class=\"p1\">Kui on k\u00fcsimusi Teie isikuandmete s\u00e4ilitamise v\u00f5i turvalisuse kohta, siis palun v\u00f5tke meiega \u00fchendust therapy@kaiakapsta.com.<\/p>\t\t\t\t\t\t\t\t<\/div>\n\t\t\t\t<\/div>\n\t\t\t\t\t<\/div>\n\t\t\t\t<\/div>\n\t\t\t\t<\/div>","protected":false},"excerpt":{"rendered":"<p>Privaatsuspoliitika Isikuandmete kaitse ja privaatsuspoliitika l\u00e4htuvalt isikuandmete kaitse \u00fcldm\u00e4\u00e4rusest (GDPR) K\u00e4esolev isikuandmete kaitse ja privaatsuspoliitika \u00fclevaade annab infot selle kohta, kuidas ja milleks kaiakapsta.com kodulehe k\u00fclastajate andmeid (sh p\u00e4ringu saatjad ) kogub, t\u00f6\u00f6tleb, jagab. Privaatsuspoliitika l\u00e4htub andmekaitse \u00fcldregulatsioonist (GDPR \u2013 General Data Protection Regulation), millega saab l\u00e4hemalt tutvuda ametlikul veebilehel&nbsp;SIIN. Isikuandmete kaitse ja privaatsuspoliitika eesm\u00e4rk [&hellip;]<\/p>","protected":false},"author":5,"featured_media":0,"parent":0,"menu_order":0,"comment_status":"closed","ping_status":"closed","template":"","meta":{"site-sidebar-layout":"no-sidebar","site-content-layout":"page-builder","ast-site-content-layout":"full-width-container","site-content-style":"default","site-sidebar-style":"default","ast-global-header-display":"","ast-banner-title-visibility":"","ast-main-header-display":"","ast-hfb-above-header-display":"","ast-hfb-below-header-display":"","ast-hfb-mobile-header-display":"","site-post-title":"disabled","ast-breadcrumbs-content":"","ast-featured-img":"disabled","footer-sml-layout":"","theme-transparent-header-meta":"","adv-header-id-meta":"","stick-header-meta":"","header-above-stick-meta":"","header-main-stick-meta":"","header-below-stick-meta":"","astra-migrate-meta-layouts":"set","ast-page-background-enabled":"default","ast-page-background-meta":{"desktop":{"background-color":"var(--ast-global-color-4)","background-image":"","background-repeat":"repeat","background-position":"center center","background-size":"auto","background-attachment":"scroll","background-type":"","background-media":"","overlay-type":"","overlay-color":"","overlay-opacity":"","overlay-gradient":""},"tablet":{"background-color":"","background-image":"","background-repeat":"repeat","background-position":"center center","background-size":"auto","background-attachment":"scroll","background-type":"","background-media":"","overlay-type":"","overlay-color":"","overlay-opacity":"","overlay-gradient":""},"mobile":{"background-color":"","background-image":"","background-repeat":"repeat","background-position":"center center","background-size":"auto","background-attachment":"scroll","background-type":"","background-media":"","overlay-type":"","overlay-color":"","overlay-opacity":"","overlay-gradient":""}},"ast-content-background-meta":{"desktop":{"background-color":"var(--ast-global-color-5)","background-image":"","background-repeat":"repeat","background-position":"center center","background-size":"auto","background-attachment":"scroll","background-type":"","background-media":"","overlay-type":"","overlay-color":"","overlay-opacity":"","overlay-gradient":""},"tablet":{"background-color":"var(--ast-global-color-5)","background-image":"","background-repeat":"repeat","background-position":"center center","background-size":"auto","background-attachment":"scroll","background-type":"","background-media":"","overlay-type":"","overlay-color":"","overlay-opacity":"","overlay-gradient":""},"mobile":{"background-color":"var(--ast-global-color-5)","background-image":"","background-repeat":"repeat","background-position":"center center","background-size":"auto","background-attachment":"scroll","background-type":"","background-media":"","overlay-type":"","overlay-color":"","overlay-opacity":"","overlay-gradient":""}},"footnotes":""},"class_list":["post-12256","page","type-page","status-publish","hentry"],"yoast_head":"<!-- This site is optimized with the Yoast SEO plugin v24.2 - https:\/\/yoast.com\/wordpress\/plugins\/seo\/ -->\n<title>Privaatsuspoliitika - Kaia Kapsta-Forrester<\/title>\n<meta name=\"robots\" content=\"index, follow, max-snippet:-1, max-image-preview:large, max-video-preview:-1\" \/>\n<link rel=\"canonical\" href=\"https:\/\/kaiakapsta.com\/en\/privaatsuspoliitika\/\" \/>\n<meta property=\"og:locale\" content=\"en_US\" \/>\n<meta property=\"og:type\" content=\"article\" \/>\n<meta property=\"og:title\" content=\"Privaatsuspoliitika - Kaia Kapsta-Forrester\" \/>\n<meta property=\"og:description\" content=\"Privaatsuspoliitika Isikuandmete kaitse ja privaatsuspoliitika l\u00e4htuvalt isikuandmete kaitse \u00fcldm\u00e4\u00e4rusest (GDPR) K\u00e4esolev isikuandmete kaitse ja privaatsuspoliitika \u00fclevaade annab infot selle kohta, kuidas ja milleks kaiakapsta.com kodulehe k\u00fclastajate andmeid (sh p\u00e4ringu saatjad ) kogub, t\u00f6\u00f6tleb, jagab. Privaatsuspoliitika l\u00e4htub andmekaitse \u00fcldregulatsioonist (GDPR \u2013 General Data Protection Regulation), millega saab l\u00e4hemalt tutvuda ametlikul veebilehel&nbsp;SIIN. Isikuandmete kaitse ja privaatsuspoliitika eesm\u00e4rk [&hellip;]\" \/>\n<meta property=\"og:url\" content=\"https:\/\/kaiakapsta.com\/en\/privaatsuspoliitika\/\" \/>\n<meta property=\"og:site_name\" content=\"Kaia Kapsta-Forrester\" \/>\n<meta property=\"article:modified_time\" content=\"2024-09-21T10:52:22+00:00\" \/>\n<meta name=\"twitter:card\" content=\"summary_large_image\" \/>\n<meta name=\"twitter:label1\" content=\"Est. reading time\" \/>\n\t<meta name=\"twitter:data1\" content=\"3 minutes\" \/>\n<script type=\"application\/ld+json\" class=\"yoast-schema-graph\">{\"@context\":\"https:\/\/schema.org\",\"@graph\":[{\"@type\":\"WebPage\",\"@id\":\"https:\/\/kaiakapsta.com\/privaatsuspoliitika\/\",\"url\":\"https:\/\/kaiakapsta.com\/privaatsuspoliitika\/\",\"name\":\"Privaatsuspoliitika - Kaia Kapsta-Forrester\",\"isPartOf\":{\"@id\":\"https:\/\/kaiakapsta.com\/#website\"},\"datePublished\":\"2024-09-21T10:21:38+00:00\",\"dateModified\":\"2024-09-21T10:52:22+00:00\",\"breadcrumb\":{\"@id\":\"https:\/\/kaiakapsta.com\/privaatsuspoliitika\/#breadcrumb\"},\"inLanguage\":\"en-US\",\"potentialAction\":[{\"@type\":\"ReadAction\",\"target\":[\"https:\/\/kaiakapsta.com\/privaatsuspoliitika\/\"]}]},{\"@type\":\"BreadcrumbList\",\"@id\":\"https:\/\/kaiakapsta.com\/privaatsuspoliitika\/#breadcrumb\",\"itemListElement\":[{\"@type\":\"ListItem\",\"position\":1,\"name\":\"Home\",\"item\":\"https:\/\/kaiakapsta.com\/\"},{\"@type\":\"ListItem\",\"position\":2,\"name\":\"Privaatsuspoliitika\"}]},{\"@type\":\"WebSite\",\"@id\":\"https:\/\/kaiakapsta.com\/#website\",\"url\":\"https:\/\/kaiakapsta.com\/\",\"name\":\"Kaia Kapsta-Forrester\",\"description\":\"\u00dchendades \u00fchendusi\",\"publisher\":{\"@id\":\"https:\/\/kaiakapsta.com\/#organization\"},\"potentialAction\":[{\"@type\":\"SearchAction\",\"target\":{\"@type\":\"EntryPoint\",\"urlTemplate\":\"https:\/\/kaiakapsta.com\/?s={search_term_string}\"},\"query-input\":{\"@type\":\"PropertyValueSpecification\",\"valueRequired\":true,\"valueName\":\"search_term_string\"}}],\"inLanguage\":\"en-US\"},{\"@type\":\"Organization\",\"@id\":\"https:\/\/kaiakapsta.com\/#organization\",\"name\":\"Kaia Kapsta-Forrester\",\"url\":\"https:\/\/kaiakapsta.com\/\",\"logo\":{\"@type\":\"ImageObject\",\"inLanguage\":\"en-US\",\"@id\":\"https:\/\/kaiakapsta.com\/#\/schema\/logo\/image\/\",\"url\":\"https:\/\/kaiakapsta.com\/wp-content\/uploads\/2022\/12\/Kaia-logo-3.png\",\"contentUrl\":\"https:\/\/kaiakapsta.com\/wp-content\/uploads\/2022\/12\/Kaia-logo-3.png\",\"width\":725,\"height\":215,\"caption\":\"Kaia Kapsta-Forrester\"},\"image\":{\"@id\":\"https:\/\/kaiakapsta.com\/#\/schema\/logo\/image\/\"}}]}<\/script>\n<!-- \/ Yoast SEO plugin. -->","yoast_head_json":{"title":"Privaatsuspoliitika - Kaia Kapsta-Forrester","robots":{"index":"index","follow":"follow","max-snippet":"max-snippet:-1","max-image-preview":"max-image-preview:large","max-video-preview":"max-video-preview:-1"},"canonical":"https:\/\/kaiakapsta.com\/en\/privaatsuspoliitika\/","og_locale":"en_US","og_type":"article","og_title":"Privaatsuspoliitika - Kaia Kapsta-Forrester","og_description":"Privaatsuspoliitika Isikuandmete kaitse ja privaatsuspoliitika l\u00e4htuvalt isikuandmete kaitse \u00fcldm\u00e4\u00e4rusest (GDPR) K\u00e4esolev isikuandmete kaitse ja privaatsuspoliitika \u00fclevaade annab infot selle kohta, kuidas ja milleks kaiakapsta.com kodulehe k\u00fclastajate andmeid (sh p\u00e4ringu saatjad ) kogub, t\u00f6\u00f6tleb, jagab. Privaatsuspoliitika l\u00e4htub andmekaitse \u00fcldregulatsioonist (GDPR \u2013 General Data Protection Regulation), millega saab l\u00e4hemalt tutvuda ametlikul veebilehel&nbsp;SIIN. Isikuandmete kaitse ja privaatsuspoliitika eesm\u00e4rk [&hellip;]","og_url":"https:\/\/kaiakapsta.com\/en\/privaatsuspoliitika\/","og_site_name":"Kaia Kapsta-Forrester","article_modified_time":"2024-09-21T10:52:22+00:00","twitter_card":"summary_large_image","twitter_misc":{"Est. reading time":"3 minutes"},"schema":{"@context":"https:\/\/schema.org","@graph":[{"@type":"WebPage","@id":"https:\/\/kaiakapsta.com\/privaatsuspoliitika\/","url":"https:\/\/kaiakapsta.com\/privaatsuspoliitika\/","name":"Privaatsuspoliitika - Kaia Kapsta-Forrester","isPartOf":{"@id":"https:\/\/kaiakapsta.com\/#website"},"datePublished":"2024-09-21T10:21:38+00:00","dateModified":"2024-09-21T10:52:22+00:00","breadcrumb":{"@id":"https:\/\/kaiakapsta.com\/privaatsuspoliitika\/#breadcrumb"},"inLanguage":"en-US","potentialAction":[{"@type":"ReadAction","target":["https:\/\/kaiakapsta.com\/privaatsuspoliitika\/"]}]},{"@type":"BreadcrumbList","@id":"https:\/\/kaiakapsta.com\/privaatsuspoliitika\/#breadcrumb","itemListElement":[{"@type":"ListItem","position":1,"name":"Home","item":"https:\/\/kaiakapsta.com\/"},{"@type":"ListItem","position":2,"name":"Privaatsuspoliitika"}]},{"@type":"WebSite","@id":"https:\/\/kaiakapsta.com\/#website","url":"https:\/\/kaiakapsta.com\/","name":"Kaia Kapsta-Forrester","description":"\u00dchendades \u00fchendusi","publisher":{"@id":"https:\/\/kaiakapsta.com\/#organization"},"potentialAction":[{"@type":"SearchAction","target":{"@type":"EntryPoint","urlTemplate":"https:\/\/kaiakapsta.com\/?s={search_term_string}"},"query-input":{"@type":"PropertyValueSpecification","valueRequired":true,"valueName":"search_term_string"}}],"inLanguage":"en-US"},{"@type":"Organization","@id":"https:\/\/kaiakapsta.com\/#organization","name":"Kaia Kapsta-Forrester","url":"https:\/\/kaiakapsta.com\/","logo":{"@type":"ImageObject","inLanguage":"en-US","@id":"https:\/\/kaiakapsta.com\/#\/schema\/logo\/image\/","url":"https:\/\/kaiakapsta.com\/wp-content\/uploads\/2022\/12\/Kaia-logo-3.png","contentUrl":"https:\/\/kaiakapsta.com\/wp-content\/uploads\/2022\/12\/Kaia-logo-3.png","width":725,"height":215,"caption":"Kaia Kapsta-Forrester"},"image":{"@id":"https:\/\/kaiakapsta.com\/#\/schema\/logo\/image\/"}}]}},"_links":{"self":[{"href":"https:\/\/kaiakapsta.com\/en\/wp-json\/wp\/v2\/pages\/12256"}],"collection":[{"href":"https:\/\/kaiakapsta.com\/en\/wp-json\/wp\/v2\/pages"}],"about":[{"href":"https:\/\/kaiakapsta.com\/en\/wp-json\/wp\/v2\/types\/page"}],"author":[{"embeddable":true,"href":"https:\/\/kaiakapsta.com\/en\/wp-json\/wp\/v2\/users\/5"}],"replies":[{"embeddable":true,"href":"https:\/\/kaiakapsta.com\/en\/wp-json\/wp\/v2\/comments?post=12256"}],"version-history":[{"count":14,"href":"https:\/\/kaiakapsta.com\/en\/wp-json\/wp\/v2\/pages\/12256\/revisions"}],"predecessor-version":[{"id":12305,"href":"https:\/\/kaiakapsta.com\/en\/wp-json\/wp\/v2\/pages\/12256\/revisions\/12305"}],"wp:attachment":[{"href":"https:\/\/kaiakapsta.com\/en\/wp-json\/wp\/v2\/media?parent=12256"}],"curies":[{"name":"wp","href":"https:\/\/api.w.org\/{rel}","templated":true}]}}