{"id":11817,"date":"2024-08-27T12:38:04","date_gmt":"2024-08-27T09:38:04","guid":{"rendered":"https:\/\/kaiakapsta.com\/?page_id=11817"},"modified":"2024-09-26T11:38:15","modified_gmt":"2024-09-26T08:38:15","slug":"eluratas-hupe-tundmatusse","status":"publish","type":"page","link":"https:\/\/kaiakapsta.com\/en\/eluratas-hupe-tundmatusse\/","title":{"rendered":"ELURATAS. H\u00dcPE TUNDMATUSSE"},"content":{"rendered":"<div data-elementor-type=\"wp-page\" data-elementor-id=\"11817\" class=\"elementor elementor-11817\">\n\t\t\t\t\t\t<section class=\"elementor-section elementor-top-section elementor-element elementor-element-7f1e73c elementor-section-boxed elementor-section-height-default elementor-section-height-default\" data-id=\"7f1e73c\" data-element_type=\"section\" data-settings=\"{&quot;background_background&quot;:&quot;classic&quot;}\">\n\t\t\t\t\t\t<div class=\"elementor-container elementor-column-gap-no\">\n\t\t\t\t\t<div class=\"elementor-column elementor-col-100 elementor-top-column elementor-element elementor-element-67308083\" data-id=\"67308083\" data-element_type=\"column\">\n\t\t\t<div class=\"elementor-widget-wrap elementor-element-populated\">\n\t\t\t\t\t\t<div class=\"elementor-element elementor-element-6ad6df8 elementor-widget elementor-widget-heading\" data-id=\"6ad6df8\" data-element_type=\"widget\" data-widget_type=\"heading.default\">\n\t\t\t\t<div class=\"elementor-widget-container\">\n\t\t\t\t\t<h2 class=\"elementor-heading-title elementor-size-default\">Ps\u00fchhodraama enesearengu-grupp \"ELURATAS. H\u00dcPE TUNDMATUSSE\" <\/h2>\t\t\t\t<\/div>\n\t\t\t\t<\/div>\n\t\t\t\t\t<\/div>\n\t\t<\/div>\n\t\t\t\t\t<\/div>\n\t\t<\/section>\n\t\t<div class=\"elementor-element elementor-element-a9e9d9c e-flex e-con-boxed e-con e-parent\" data-id=\"a9e9d9c\" data-element_type=\"container\">\n\t\t\t\t\t<div class=\"e-con-inner\">\n\t\t<div class=\"elementor-element elementor-element-e98148a e-con-full e-flex e-con e-child\" data-id=\"e98148a\" data-element_type=\"container\">\n\t\t\t\t<div class=\"elementor-element elementor-element-a124b1c elementor-widget elementor-widget-image\" data-id=\"a124b1c\" data-element_type=\"widget\" data-widget_type=\"image.default\">\n\t\t\t\t<div class=\"elementor-widget-container\">\n\t\t\t\t\t\t\t\t\t\t\t\t\t\t\t<img fetchpriority=\"high\" decoding=\"async\" width=\"1024\" height=\"1024\" src=\"https:\/\/kaiakapsta.com\/wp-content\/uploads\/2024\/08\/4-eluratas-square-1-1024x1024.jpg\" class=\"attachment-large size-large wp-image-11853\" alt=\"\" srcset=\"https:\/\/kaiakapsta.com\/wp-content\/uploads\/2024\/08\/4-eluratas-square-1-1024x1024.jpg 1024w, https:\/\/kaiakapsta.com\/wp-content\/uploads\/2024\/08\/4-eluratas-square-1-300x300.jpg 300w, https:\/\/kaiakapsta.com\/wp-content\/uploads\/2024\/08\/4-eluratas-square-1-150x150.jpg 150w, https:\/\/kaiakapsta.com\/wp-content\/uploads\/2024\/08\/4-eluratas-square-1-768x768.jpg 768w, https:\/\/kaiakapsta.com\/wp-content\/uploads\/2024\/08\/4-eluratas-square-1-12x12.jpg 12w, https:\/\/kaiakapsta.com\/wp-content\/uploads\/2024\/08\/4-eluratas-square-1-600x600.jpg 600w, https:\/\/kaiakapsta.com\/wp-content\/uploads\/2024\/08\/4-eluratas-square-1-100x100.jpg 100w, https:\/\/kaiakapsta.com\/wp-content\/uploads\/2024\/08\/4-eluratas-square-1.jpg 1440w\" sizes=\"(max-width: 1024px) 100vw, 1024px\" \/>\t\t\t\t\t\t\t\t\t\t\t\t\t\t\t<\/div>\n\t\t\t\t<\/div>\n\t\t\t\t<div class=\"elementor-element elementor-element-43d8d27 elementor-widget elementor-widget-heading\" data-id=\"43d8d27\" data-element_type=\"widget\" data-widget_type=\"heading.default\">\n\t\t\t\t<div class=\"elementor-widget-container\">\n\t\t\t\t\t<h2 class=\"elementor-heading-title elementor-size-default\">Registreeru gruppi:<\/h2>\t\t\t\t<\/div>\n\t\t\t\t<\/div>\n\t\t\t\t<div class=\"elementor-element elementor-element-659c83e elementor-widget elementor-widget-ameliaeventslistbooking\" data-id=\"659c83e\" data-element_type=\"widget\" data-widget_type=\"ameliaeventslistbooking.default\">\n\t\t\t\t<div class=\"elementor-widget-container\">\n\t\t\t\t\t<script>\n  if (typeof hasAmeliaEvent === 'undefined') {\n    var hasAmeliaEvent = true;\n  }\n  if (typeof hasEventApiCall === 'undefined' && '' === '') {\n    var hasEventApiCall = true;\n  }\n  var hasEventShortcode = (typeof hasEventShortcode === 'undefined') ? false : true;\n  var ameliaShortcodeData = (typeof ameliaShortcodeData === 'undefined') ? [] : ameliaShortcodeData;\n  ameliaShortcodeData.push(\n    {\n      'hasApiCall': (typeof hasEventApiCall !== 'undefined') && hasEventApiCall,\n      'trigger': '',\n      'trigger_type': '',\n      'triggered_form': 'elf',\n      'in_dialog': '',\n      'counter': '1000',\n      'employee': '',\n      'eventId': '17',\n      'eventRecurring': 0,\n      'eventTag': \"\",\n      'locationId': \"\"\n    }\n  );\n  var ameliaShortcodeDataTriggered = (typeof ameliaShortcodeDataTriggered === 'undefined') ? [] : ameliaShortcodeDataTriggered;\n  if (ameliaShortcodeData[ameliaShortcodeData.length - 1].trigger !== '') {\n    if (ameliaShortcodeDataTriggered.filter(a => a.counter === ameliaShortcodeData[ameliaShortcodeData.length - 1].counter).length === 0) {\n      ameliaShortcodeDataTriggered.push(ameliaShortcodeData.pop());\n    } else {\n      ameliaShortcodeData.pop()\n    }\n  }\n  if (typeof hasEventApiCall !== 'undefined' && hasEventApiCall) {\n    hasEventApiCall = false;\n  }\n<\/script>\n\n<div\n  id=\"amelia-v2-booking-1000\"\n  class=\"amelia-v2-booking\"\n>\n    <events-list-form-wrapper><\/div>\n\t\t\t\t<\/div>\n\t\t\t\t<\/div>\n\t\t\t\t<\/div>\n\t\t<div class=\"elementor-element elementor-element-122cd8f e-con-full e-flex e-con e-child\" data-id=\"122cd8f\" data-element_type=\"container\">\n\t\t\t\t<div class=\"elementor-element elementor-element-b0784f6 elementor-widget elementor-widget-text-editor\" data-id=\"b0784f6\" data-element_type=\"widget\" data-widget_type=\"text-editor.default\">\n\t\t\t\t<div class=\"elementor-widget-container\">\n\t\t\t\t\t\t\t\t\t<p><b>Grupp on m\u00f5eldud neile, kes soovivad turvalises grupid\u00fcnaamikas avardada oma arusaamist iseendast, isiklikust potentsiaalist ja v\u00f5imalustest, kasutades loovaid, tegevuslikke ja imaginaalseid l\u00e4henemisi.<\/b><\/p><p><strong>TEEMA<\/strong>:<\/p><ul><li><span style=\"font-weight: 400;\">Soovitud muutuse esilekutsumine iseendas;<\/span><\/li><li><span style=\"font-weight: 400;\">Julgus teha midagi, mis varem tundus v\u00f5imatu; <\/span><\/li><li><span style=\"font-weight: 400;\">Sisemise takistuse \u00fcletamine; <\/span><\/li><li><span style=\"font-weight: 400;\">V\u00f5imaluste teadvustamine uues kohas p\u00fcsimaj\u00e4\u00e4miseks \u2013 H\u00dcPE TUNDMATUSSE. <\/span><\/li><\/ul><p>Ps\u00fchhodramaatilises t\u00f6\u00f6s, kasutades oma loovust, \u00fcletame sisemisi l\u00e4vepakke, et saaks tekkida ruum millegi uue s\u00fcnniks.<\/p><p><i><span style=\"font-weight: 400;\">\u201cPs\u00fchhodraama laval saab luua k\u00f5ike, mida saab ette kujutada&#8230;. L\u00e4bi lisareaalsuse on inimesel v\u00f5imalik siseneda tundmatusse, kasutada oma kujutlusi ja fantaasiaid ja saada oma elu loojaks\u201d.<\/span><\/i><span style=\"font-weight: 400;\"> Ali Watersong. <\/span><\/p><p><b>MEETODID:<span style=\"font-weight: 400;\"> Tegemist on grupikogemusega, kus ruum, m\u00e4ngureeglid ja l\u00e4bitavad teemad luuakse \u00fchiselt grupi vajadustest l\u00e4htuvalt. L\u00e4htume grupi juhendamisel nii imaginaalse ps\u00fchhodraama v\u00f5imalustest, kui ka teistest grupit\u00f6\u00f6 meetoditest ja rituaalidest.<\/span><\/b><\/p><p><b>L\u00c4BIVIIJAD<\/b><span style=\"font-weight: 400;\">: Ethel Kings ja<\/span> <span style=\"font-weight: 400;\">Kaia Kapsta-Forrester<\/span><\/p><p><span style=\"font-weight: 400;\">Ethel on loovisikust ps\u00fchhodraama praktik, superviisor, coach, kunstiterapeut ja hingehoidja.\u00a0<\/span><\/p><p><span style=\"font-weight: 400;\">Kaia on teatri taustaga ps\u00fchhodraama praktik, pikaaegse kogemusega suhtekoolitaja ja ps\u00fchhoterapeut.<\/span><\/p><p><b>KOHTI: <\/b><span style=\"font-weight: 400;\">12<\/span><span style=\"font-weight: 400;\"><br \/><\/span><b>AEG<\/b><span style=\"font-weight: 400;\">: 08.10 \u2013 10.12.2024<\/span><\/p><p><b>KOHTUMISED<\/b><span style=\"font-weight: 400;\">: <br \/><\/span><\/p><ul><li>6 kohtumist (08.10, 15.10, 29.10, 12.11, 26.11, 10.12.2024)<\/li><li>Tutvustav eelkohtumine ruumis Weizenbergi 6-2 &#8211; 29.09 kell 19.00 \u2013 20.30 (eelregistreerumisega allolevas vormis v\u00f5i aadressil therapy@kaiakapsta.com).<\/li><\/ul><p><b>AADRESS<\/b><span style=\"font-weight: 400;\">: Weizenbergi 6-2<\/span><span style=\"font-weight: 400;\"><br \/><\/span><b>KELLAAEG<\/b><span style=\"font-weight: 400;\">: 17:30-21:00<\/span><span style=\"font-weight: 400;\"><br \/><\/span><b>N\u00c4DALAP\u00c4EV<\/b><span style=\"font-weight: 400;\">: Teisip\u00e4eviti <\/span><span style=\"font-weight: 400;\"><br \/><\/span><b>HIND<\/b><span style=\"font-weight: 400;\">: 300 \u20ac <\/span><\/p><p>Registreerumine ja tasumine l\u00e4bi sellel lehel oleva registreerumisvormi.<\/p><p><span style=\"font-weight: 400;\">NB!\u00a0<\/span>Koha kinnitab registreerumine ja tasumine hiljemalt 04.10.2024. Lisanfo ja registreerumisega seotud k\u00fcsimused: therapy@kaiakapsta.com<\/p><p><span style=\"font-weight: 400;\">P\u00f5nevate \u00fchiste avastusteni!<br \/><\/span><span style=\"font-weight: 400;\">&#8211; Ethel Kings<br \/><\/span><span style=\"font-weight: 400;\">&#8211; Kaia Kapsta-Forrester<\/span><\/p>\t\t\t\t\t\t\t\t<\/div>\n\t\t\t\t<\/div>\n\t\t\t\t<\/div>\n\t\t\t\t\t<\/div>\n\t\t\t\t<\/div>\n\t\t<div class=\"elementor-element elementor-element-0b83201 e-flex e-con-boxed e-con e-parent\" data-id=\"0b83201\" data-element_type=\"container\">\n\t\t\t\t\t<div class=\"e-con-inner\">\n\t\t<div class=\"elementor-element elementor-element-820afe6 e-con-full e-flex e-con e-child\" data-id=\"820afe6\" data-element_type=\"container\">\n\t\t\t\t<div class=\"elementor-element elementor-element-6b97781 elementor-widget elementor-widget-heading\" data-id=\"6b97781\" data-element_type=\"widget\" data-widget_type=\"heading.default\">\n\t\t\t\t<div class=\"elementor-widget-container\">\n\t\t\t\t\t<h3 class=\"elementor-heading-title elementor-size-default\">Registreeru 29.09 kell 19-20.30 TASUTA eelkohtumisele ruumis Weizenbergi 6-2:<\/h3>\t\t\t\t<\/div>\n\t\t\t\t<\/div>\n\t\t\t\t<div class=\"elementor-element elementor-element-d9f65f8 elementor-widget elementor-widget-wpforms\" data-id=\"d9f65f8\" data-element_type=\"widget\" data-widget_type=\"wpforms.default\">\n\t\t\t\t<div class=\"elementor-widget-container\">\n\t\t\t\t\t<div class=\"wpforms-container\" id=\"wpforms-11890\"><form id=\"wpforms-form-11890\" class=\"wpforms-validate wpforms-form wpforms-ajax-form\" data-formid=\"11890\" method=\"post\" enctype=\"multipart\/form-data\" action=\"\/en\/wp-json\/wp\/v2\/pages\/11817\" data-token=\"091d652af87b76e147a99b6caf7942e4\" data-token-time=\"1776613989\" data-trp-original-action=\"\/en\/wp-json\/wp\/v2\/pages\/11817\"><noscript class=\"wpforms-error-noscript\">Please enable JavaScript in your browser to complete this form.<\/noscript><div class=\"wpforms-field-container\"><div id=\"wpforms-11890-field_1-container\" class=\"wpforms-field wpforms-field-name\" data-field-id=\"1\"><label class=\"wpforms-field-label\" for=\"wpforms-11890-field_1\">Nimi <span class=\"wpforms-required-label\">*<\/span><\/label><input type=\"text\" id=\"wpforms-11890-field_1\" class=\"wpforms-field-medium wpforms-field-required\" name=\"wpforms[fields][1]\" required><\/div><div id=\"wpforms-11890-field_2-container\" class=\"wpforms-field wpforms-field-email\" data-field-id=\"2\"><label class=\"wpforms-field-label\" for=\"wpforms-11890-field_2\">E-maili aadress <span class=\"wpforms-required-label\">*<\/span><\/label><input type=\"email\" id=\"wpforms-11890-field_2\" class=\"wpforms-field-medium wpforms-field-required\" name=\"wpforms[fields][2]\" spellcheck=\"false\" required><\/div><div id=\"wpforms-11890-field_3-container\" class=\"wpforms-field wpforms-field-textarea\" data-field-id=\"3\"><label class=\"wpforms-field-label\" for=\"wpforms-11890-field_3\">Kirjuta, kui Sul peaks olema k\u00fcsimusi.<\/label><textarea id=\"wpforms-11890-field_3\" class=\"wpforms-field-medium\" name=\"wpforms[fields][3]\" ><\/textarea><\/div><\/div><!-- .wpforms-field-container --><div class=\"wpforms-submit-container\" ><input type=\"hidden\" name=\"wpforms[id]\" value=\"11890\"><input type=\"hidden\" name=\"page_title\" value=\"\"><input type=\"hidden\" name=\"page_url\" value=\"https:\/\/kaiakapsta.com\/en\/wp-json\/wp\/v2\/pages\/11817\"><button type=\"submit\" name=\"wpforms[submit]\" id=\"wpforms-submit-11890\" class=\"wpforms-submit\" data-alt-text=\"Saatmine...\" data-submit-text=\"REGISTREERUN\" aria-live=\"assertive\" value=\"wpforms-submit\">REGISTREERUN<\/button><img decoding=\"async\" src=\"https:\/\/kaiakapsta.com\/wp-content\/plugins\/wpforms-lite\/assets\/images\/submit-spin.svg\" class=\"wpforms-submit-spinner\" style=\"display: none;\" width=\"26\" height=\"26\" alt=\"Loading\"><\/div><input type=\"hidden\" name=\"trp-form-language\" value=\"en\"\/><\/form><\/div>  <!-- .wpforms-container -->\t\t\t\t<\/div>\n\t\t\t\t<\/div>\n\t\t\t\t<\/div>\n\t\t\t\t\t<\/div>\n\t\t\t\t<\/div>\n\t\t\t\t<\/div>","protected":false},"excerpt":{"rendered":"<p>Ps\u00fchhodraama enesearengu-grupp &#8220;ELURATAS. H\u00dcPE TUNDMATUSSE&#8221; Registreeru gruppi: Grupp on m\u00f5eldud neile, kes soovivad turvalises grupid\u00fcnaamikas avardada oma arusaamist iseendast, isiklikust potentsiaalist ja v\u00f5imalustest, kasutades loovaid, tegevuslikke ja imaginaalseid l\u00e4henemisi. TEEMA: Soovitud muutuse esilekutsumine iseendas; Julgus teha midagi, mis varem tundus v\u00f5imatu; Sisemise takistuse \u00fcletamine; V\u00f5imaluste teadvustamine uues kohas p\u00fcsimaj\u00e4\u00e4miseks \u2013 H\u00dcPE TUNDMATUSSE. Ps\u00fchhodramaatilises t\u00f6\u00f6s, kasutades [&hellip;]<\/p>","protected":false},"author":5,"featured_media":0,"parent":0,"menu_order":0,"comment_status":"closed","ping_status":"closed","template":"","meta":{"site-sidebar-layout":"no-sidebar","site-content-layout":"page-builder","ast-site-content-layout":"full-width-container","site-content-style":"unboxed","site-sidebar-style":"unboxed","ast-global-header-display":"","ast-banner-title-visibility":"","ast-main-header-display":"","ast-hfb-above-header-display":"","ast-hfb-below-header-display":"","ast-hfb-mobile-header-display":"","site-post-title":"disabled","ast-breadcrumbs-content":"","ast-featured-img":"disabled","footer-sml-layout":"","theme-transparent-header-meta":"","adv-header-id-meta":"","stick-header-meta":"","header-above-stick-meta":"","header-main-stick-meta":"","header-below-stick-meta":"","astra-migrate-meta-layouts":"set","ast-page-background-enabled":"default","ast-page-background-meta":{"desktop":{"background-color":"var(--ast-global-color-4)","background-image":"","background-repeat":"repeat","background-position":"center center","background-size":"auto","background-attachment":"scroll","background-type":"","background-media":"","overlay-type":"","overlay-color":"","overlay-opacity":"","overlay-gradient":""},"tablet":{"background-color":"","background-image":"","background-repeat":"repeat","background-position":"center center","background-size":"auto","background-attachment":"scroll","background-type":"","background-media":"","overlay-type":"","overlay-color":"","overlay-opacity":"","overlay-gradient":""},"mobile":{"background-color":"","background-image":"","background-repeat":"repeat","background-position":"center center","background-size":"auto","background-attachment":"scroll","background-type":"","background-media":"","overlay-type":"","overlay-color":"","overlay-opacity":"","overlay-gradient":""}},"ast-content-background-meta":{"desktop":{"background-color":"var(--ast-global-color-5)","background-image":"","background-repeat":"repeat","background-position":"center center","background-size":"auto","background-attachment":"scroll","background-type":"","background-media":"","overlay-type":"","overlay-color":"","overlay-opacity":"","overlay-gradient":""},"tablet":{"background-color":"var(--ast-global-color-5)","background-image":"","background-repeat":"repeat","background-position":"center center","background-size":"auto","background-attachment":"scroll","background-type":"","background-media":"","overlay-type":"","overlay-color":"","overlay-opacity":"","overlay-gradient":""},"mobile":{"background-color":"var(--ast-global-color-5)","background-image":"","background-repeat":"repeat","background-position":"center center","background-size":"auto","background-attachment":"scroll","background-type":"","background-media":"","overlay-type":"","overlay-color":"","overlay-opacity":"","overlay-gradient":""}},"footnotes":""},"class_list":["post-11817","page","type-page","status-publish","hentry"],"yoast_head":"<!-- This site is optimized with the Yoast SEO plugin v24.2 - https:\/\/yoast.com\/wordpress\/plugins\/seo\/ -->\n<title>ELURATAS. H\u00dcPE TUNDMATUSSE - Kaia Kapsta-Forrester<\/title>\n<meta name=\"robots\" content=\"index, follow, max-snippet:-1, max-image-preview:large, max-video-preview:-1\" \/>\n<link rel=\"canonical\" href=\"https:\/\/kaiakapsta.com\/en\/eluratas-hupe-tundmatusse\/\" \/>\n<meta property=\"og:locale\" content=\"en_US\" \/>\n<meta property=\"og:type\" content=\"article\" \/>\n<meta property=\"og:title\" content=\"ELURATAS. H\u00dcPE TUNDMATUSSE - Kaia Kapsta-Forrester\" \/>\n<meta property=\"og:description\" content=\"Ps\u00fchhodraama enesearengu-grupp &#8220;ELURATAS. H\u00dcPE TUNDMATUSSE&#8221; Registreeru gruppi: Grupp on m\u00f5eldud neile, kes soovivad turvalises grupid\u00fcnaamikas avardada oma arusaamist iseendast, isiklikust potentsiaalist ja v\u00f5imalustest, kasutades loovaid, tegevuslikke ja imaginaalseid l\u00e4henemisi. TEEMA: Soovitud muutuse esilekutsumine iseendas; Julgus teha midagi, mis varem tundus v\u00f5imatu; Sisemise takistuse \u00fcletamine; V\u00f5imaluste teadvustamine uues kohas p\u00fcsimaj\u00e4\u00e4miseks \u2013 H\u00dcPE TUNDMATUSSE. Ps\u00fchhodramaatilises t\u00f6\u00f6s, kasutades [&hellip;]\" \/>\n<meta property=\"og:url\" content=\"https:\/\/kaiakapsta.com\/en\/eluratas-hupe-tundmatusse\/\" \/>\n<meta property=\"og:site_name\" content=\"Kaia Kapsta-Forrester\" \/>\n<meta property=\"article:modified_time\" content=\"2024-09-26T08:38:15+00:00\" \/>\n<meta property=\"og:image\" content=\"https:\/\/kaiakapsta.com\/wp-content\/uploads\/2024\/08\/4-eluratas-square-1-1024x1024.jpg\" \/>\n<meta name=\"twitter:card\" content=\"summary_large_image\" \/>\n<meta name=\"twitter:label1\" content=\"Est. reading time\" \/>\n\t<meta name=\"twitter:data1\" content=\"2 minutes\" \/>\n<script type=\"application\/ld+json\" class=\"yoast-schema-graph\">{\"@context\":\"https:\/\/schema.org\",\"@graph\":[{\"@type\":\"WebPage\",\"@id\":\"https:\/\/kaiakapsta.com\/eluratas-hupe-tundmatusse\/\",\"url\":\"https:\/\/kaiakapsta.com\/eluratas-hupe-tundmatusse\/\",\"name\":\"ELURATAS. H\u00dcPE TUNDMATUSSE - Kaia Kapsta-Forrester\",\"isPartOf\":{\"@id\":\"https:\/\/kaiakapsta.com\/#website\"},\"primaryImageOfPage\":{\"@id\":\"https:\/\/kaiakapsta.com\/eluratas-hupe-tundmatusse\/#primaryimage\"},\"image\":{\"@id\":\"https:\/\/kaiakapsta.com\/eluratas-hupe-tundmatusse\/#primaryimage\"},\"thumbnailUrl\":\"https:\/\/kaiakapsta.com\/wp-content\/uploads\/2024\/08\/4-eluratas-square-1-1024x1024.jpg\",\"datePublished\":\"2024-08-27T09:38:04+00:00\",\"dateModified\":\"2024-09-26T08:38:15+00:00\",\"breadcrumb\":{\"@id\":\"https:\/\/kaiakapsta.com\/eluratas-hupe-tundmatusse\/#breadcrumb\"},\"inLanguage\":\"en-US\",\"potentialAction\":[{\"@type\":\"ReadAction\",\"target\":[\"https:\/\/kaiakapsta.com\/eluratas-hupe-tundmatusse\/\"]}]},{\"@type\":\"ImageObject\",\"inLanguage\":\"en-US\",\"@id\":\"https:\/\/kaiakapsta.com\/eluratas-hupe-tundmatusse\/#primaryimage\",\"url\":\"https:\/\/kaiakapsta.com\/wp-content\/uploads\/2024\/08\/4-eluratas-square-1-1024x1024.jpg\",\"contentUrl\":\"https:\/\/kaiakapsta.com\/wp-content\/uploads\/2024\/08\/4-eluratas-square-1-1024x1024.jpg\"},{\"@type\":\"BreadcrumbList\",\"@id\":\"https:\/\/kaiakapsta.com\/eluratas-hupe-tundmatusse\/#breadcrumb\",\"itemListElement\":[{\"@type\":\"ListItem\",\"position\":1,\"name\":\"Home\",\"item\":\"https:\/\/kaiakapsta.com\/\"},{\"@type\":\"ListItem\",\"position\":2,\"name\":\"ELURATAS. H\u00dcPE TUNDMATUSSE\"}]},{\"@type\":\"WebSite\",\"@id\":\"https:\/\/kaiakapsta.com\/#website\",\"url\":\"https:\/\/kaiakapsta.com\/\",\"name\":\"Kaia Kapsta-Forrester\",\"description\":\"\u00dchendades \u00fchendusi\",\"publisher\":{\"@id\":\"https:\/\/kaiakapsta.com\/#organization\"},\"potentialAction\":[{\"@type\":\"SearchAction\",\"target\":{\"@type\":\"EntryPoint\",\"urlTemplate\":\"https:\/\/kaiakapsta.com\/?s={search_term_string}\"},\"query-input\":{\"@type\":\"PropertyValueSpecification\",\"valueRequired\":true,\"valueName\":\"search_term_string\"}}],\"inLanguage\":\"en-US\"},{\"@type\":\"Organization\",\"@id\":\"https:\/\/kaiakapsta.com\/#organization\",\"name\":\"Kaia Kapsta-Forrester\",\"url\":\"https:\/\/kaiakapsta.com\/\",\"logo\":{\"@type\":\"ImageObject\",\"inLanguage\":\"en-US\",\"@id\":\"https:\/\/kaiakapsta.com\/#\/schema\/logo\/image\/\",\"url\":\"https:\/\/kaiakapsta.com\/wp-content\/uploads\/2022\/12\/Kaia-logo-3.png\",\"contentUrl\":\"https:\/\/kaiakapsta.com\/wp-content\/uploads\/2022\/12\/Kaia-logo-3.png\",\"width\":725,\"height\":215,\"caption\":\"Kaia Kapsta-Forrester\"},\"image\":{\"@id\":\"https:\/\/kaiakapsta.com\/#\/schema\/logo\/image\/\"}}]}<\/script>\n<!-- \/ Yoast SEO plugin. -->","yoast_head_json":{"title":"ELURATAS. H\u00dcPE TUNDMATUSSE - Kaia Kapsta-Forrester","robots":{"index":"index","follow":"follow","max-snippet":"max-snippet:-1","max-image-preview":"max-image-preview:large","max-video-preview":"max-video-preview:-1"},"canonical":"https:\/\/kaiakapsta.com\/en\/eluratas-hupe-tundmatusse\/","og_locale":"en_US","og_type":"article","og_title":"ELURATAS. H\u00dcPE TUNDMATUSSE - Kaia Kapsta-Forrester","og_description":"Ps\u00fchhodraama enesearengu-grupp &#8220;ELURATAS. H\u00dcPE TUNDMATUSSE&#8221; Registreeru gruppi: Grupp on m\u00f5eldud neile, kes soovivad turvalises grupid\u00fcnaamikas avardada oma arusaamist iseendast, isiklikust potentsiaalist ja v\u00f5imalustest, kasutades loovaid, tegevuslikke ja imaginaalseid l\u00e4henemisi. TEEMA: Soovitud muutuse esilekutsumine iseendas; Julgus teha midagi, mis varem tundus v\u00f5imatu; Sisemise takistuse \u00fcletamine; V\u00f5imaluste teadvustamine uues kohas p\u00fcsimaj\u00e4\u00e4miseks \u2013 H\u00dcPE TUNDMATUSSE. Ps\u00fchhodramaatilises t\u00f6\u00f6s, kasutades [&hellip;]","og_url":"https:\/\/kaiakapsta.com\/en\/eluratas-hupe-tundmatusse\/","og_site_name":"Kaia Kapsta-Forrester","article_modified_time":"2024-09-26T08:38:15+00:00","og_image":[{"url":"https:\/\/kaiakapsta.com\/wp-content\/uploads\/2024\/08\/4-eluratas-square-1-1024x1024.jpg","type":"","width":"","height":""}],"twitter_card":"summary_large_image","twitter_misc":{"Est. reading time":"2 minutes"},"schema":{"@context":"https:\/\/schema.org","@graph":[{"@type":"WebPage","@id":"https:\/\/kaiakapsta.com\/eluratas-hupe-tundmatusse\/","url":"https:\/\/kaiakapsta.com\/eluratas-hupe-tundmatusse\/","name":"ELURATAS. H\u00dcPE TUNDMATUSSE - Kaia Kapsta-Forrester","isPartOf":{"@id":"https:\/\/kaiakapsta.com\/#website"},"primaryImageOfPage":{"@id":"https:\/\/kaiakapsta.com\/eluratas-hupe-tundmatusse\/#primaryimage"},"image":{"@id":"https:\/\/kaiakapsta.com\/eluratas-hupe-tundmatusse\/#primaryimage"},"thumbnailUrl":"https:\/\/kaiakapsta.com\/wp-content\/uploads\/2024\/08\/4-eluratas-square-1-1024x1024.jpg","datePublished":"2024-08-27T09:38:04+00:00","dateModified":"2024-09-26T08:38:15+00:00","breadcrumb":{"@id":"https:\/\/kaiakapsta.com\/eluratas-hupe-tundmatusse\/#breadcrumb"},"inLanguage":"en-US","potentialAction":[{"@type":"ReadAction","target":["https:\/\/kaiakapsta.com\/eluratas-hupe-tundmatusse\/"]}]},{"@type":"ImageObject","inLanguage":"en-US","@id":"https:\/\/kaiakapsta.com\/eluratas-hupe-tundmatusse\/#primaryimage","url":"https:\/\/kaiakapsta.com\/wp-content\/uploads\/2024\/08\/4-eluratas-square-1-1024x1024.jpg","contentUrl":"https:\/\/kaiakapsta.com\/wp-content\/uploads\/2024\/08\/4-eluratas-square-1-1024x1024.jpg"},{"@type":"BreadcrumbList","@id":"https:\/\/kaiakapsta.com\/eluratas-hupe-tundmatusse\/#breadcrumb","itemListElement":[{"@type":"ListItem","position":1,"name":"Home","item":"https:\/\/kaiakapsta.com\/"},{"@type":"ListItem","position":2,"name":"ELURATAS. H\u00dcPE TUNDMATUSSE"}]},{"@type":"WebSite","@id":"https:\/\/kaiakapsta.com\/#website","url":"https:\/\/kaiakapsta.com\/","name":"Kaia Kapsta-Forrester","description":"\u00dchendades \u00fchendusi","publisher":{"@id":"https:\/\/kaiakapsta.com\/#organization"},"potentialAction":[{"@type":"SearchAction","target":{"@type":"EntryPoint","urlTemplate":"https:\/\/kaiakapsta.com\/?s={search_term_string}"},"query-input":{"@type":"PropertyValueSpecification","valueRequired":true,"valueName":"search_term_string"}}],"inLanguage":"en-US"},{"@type":"Organization","@id":"https:\/\/kaiakapsta.com\/#organization","name":"Kaia Kapsta-Forrester","url":"https:\/\/kaiakapsta.com\/","logo":{"@type":"ImageObject","inLanguage":"en-US","@id":"https:\/\/kaiakapsta.com\/#\/schema\/logo\/image\/","url":"https:\/\/kaiakapsta.com\/wp-content\/uploads\/2022\/12\/Kaia-logo-3.png","contentUrl":"https:\/\/kaiakapsta.com\/wp-content\/uploads\/2022\/12\/Kaia-logo-3.png","width":725,"height":215,"caption":"Kaia Kapsta-Forrester"},"image":{"@id":"https:\/\/kaiakapsta.com\/#\/schema\/logo\/image\/"}}]}},"_links":{"self":[{"href":"https:\/\/kaiakapsta.com\/en\/wp-json\/wp\/v2\/pages\/11817"}],"collection":[{"href":"https:\/\/kaiakapsta.com\/en\/wp-json\/wp\/v2\/pages"}],"about":[{"href":"https:\/\/kaiakapsta.com\/en\/wp-json\/wp\/v2\/types\/page"}],"author":[{"embeddable":true,"href":"https:\/\/kaiakapsta.com\/en\/wp-json\/wp\/v2\/users\/5"}],"replies":[{"embeddable":true,"href":"https:\/\/kaiakapsta.com\/en\/wp-json\/wp\/v2\/comments?post=11817"}],"version-history":[{"count":84,"href":"https:\/\/kaiakapsta.com\/en\/wp-json\/wp\/v2\/pages\/11817\/revisions"}],"predecessor-version":[{"id":12308,"href":"https:\/\/kaiakapsta.com\/en\/wp-json\/wp\/v2\/pages\/11817\/revisions\/12308"}],"wp:attachment":[{"href":"https:\/\/kaiakapsta.com\/en\/wp-json\/wp\/v2\/media?parent=11817"}],"curies":[{"name":"wp","href":"https:\/\/api.w.org\/{rel}","templated":true}]}}