{"id":11503,"date":"2023-08-10T14:50:37","date_gmt":"2023-08-10T11:50:37","guid":{"rendered":"https:\/\/kaiakapsta.com\/?page_id=11503"},"modified":"2023-09-27T08:23:42","modified_gmt":"2023-09-27T05:23:42","slug":"vanemate-grupp","status":"publish","type":"page","link":"https:\/\/kaiakapsta.com\/en\/vanemate-grupp\/","title":{"rendered":"Vanemate grupp"},"content":{"rendered":"<div data-elementor-type=\"wp-page\" data-elementor-id=\"11503\" class=\"elementor elementor-11503\">\n\t\t\t\t\t\t<section class=\"elementor-section elementor-top-section elementor-element elementor-element-7f1e73c elementor-section-boxed elementor-section-height-default elementor-section-height-default\" data-id=\"7f1e73c\" data-element_type=\"section\" data-settings=\"{&quot;background_background&quot;:&quot;classic&quot;}\">\n\t\t\t\t\t\t<div class=\"elementor-container elementor-column-gap-no\">\n\t\t\t\t\t<div class=\"elementor-column elementor-col-100 elementor-top-column elementor-element elementor-element-67308083\" data-id=\"67308083\" data-element_type=\"column\">\n\t\t\t<div class=\"elementor-widget-wrap elementor-element-populated\">\n\t\t\t\t\t\t<div class=\"elementor-element elementor-element-6ad6df8 elementor-widget elementor-widget-heading\" data-id=\"6ad6df8\" data-element_type=\"widget\" data-widget_type=\"heading.default\">\n\t\t\t\t<div class=\"elementor-widget-container\">\n\t\t\t\t\t<h2 class=\"elementor-heading-title elementor-size-default\">Lapsevanemate suhtehariduslik tugigrupp \"Teekond teismeliseni\"\n<\/h2>\t\t\t\t<\/div>\n\t\t\t\t<\/div>\n\t\t\t\t\t<\/div>\n\t\t<\/div>\n\t\t\t\t\t<\/div>\n\t\t<\/section>\n\t\t<div class=\"elementor-element elementor-element-a9e9d9c e-flex e-con-boxed e-con e-parent\" data-id=\"a9e9d9c\" data-element_type=\"container\">\n\t\t\t\t\t<div class=\"e-con-inner\">\n\t\t<div class=\"elementor-element elementor-element-e98148a e-con-full e-flex e-con e-child\" data-id=\"e98148a\" data-element_type=\"container\">\n\t\t\t\t<div class=\"elementor-element elementor-element-a124b1c elementor-widget elementor-widget-image\" data-id=\"a124b1c\" data-element_type=\"widget\" data-widget_type=\"image.default\">\n\t\t\t\t<div class=\"elementor-widget-container\">\n\t\t\t\t\t\t\t\t\t\t\t\t\t\t\t<img fetchpriority=\"high\" decoding=\"async\" width=\"1024\" height=\"1024\" src=\"https:\/\/kaiakapsta.com\/wp-content\/uploads\/2023\/08\/grupp-2-square-1024x1024.jpg\" class=\"attachment-large size-large wp-image-11501\" alt=\"\" srcset=\"https:\/\/kaiakapsta.com\/wp-content\/uploads\/2023\/08\/grupp-2-square-1024x1024.jpg 1024w, https:\/\/kaiakapsta.com\/wp-content\/uploads\/2023\/08\/grupp-2-square-300x300.jpg 300w, https:\/\/kaiakapsta.com\/wp-content\/uploads\/2023\/08\/grupp-2-square-150x150.jpg 150w, https:\/\/kaiakapsta.com\/wp-content\/uploads\/2023\/08\/grupp-2-square-768x768.jpg 768w, https:\/\/kaiakapsta.com\/wp-content\/uploads\/2023\/08\/grupp-2-square-1536x1536.jpg 1536w, https:\/\/kaiakapsta.com\/wp-content\/uploads\/2023\/08\/grupp-2-square-2048x2048.jpg 2048w, https:\/\/kaiakapsta.com\/wp-content\/uploads\/2023\/08\/grupp-2-square-12x12.jpg 12w, https:\/\/kaiakapsta.com\/wp-content\/uploads\/2023\/08\/grupp-2-square-600x600.jpg 600w, https:\/\/kaiakapsta.com\/wp-content\/uploads\/2023\/08\/grupp-2-square-100x100.jpg 100w\" sizes=\"(max-width: 1024px) 100vw, 1024px\" \/>\t\t\t\t\t\t\t\t\t\t\t\t\t\t\t<\/div>\n\t\t\t\t<\/div>\n\t\t\t\t<\/div>\n\t\t<div class=\"elementor-element elementor-element-122cd8f e-con-full e-flex e-con e-child\" data-id=\"122cd8f\" data-element_type=\"container\">\n\t\t\t\t<div class=\"elementor-element elementor-element-b0784f6 elementor-widget elementor-widget-text-editor\" data-id=\"b0784f6\" data-element_type=\"widget\" data-widget_type=\"text-editor.default\">\n\t\t\t\t<div class=\"elementor-widget-container\">\n\t\t\t\t\t\t\t\t\t<p><span style=\"font-weight: 400;\">Grupp on m\u00f5eldud <\/span><span style=\"font-weight: 400;\">sinule, kes sa lapsevanemana soovid luua oma teismelisest lapsega paremat emotsionaalset \u00fchendust ja teineteise m\u00f5istmist<\/span><span style=\"font-weight: 400;\">.<\/span><\/p><p><span style=\"font-weight: 400;\"><strong>L\u00c4BIVIIJA: <\/strong>Kaia Kapsta-Forrester<strong><br \/>KOHTI: <\/strong>16<strong><br \/><span style=\"color: #993300;\">ALGUS<\/span><\/strong><span style=\"color: #993300;\">: <u>Selgub<\/u>. Info saamiseks j\u00e4ta oma kontaktinfo allolevasse vormi.<\/span><br \/><\/span><span style=\"font-weight: 400;\"><strong>KOHTUMISI<\/strong>: 5<br \/><\/span><strong>AADRESS<\/strong>: Weizenbergi 6<br \/><strong>KELLAAEG<\/strong>: 17:30-21:00<br \/><strong>N\u00c4DALAP\u00c4EV<\/strong>: Esmasp\u00e4ev<br \/><strong>HIND<\/strong>: 250\u20ac\u00a0<br \/><strong>TEEMA<\/strong>: <span style=\"font-weight: 400;\">Lapsevanematele suunatud suhteharidusliku tugigrupi eesm\u00e4rgiks on<\/span><span style=\"font-weight: 400;\"> oma lapsega uutmoodi \u00fchenduse loomine, mis arvestab teismeea arengulisi faase, aitab m\u00f5ista noorele omaseid k\u00e4itumisviise erinevates teismeea etappides; aitab teadvustada ohum\u00e4rke noore k\u00e4itumises ning v\u00f5imestada vanemlikke oskusi nii s\u00fcgavama eakohase l\u00e4hedussuhte loomisel, kui ka suuremaid v\u00e4ljakutseid pakkuvate olukordade lahendamisel<\/span><span style=\"font-weight: 400;\">.<\/span><\/p>\t\t\t\t\t\t\t\t<\/div>\n\t\t\t\t<\/div>\n\t\t\t\t<div class=\"elementor-element elementor-element-43d8d27 elementor-widget elementor-widget-heading\" data-id=\"43d8d27\" data-element_type=\"widget\" data-widget_type=\"heading.default\">\n\t\t\t\t<div class=\"elementor-widget-container\">\n\t\t\t\t\t<h2 class=\"elementor-heading-title elementor-size-default\">Sinu kontaktid:<\/h2>\t\t\t\t<\/div>\n\t\t\t\t<\/div>\n\t\t\t\t<div class=\"elementor-element elementor-element-4278ae1 elementor-widget elementor-widget-wpforms\" data-id=\"4278ae1\" data-element_type=\"widget\" data-widget_type=\"wpforms.default\">\n\t\t\t\t<div class=\"elementor-widget-container\">\n\t\t\t\t\t<div class=\"wpforms-container\" id=\"wpforms-11592\"><form id=\"wpforms-form-11592\" class=\"wpforms-validate wpforms-form wpforms-ajax-form\" data-formid=\"11592\" method=\"post\" enctype=\"multipart\/form-data\" action=\"\/en\/wp-json\/wp\/v2\/pages\/11503\" data-token=\"56466fc186772ad89f6a69f425511676\" data-token-time=\"1776612667\" data-trp-original-action=\"\/en\/wp-json\/wp\/v2\/pages\/11503\"><noscript class=\"wpforms-error-noscript\">Please enable JavaScript in your browser to complete this form.<\/noscript><div class=\"wpforms-field-container\"><div id=\"wpforms-11592-field_1-container\" class=\"wpforms-field wpforms-field-name\" data-field-id=\"1\"><label class=\"wpforms-field-label\" for=\"wpforms-11592-field_1\">Nimi <span class=\"wpforms-required-label\">*<\/span><\/label><input type=\"text\" id=\"wpforms-11592-field_1\" class=\"wpforms-field-medium wpforms-field-required\" name=\"wpforms[fields][1]\" required><\/div><div id=\"wpforms-11592-field_2-container\" class=\"wpforms-field wpforms-field-email\" data-field-id=\"2\"><label class=\"wpforms-field-label\" for=\"wpforms-11592-field_2\">E-maili aadress <span class=\"wpforms-required-label\">*<\/span><\/label><input type=\"email\" id=\"wpforms-11592-field_2\" class=\"wpforms-field-medium wpforms-field-required\" name=\"wpforms[fields][2]\" spellcheck=\"false\" required><\/div><\/div><!-- .wpforms-field-container --><div class=\"wpforms-submit-container\" ><input type=\"hidden\" name=\"wpforms[id]\" value=\"11592\"><input type=\"hidden\" name=\"page_title\" value=\"\"><input type=\"hidden\" name=\"page_url\" value=\"https:\/\/kaiakapsta.com\/en\/wp-json\/wp\/v2\/pages\/11503\"><button type=\"submit\" name=\"wpforms[submit]\" id=\"wpforms-submit-11592\" class=\"wpforms-submit\" data-alt-text=\"Saatmine...\" data-submit-text=\"Saada\" aria-live=\"assertive\" value=\"wpforms-submit\">Saada<\/button><img decoding=\"async\" src=\"https:\/\/kaiakapsta.com\/wp-content\/plugins\/wpforms-lite\/assets\/images\/submit-spin.svg\" class=\"wpforms-submit-spinner\" style=\"display: none;\" width=\"26\" height=\"26\" alt=\"Loading\"><\/div><input type=\"hidden\" name=\"trp-form-language\" value=\"en\"\/><\/form><\/div>  <!-- .wpforms-container -->\t\t\t\t<\/div>\n\t\t\t\t<\/div>\n\t\t\t\t<\/div>\n\t\t\t\t\t<\/div>\n\t\t\t\t<\/div>\n\t\t<div class=\"elementor-element elementor-element-a4722f1 e-flex e-con-boxed e-con e-parent\" data-id=\"a4722f1\" data-element_type=\"container\">\n\t\t\t\t\t<div class=\"e-con-inner\">\n\t\t\t\t\t<\/div>\n\t\t\t\t<\/div>\n\t\t\t\t<\/div>","protected":false},"excerpt":{"rendered":"<p>Lapsevanemate suhtehariduslik tugigrupp &#8220;Teekond teismeliseni&#8221; Grupp on m\u00f5eldud sinule, kes sa lapsevanemana soovid luua oma teismelisest lapsega paremat emotsionaalset \u00fchendust ja teineteise m\u00f5istmist. L\u00c4BIVIIJA: Kaia Kapsta-Forrester KOHTI: 16 ALGUS: Selgub. Info saamiseks j\u00e4ta oma kontaktinfo allolevasse vormi. KOHTUMISI: 5 AADRESS: Weizenbergi 6 KELLAAEG: 17:30-21:00 N\u00c4DALAP\u00c4EV: Esmasp\u00e4ev HIND: 250\u20ac TEEMA: Lapsevanematele suunatud suhteharidusliku tugigrupi eesm\u00e4rgiks on [&hellip;]<\/p>","protected":false},"author":5,"featured_media":0,"parent":0,"menu_order":0,"comment_status":"closed","ping_status":"closed","template":"","meta":{"site-sidebar-layout":"no-sidebar","site-content-layout":"page-builder","ast-site-content-layout":"full-width-container","site-content-style":"unboxed","site-sidebar-style":"unboxed","ast-global-header-display":"","ast-banner-title-visibility":"","ast-main-header-display":"","ast-hfb-above-header-display":"","ast-hfb-below-header-display":"","ast-hfb-mobile-header-display":"","site-post-title":"disabled","ast-breadcrumbs-content":"","ast-featured-img":"disabled","footer-sml-layout":"","theme-transparent-header-meta":"","adv-header-id-meta":"","stick-header-meta":"","header-above-stick-meta":"","header-main-stick-meta":"","header-below-stick-meta":"","astra-migrate-meta-layouts":"set","ast-page-background-enabled":"default","ast-page-background-meta":{"desktop":{"background-color":"var(--ast-global-color-4)","background-image":"","background-repeat":"repeat","background-position":"center center","background-size":"auto","background-attachment":"scroll","background-type":"","background-media":"","overlay-type":"","overlay-color":"","overlay-opacity":"","overlay-gradient":""},"tablet":{"background-color":"","background-image":"","background-repeat":"repeat","background-position":"center center","background-size":"auto","background-attachment":"scroll","background-type":"","background-media":"","overlay-type":"","overlay-color":"","overlay-opacity":"","overlay-gradient":""},"mobile":{"background-color":"","background-image":"","background-repeat":"repeat","background-position":"center center","background-size":"auto","background-attachment":"scroll","background-type":"","background-media":"","overlay-type":"","overlay-color":"","overlay-opacity":"","overlay-gradient":""}},"ast-content-background-meta":{"desktop":{"background-color":"var(--ast-global-color-5)","background-image":"","background-repeat":"repeat","background-position":"center center","background-size":"auto","background-attachment":"scroll","background-type":"","background-media":"","overlay-type":"","overlay-color":"","overlay-opacity":"","overlay-gradient":""},"tablet":{"background-color":"var(--ast-global-color-5)","background-image":"","background-repeat":"repeat","background-position":"center center","background-size":"auto","background-attachment":"scroll","background-type":"","background-media":"","overlay-type":"","overlay-color":"","overlay-opacity":"","overlay-gradient":""},"mobile":{"background-color":"var(--ast-global-color-5)","background-image":"","background-repeat":"repeat","background-position":"center center","background-size":"auto","background-attachment":"scroll","background-type":"","background-media":"","overlay-type":"","overlay-color":"","overlay-opacity":"","overlay-gradient":""}},"footnotes":""},"class_list":["post-11503","page","type-page","status-publish","hentry"],"yoast_head":"<!-- This site is optimized with the Yoast SEO plugin v24.2 - https:\/\/yoast.com\/wordpress\/plugins\/seo\/ -->\n<title>Vanemate grupp - Kaia Kapsta-Forrester<\/title>\n<meta name=\"robots\" content=\"index, follow, max-snippet:-1, max-image-preview:large, max-video-preview:-1\" \/>\n<link rel=\"canonical\" href=\"https:\/\/kaiakapsta.com\/en\/vanemate-grupp\/\" \/>\n<meta property=\"og:locale\" content=\"en_US\" \/>\n<meta property=\"og:type\" content=\"article\" \/>\n<meta property=\"og:title\" content=\"Vanemate grupp - Kaia Kapsta-Forrester\" \/>\n<meta property=\"og:description\" content=\"Lapsevanemate suhtehariduslik tugigrupp &#8220;Teekond teismeliseni&#8221; Grupp on m\u00f5eldud sinule, kes sa lapsevanemana soovid luua oma teismelisest lapsega paremat emotsionaalset \u00fchendust ja teineteise m\u00f5istmist. L\u00c4BIVIIJA: Kaia Kapsta-Forrester KOHTI: 16 ALGUS: Selgub. Info saamiseks j\u00e4ta oma kontaktinfo allolevasse vormi. KOHTUMISI: 5 AADRESS: Weizenbergi 6 KELLAAEG: 17:30-21:00 N\u00c4DALAP\u00c4EV: Esmasp\u00e4ev HIND: 250\u20ac TEEMA: Lapsevanematele suunatud suhteharidusliku tugigrupi eesm\u00e4rgiks on [&hellip;]\" \/>\n<meta property=\"og:url\" content=\"https:\/\/kaiakapsta.com\/en\/vanemate-grupp\/\" \/>\n<meta property=\"og:site_name\" content=\"Kaia Kapsta-Forrester\" \/>\n<meta property=\"article:modified_time\" content=\"2023-09-27T05:23:42+00:00\" \/>\n<meta property=\"og:image\" content=\"https:\/\/kaiakapsta.com\/wp-content\/uploads\/2023\/08\/grupp-2-square-1024x1024.jpg\" \/>\n<meta name=\"twitter:card\" content=\"summary_large_image\" \/>\n<meta name=\"twitter:label1\" content=\"Est. reading time\" \/>\n\t<meta name=\"twitter:data1\" content=\"1 minute\" \/>\n<script type=\"application\/ld+json\" class=\"yoast-schema-graph\">{\"@context\":\"https:\/\/schema.org\",\"@graph\":[{\"@type\":\"WebPage\",\"@id\":\"https:\/\/kaiakapsta.com\/vanemate-grupp\/\",\"url\":\"https:\/\/kaiakapsta.com\/vanemate-grupp\/\",\"name\":\"Vanemate grupp - Kaia Kapsta-Forrester\",\"isPartOf\":{\"@id\":\"https:\/\/kaiakapsta.com\/#website\"},\"primaryImageOfPage\":{\"@id\":\"https:\/\/kaiakapsta.com\/vanemate-grupp\/#primaryimage\"},\"image\":{\"@id\":\"https:\/\/kaiakapsta.com\/vanemate-grupp\/#primaryimage\"},\"thumbnailUrl\":\"https:\/\/kaiakapsta.com\/wp-content\/uploads\/2023\/08\/grupp-2-square-1024x1024.jpg\",\"datePublished\":\"2023-08-10T11:50:37+00:00\",\"dateModified\":\"2023-09-27T05:23:42+00:00\",\"breadcrumb\":{\"@id\":\"https:\/\/kaiakapsta.com\/vanemate-grupp\/#breadcrumb\"},\"inLanguage\":\"en-US\",\"potentialAction\":[{\"@type\":\"ReadAction\",\"target\":[\"https:\/\/kaiakapsta.com\/vanemate-grupp\/\"]}]},{\"@type\":\"ImageObject\",\"inLanguage\":\"en-US\",\"@id\":\"https:\/\/kaiakapsta.com\/vanemate-grupp\/#primaryimage\",\"url\":\"https:\/\/kaiakapsta.com\/wp-content\/uploads\/2023\/08\/grupp-2-square-1024x1024.jpg\",\"contentUrl\":\"https:\/\/kaiakapsta.com\/wp-content\/uploads\/2023\/08\/grupp-2-square-1024x1024.jpg\"},{\"@type\":\"BreadcrumbList\",\"@id\":\"https:\/\/kaiakapsta.com\/vanemate-grupp\/#breadcrumb\",\"itemListElement\":[{\"@type\":\"ListItem\",\"position\":1,\"name\":\"Home\",\"item\":\"https:\/\/kaiakapsta.com\/\"},{\"@type\":\"ListItem\",\"position\":2,\"name\":\"Vanemate grupp\"}]},{\"@type\":\"WebSite\",\"@id\":\"https:\/\/kaiakapsta.com\/#website\",\"url\":\"https:\/\/kaiakapsta.com\/\",\"name\":\"Kaia Kapsta-Forrester\",\"description\":\"\u00dchendades \u00fchendusi\",\"publisher\":{\"@id\":\"https:\/\/kaiakapsta.com\/#organization\"},\"potentialAction\":[{\"@type\":\"SearchAction\",\"target\":{\"@type\":\"EntryPoint\",\"urlTemplate\":\"https:\/\/kaiakapsta.com\/?s={search_term_string}\"},\"query-input\":{\"@type\":\"PropertyValueSpecification\",\"valueRequired\":true,\"valueName\":\"search_term_string\"}}],\"inLanguage\":\"en-US\"},{\"@type\":\"Organization\",\"@id\":\"https:\/\/kaiakapsta.com\/#organization\",\"name\":\"Kaia Kapsta-Forrester\",\"url\":\"https:\/\/kaiakapsta.com\/\",\"logo\":{\"@type\":\"ImageObject\",\"inLanguage\":\"en-US\",\"@id\":\"https:\/\/kaiakapsta.com\/#\/schema\/logo\/image\/\",\"url\":\"https:\/\/kaiakapsta.com\/wp-content\/uploads\/2022\/12\/Kaia-logo-3.png\",\"contentUrl\":\"https:\/\/kaiakapsta.com\/wp-content\/uploads\/2022\/12\/Kaia-logo-3.png\",\"width\":725,\"height\":215,\"caption\":\"Kaia Kapsta-Forrester\"},\"image\":{\"@id\":\"https:\/\/kaiakapsta.com\/#\/schema\/logo\/image\/\"}}]}<\/script>\n<!-- \/ Yoast SEO plugin. -->","yoast_head_json":{"title":"Vanemate grupp - Kaia Kapsta-Forrester","robots":{"index":"index","follow":"follow","max-snippet":"max-snippet:-1","max-image-preview":"max-image-preview:large","max-video-preview":"max-video-preview:-1"},"canonical":"https:\/\/kaiakapsta.com\/en\/vanemate-grupp\/","og_locale":"en_US","og_type":"article","og_title":"Vanemate grupp - Kaia Kapsta-Forrester","og_description":"Lapsevanemate suhtehariduslik tugigrupp &#8220;Teekond teismeliseni&#8221; Grupp on m\u00f5eldud sinule, kes sa lapsevanemana soovid luua oma teismelisest lapsega paremat emotsionaalset \u00fchendust ja teineteise m\u00f5istmist. L\u00c4BIVIIJA: Kaia Kapsta-Forrester KOHTI: 16 ALGUS: Selgub. Info saamiseks j\u00e4ta oma kontaktinfo allolevasse vormi. KOHTUMISI: 5 AADRESS: Weizenbergi 6 KELLAAEG: 17:30-21:00 N\u00c4DALAP\u00c4EV: Esmasp\u00e4ev HIND: 250\u20ac TEEMA: Lapsevanematele suunatud suhteharidusliku tugigrupi eesm\u00e4rgiks on [&hellip;]","og_url":"https:\/\/kaiakapsta.com\/en\/vanemate-grupp\/","og_site_name":"Kaia Kapsta-Forrester","article_modified_time":"2023-09-27T05:23:42+00:00","og_image":[{"url":"https:\/\/kaiakapsta.com\/wp-content\/uploads\/2023\/08\/grupp-2-square-1024x1024.jpg","type":"","width":"","height":""}],"twitter_card":"summary_large_image","twitter_misc":{"Est. reading time":"1 minute"},"schema":{"@context":"https:\/\/schema.org","@graph":[{"@type":"WebPage","@id":"https:\/\/kaiakapsta.com\/vanemate-grupp\/","url":"https:\/\/kaiakapsta.com\/vanemate-grupp\/","name":"Vanemate grupp - Kaia Kapsta-Forrester","isPartOf":{"@id":"https:\/\/kaiakapsta.com\/#website"},"primaryImageOfPage":{"@id":"https:\/\/kaiakapsta.com\/vanemate-grupp\/#primaryimage"},"image":{"@id":"https:\/\/kaiakapsta.com\/vanemate-grupp\/#primaryimage"},"thumbnailUrl":"https:\/\/kaiakapsta.com\/wp-content\/uploads\/2023\/08\/grupp-2-square-1024x1024.jpg","datePublished":"2023-08-10T11:50:37+00:00","dateModified":"2023-09-27T05:23:42+00:00","breadcrumb":{"@id":"https:\/\/kaiakapsta.com\/vanemate-grupp\/#breadcrumb"},"inLanguage":"en-US","potentialAction":[{"@type":"ReadAction","target":["https:\/\/kaiakapsta.com\/vanemate-grupp\/"]}]},{"@type":"ImageObject","inLanguage":"en-US","@id":"https:\/\/kaiakapsta.com\/vanemate-grupp\/#primaryimage","url":"https:\/\/kaiakapsta.com\/wp-content\/uploads\/2023\/08\/grupp-2-square-1024x1024.jpg","contentUrl":"https:\/\/kaiakapsta.com\/wp-content\/uploads\/2023\/08\/grupp-2-square-1024x1024.jpg"},{"@type":"BreadcrumbList","@id":"https:\/\/kaiakapsta.com\/vanemate-grupp\/#breadcrumb","itemListElement":[{"@type":"ListItem","position":1,"name":"Home","item":"https:\/\/kaiakapsta.com\/"},{"@type":"ListItem","position":2,"name":"Vanemate grupp"}]},{"@type":"WebSite","@id":"https:\/\/kaiakapsta.com\/#website","url":"https:\/\/kaiakapsta.com\/","name":"Kaia Kapsta-Forrester","description":"\u00dchendades \u00fchendusi","publisher":{"@id":"https:\/\/kaiakapsta.com\/#organization"},"potentialAction":[{"@type":"SearchAction","target":{"@type":"EntryPoint","urlTemplate":"https:\/\/kaiakapsta.com\/?s={search_term_string}"},"query-input":{"@type":"PropertyValueSpecification","valueRequired":true,"valueName":"search_term_string"}}],"inLanguage":"en-US"},{"@type":"Organization","@id":"https:\/\/kaiakapsta.com\/#organization","name":"Kaia Kapsta-Forrester","url":"https:\/\/kaiakapsta.com\/","logo":{"@type":"ImageObject","inLanguage":"en-US","@id":"https:\/\/kaiakapsta.com\/#\/schema\/logo\/image\/","url":"https:\/\/kaiakapsta.com\/wp-content\/uploads\/2022\/12\/Kaia-logo-3.png","contentUrl":"https:\/\/kaiakapsta.com\/wp-content\/uploads\/2022\/12\/Kaia-logo-3.png","width":725,"height":215,"caption":"Kaia Kapsta-Forrester"},"image":{"@id":"https:\/\/kaiakapsta.com\/#\/schema\/logo\/image\/"}}]}},"_links":{"self":[{"href":"https:\/\/kaiakapsta.com\/en\/wp-json\/wp\/v2\/pages\/11503"}],"collection":[{"href":"https:\/\/kaiakapsta.com\/en\/wp-json\/wp\/v2\/pages"}],"about":[{"href":"https:\/\/kaiakapsta.com\/en\/wp-json\/wp\/v2\/types\/page"}],"author":[{"embeddable":true,"href":"https:\/\/kaiakapsta.com\/en\/wp-json\/wp\/v2\/users\/5"}],"replies":[{"embeddable":true,"href":"https:\/\/kaiakapsta.com\/en\/wp-json\/wp\/v2\/comments?post=11503"}],"version-history":[{"count":27,"href":"https:\/\/kaiakapsta.com\/en\/wp-json\/wp\/v2\/pages\/11503\/revisions"}],"predecessor-version":[{"id":11600,"href":"https:\/\/kaiakapsta.com\/en\/wp-json\/wp\/v2\/pages\/11503\/revisions\/11600"}],"wp:attachment":[{"href":"https:\/\/kaiakapsta.com\/en\/wp-json\/wp\/v2\/media?parent=11503"}],"curies":[{"name":"wp","href":"https:\/\/api.w.org\/{rel}","templated":true}]}}