{"id":11275,"date":"2023-03-08T08:20:05","date_gmt":"2023-03-08T06:20:05","guid":{"rendered":"https:\/\/kaiakapsta.com\/?page_id=11275"},"modified":"2024-05-28T09:38:41","modified_gmt":"2024-05-28T06:38:41","slug":"naiste-grupp","status":"publish","type":"page","link":"https:\/\/kaiakapsta.com\/en\/naiste-grupp\/","title":{"rendered":"Naiste grupp"},"content":{"rendered":"<div data-elementor-type=\"wp-page\" data-elementor-id=\"11275\" class=\"elementor elementor-11275\">\n\t\t\t\t\t\t<section class=\"elementor-section elementor-top-section elementor-element elementor-element-7f1e73c elementor-section-boxed elementor-section-height-default elementor-section-height-default\" data-id=\"7f1e73c\" data-element_type=\"section\" data-settings=\"{&quot;background_background&quot;:&quot;classic&quot;}\">\n\t\t\t\t\t\t<div class=\"elementor-container elementor-column-gap-no\">\n\t\t\t\t\t<div class=\"elementor-column elementor-col-100 elementor-top-column elementor-element elementor-element-67308083\" data-id=\"67308083\" data-element_type=\"column\">\n\t\t\t<div class=\"elementor-widget-wrap elementor-element-populated\">\n\t\t\t\t\t\t<div class=\"elementor-element elementor-element-6ad6df8 elementor-widget elementor-widget-heading\" data-id=\"6ad6df8\" data-element_type=\"widget\" data-widget_type=\"heading.default\">\n\t\t\t\t<div class=\"elementor-widget-container\">\n\t\t\t\t\t<h2 class=\"elementor-heading-title elementor-size-default\">Naiste enesearengu-grupp \"Suhted minu elus ja minu ELU SUHTED\"<\/h2>\t\t\t\t<\/div>\n\t\t\t\t<\/div>\n\t\t\t\t\t<\/div>\n\t\t<\/div>\n\t\t\t\t\t<\/div>\n\t\t<\/section>\n\t\t<div class=\"elementor-element elementor-element-a9e9d9c e-flex e-con-boxed e-con e-parent\" data-id=\"a9e9d9c\" data-element_type=\"container\">\n\t\t\t\t\t<div class=\"e-con-inner\">\n\t\t<div class=\"elementor-element elementor-element-e98148a e-con-full e-flex e-con e-child\" data-id=\"e98148a\" data-element_type=\"container\">\n\t\t\t\t<div class=\"elementor-element elementor-element-a124b1c elementor-widget elementor-widget-image\" data-id=\"a124b1c\" data-element_type=\"widget\" data-widget_type=\"image.default\">\n\t\t\t\t<div class=\"elementor-widget-container\">\n\t\t\t\t\t\t\t\t\t\t\t\t\t\t\t<img fetchpriority=\"high\" decoding=\"async\" width=\"1024\" height=\"1024\" src=\"https:\/\/kaiakapsta.com\/wp-content\/uploads\/2023\/08\/IG-autentne-mina-2-1024x1024.jpg\" class=\"attachment-large size-large wp-image-11511\" alt=\"\" srcset=\"https:\/\/kaiakapsta.com\/wp-content\/uploads\/2023\/08\/IG-autentne-mina-2-1024x1024.jpg 1024w, https:\/\/kaiakapsta.com\/wp-content\/uploads\/2023\/08\/IG-autentne-mina-2-300x300.jpg 300w, https:\/\/kaiakapsta.com\/wp-content\/uploads\/2023\/08\/IG-autentne-mina-2-150x150.jpg 150w, https:\/\/kaiakapsta.com\/wp-content\/uploads\/2023\/08\/IG-autentne-mina-2-768x768.jpg 768w, https:\/\/kaiakapsta.com\/wp-content\/uploads\/2023\/08\/IG-autentne-mina-2-1536x1536.jpg 1536w, https:\/\/kaiakapsta.com\/wp-content\/uploads\/2023\/08\/IG-autentne-mina-2-2048x2048.jpg 2048w, https:\/\/kaiakapsta.com\/wp-content\/uploads\/2023\/08\/IG-autentne-mina-2-12x12.jpg 12w, https:\/\/kaiakapsta.com\/wp-content\/uploads\/2023\/08\/IG-autentne-mina-2-600x600.jpg 600w, https:\/\/kaiakapsta.com\/wp-content\/uploads\/2023\/08\/IG-autentne-mina-2-100x100.jpg 100w\" sizes=\"(max-width: 1024px) 100vw, 1024px\" \/>\t\t\t\t\t\t\t\t\t\t\t\t\t\t\t<\/div>\n\t\t\t\t<\/div>\n\t\t\t\t<div class=\"elementor-element elementor-element-43d8d27 elementor-widget elementor-widget-heading\" data-id=\"43d8d27\" data-element_type=\"widget\" data-widget_type=\"heading.default\">\n\t\t\t\t<div class=\"elementor-widget-container\">\n\t\t\t\t\t<h2 class=\"elementor-heading-title elementor-size-default\">Saada osalemissoov:<\/h2>\t\t\t\t<\/div>\n\t\t\t\t<\/div>\n\t\t\t\t<div class=\"elementor-element elementor-element-fde601c elementor-widget elementor-widget-wpforms\" data-id=\"fde601c\" data-element_type=\"widget\" data-widget_type=\"wpforms.default\">\n\t\t\t\t<div class=\"elementor-widget-container\">\n\t\t\t\t\t<div class=\"wpforms-container\" id=\"wpforms-11704\"><form id=\"wpforms-form-11704\" class=\"wpforms-validate wpforms-form wpforms-ajax-form\" data-formid=\"11704\" method=\"post\" enctype=\"multipart\/form-data\" action=\"\/en\/wp-json\/wp\/v2\/pages\/11275\" data-token=\"b23409713b2758d9f9ab55b269361e81\" data-token-time=\"1776612638\" data-trp-original-action=\"\/en\/wp-json\/wp\/v2\/pages\/11275\"><noscript class=\"wpforms-error-noscript\">Please enable JavaScript in your browser to complete this form.<\/noscript><div class=\"wpforms-field-container\"><div id=\"wpforms-11704-field_1-container\" class=\"wpforms-field wpforms-field-name\" data-field-id=\"1\"><label class=\"wpforms-field-label\" for=\"wpforms-11704-field_1\">Nimi <span class=\"wpforms-required-label\">*<\/span><\/label><input type=\"text\" id=\"wpforms-11704-field_1\" class=\"wpforms-field-medium wpforms-field-required\" name=\"wpforms[fields][1]\" required><\/div><div id=\"wpforms-11704-field_2-container\" class=\"wpforms-field wpforms-field-email\" data-field-id=\"2\"><label class=\"wpforms-field-label\" for=\"wpforms-11704-field_2\">E-maili aadress <span class=\"wpforms-required-label\">*<\/span><\/label><input type=\"email\" id=\"wpforms-11704-field_2\" class=\"wpforms-field-medium wpforms-field-required\" name=\"wpforms[fields][2]\" spellcheck=\"false\" required><\/div><div id=\"wpforms-11704-field_7-container\" class=\"wpforms-field wpforms-field-text\" data-field-id=\"7\"><label class=\"wpforms-field-label\" for=\"wpforms-11704-field_7\">Telefoninumber <span class=\"wpforms-required-label\">*<\/span><\/label><input type=\"text\" id=\"wpforms-11704-field_7\" class=\"wpforms-field-medium wpforms-field-required\" name=\"wpforms[fields][7]\" required><\/div><div id=\"wpforms-11704-field_6-container\" class=\"wpforms-field wpforms-field-textarea\" data-field-id=\"6\"><label class=\"wpforms-field-label\" for=\"wpforms-11704-field_6\">Mis Sind grupi kirjelduses k\u00f5ige rohkem k\u00f5netab?<\/label><textarea id=\"wpforms-11704-field_6\" class=\"wpforms-field-medium\" name=\"wpforms[fields][6]\" ><\/textarea><\/div><\/div><!-- .wpforms-field-container --><div class=\"wpforms-submit-container\" ><input type=\"hidden\" name=\"wpforms[id]\" value=\"11704\"><input type=\"hidden\" name=\"page_title\" value=\"\"><input type=\"hidden\" name=\"page_url\" value=\"https:\/\/kaiakapsta.com\/en\/wp-json\/wp\/v2\/pages\/11275\"><button type=\"submit\" name=\"wpforms[submit]\" id=\"wpforms-submit-11704\" class=\"wpforms-submit\" data-alt-text=\"Saatmine...\" data-submit-text=\"Saada\" aria-live=\"assertive\" value=\"wpforms-submit\">Saada<\/button><img decoding=\"async\" src=\"https:\/\/kaiakapsta.com\/wp-content\/plugins\/wpforms-lite\/assets\/images\/submit-spin.svg\" class=\"wpforms-submit-spinner\" style=\"display: none;\" width=\"26\" height=\"26\" alt=\"Loading\"><\/div><input type=\"hidden\" name=\"trp-form-language\" value=\"en\"\/><\/form><\/div>  <!-- .wpforms-container -->\t\t\t\t<\/div>\n\t\t\t\t<\/div>\n\t\t\t\t<\/div>\n\t\t<div class=\"elementor-element elementor-element-122cd8f e-con-full e-flex e-con e-child\" data-id=\"122cd8f\" data-element_type=\"container\">\n\t\t\t\t<div class=\"elementor-element elementor-element-b0784f6 elementor-widget elementor-widget-text-editor\" data-id=\"b0784f6\" data-element_type=\"widget\" data-widget_type=\"text-editor.default\">\n\t\t\t\t<div class=\"elementor-widget-container\">\n\t\t\t\t\t\t\t\t\t<p class=\"p1\">Grupp on m\u00f5eldud naistele, kes on astunud enesearengulisele teele ja soovivad teritada oma teadlikkust suhete uurimise kaudu.<\/p><p><span style=\"font-weight: 400;\"><strong>L\u00c4BIVIIJA: <\/strong><\/span>Ps\u00fchhoterapeut<b>\u00a0<\/b>Kaia Kapsta-Forrester, MSc<br \/><span style=\"font-weight: 400;\"><strong>KOHTI: <\/strong>10<br \/><\/span><span style=\"font-weight: 400;\"><span style=\"color: #993300;\"><strong>ALGUS<\/strong>:\u00a0<u>Selgub<\/u>. Info saamiseks j\u00e4ta oma kontaktinfo allolevasse vormi.<\/span><strong><br \/>KOHTUMISI<\/strong>: 5<br \/><\/span><strong>AADRESS<\/strong>: Weizenbergi 6-2<br \/><strong>KELLAAEG<\/strong>: 18:00-21:00<br \/><strong>N\u00c4DALAP\u00c4EV<\/strong>: Teisip\u00e4ev<br \/><strong>HIND<\/strong>: 250\u20ac\u00a0<\/p><p><strong>TEEMA<\/strong>: Suhted minu \u00fcmber, olulised suhted, t\u00e4henduslikud suhted, mis ulatuvad ka aegade taha v\u00f5i mis annavad n.\u00f6 kammertooni k\u00f5igele, mis mind igap\u00e4evaselt saadab&#8230; Uurime viise, kuidas teadvustada oma autentset olemust suhteruumis, julgeda astuda v\u00e4lja ennast v\u00e4\u00e4rtustavate eneseavaldustega, osata ennast l\u00e4bi terve ja turvalise enesekehtestamise rohkem hinnata \u2013 ja tunda ennast ikkagi vastuv\u00f5etud, tahetuna ja aktsepteerituna.<\/p><p class=\"p1\">Enesearenguline grupp on mitteprogrammiline grupid\u00fcnaamikat ja\u00a0-s\u00fcnergiat arvestav v\u00f5imalus iseenda potentsiaali uurimiseks, isiklike sisemiste v\u00f5i oma s\u00fcsteemist tulenevate barj\u00e4\u00e4ride teadvustamiseks ja v\u00f5imalike j\u00e4rgmiste sammude l\u00e4bitunnetamiseks. See on ruumi tegemine uuele.\u00a0<\/p><p class=\"p1\">Tegemist on grupikogemusega, kus ruum,\u00a0\u00a0m\u00e4ngureeglid ja l\u00e4bitavad teemad luuakse\u00a0\u00fchiselt\u00a0grupi vajadustest l\u00e4htuvalt.<\/p><p class=\"p1\">L\u00e4htun\u00a0grupi juhendamise protsessis nii ps\u00fchhodraama, kui teistest grupit\u00f6\u00f6\u00a0meetoditest.<\/p><p class=\"p1\">Registreerumiseks palun saata oma osalemissoov.<\/p><p class=\"p2\">NB! Ettev\u00f5ttele on v\u00f5imalik v\u00e4ljastada arve<\/p><p class=\"p2\">P\u00f5nevate \u00fchiste avastusteni!<\/p><p class=\"p5\">Kaia Kapsta-Forrester<\/p><p class=\"p5\">Mob.: +372 56460262<\/p>\t\t\t\t\t\t\t\t<\/div>\n\t\t\t\t<\/div>\n\t\t\t\t<\/div>\n\t\t\t\t\t<\/div>\n\t\t\t\t<\/div>\n\t\t<div class=\"elementor-element elementor-element-a4722f1 e-flex e-con-boxed e-con e-parent\" data-id=\"a4722f1\" data-element_type=\"container\">\n\t\t\t\t\t<div class=\"e-con-inner\">\n\t\t\t\t\t<\/div>\n\t\t\t\t<\/div>\n\t\t\t\t<\/div>","protected":false},"excerpt":{"rendered":"<p>Naiste enesearengu-grupp &#8220;Suhted minu elus ja minu ELU SUHTED&#8221; Saada osalemissoov: Please enable JavaScript in your browser to complete this form.Nimi *E-maili aadress *Telefoninumber *Mis Sind grupi kirjelduses k\u00f5ige rohkem k\u00f5netab? Saada Grupp on m\u00f5eldud naistele, kes on astunud enesearengulisele teele ja soovivad teritada oma teadlikkust suhete uurimise kaudu. L\u00c4BIVIIJA: Ps\u00fchhoterapeut\u00a0Kaia Kapsta-Forrester, MScKOHTI: 10ALGUS:\u00a0Selgub. Info [&hellip;]<\/p>","protected":false},"author":5,"featured_media":0,"parent":0,"menu_order":0,"comment_status":"closed","ping_status":"closed","template":"","meta":{"site-sidebar-layout":"no-sidebar","site-content-layout":"page-builder","ast-site-content-layout":"full-width-container","site-content-style":"unboxed","site-sidebar-style":"unboxed","ast-global-header-display":"","ast-banner-title-visibility":"","ast-main-header-display":"","ast-hfb-above-header-display":"","ast-hfb-below-header-display":"","ast-hfb-mobile-header-display":"","site-post-title":"disabled","ast-breadcrumbs-content":"","ast-featured-img":"disabled","footer-sml-layout":"","theme-transparent-header-meta":"","adv-header-id-meta":"","stick-header-meta":"","header-above-stick-meta":"","header-main-stick-meta":"","header-below-stick-meta":"","astra-migrate-meta-layouts":"set","ast-page-background-enabled":"default","ast-page-background-meta":{"desktop":{"background-color":"var(--ast-global-color-4)","background-image":"","background-repeat":"repeat","background-position":"center center","background-size":"auto","background-attachment":"scroll","background-type":"","background-media":"","overlay-type":"","overlay-color":"","overlay-opacity":"","overlay-gradient":""},"tablet":{"background-color":"","background-image":"","background-repeat":"repeat","background-position":"center center","background-size":"auto","background-attachment":"scroll","background-type":"","background-media":"","overlay-type":"","overlay-color":"","overlay-opacity":"","overlay-gradient":""},"mobile":{"background-color":"","background-image":"","background-repeat":"repeat","background-position":"center center","background-size":"auto","background-attachment":"scroll","background-type":"","background-media":"","overlay-type":"","overlay-color":"","overlay-opacity":"","overlay-gradient":""}},"ast-content-background-meta":{"desktop":{"background-color":"var(--ast-global-color-5)","background-image":"","background-repeat":"repeat","background-position":"center center","background-size":"auto","background-attachment":"scroll","background-type":"","background-media":"","overlay-type":"","overlay-color":"","overlay-opacity":"","overlay-gradient":""},"tablet":{"background-color":"var(--ast-global-color-5)","background-image":"","background-repeat":"repeat","background-position":"center center","background-size":"auto","background-attachment":"scroll","background-type":"","background-media":"","overlay-type":"","overlay-color":"","overlay-opacity":"","overlay-gradient":""},"mobile":{"background-color":"var(--ast-global-color-5)","background-image":"","background-repeat":"repeat","background-position":"center center","background-size":"auto","background-attachment":"scroll","background-type":"","background-media":"","overlay-type":"","overlay-color":"","overlay-opacity":"","overlay-gradient":""}},"footnotes":""},"class_list":["post-11275","page","type-page","status-publish","hentry"],"yoast_head":"<!-- This site is optimized with the Yoast SEO plugin v24.2 - https:\/\/yoast.com\/wordpress\/plugins\/seo\/ -->\n<title>Naiste grupp - Kaia Kapsta-Forrester<\/title>\n<meta name=\"robots\" content=\"index, follow, max-snippet:-1, max-image-preview:large, max-video-preview:-1\" \/>\n<link rel=\"canonical\" href=\"https:\/\/kaiakapsta.com\/en\/naiste-grupp\/\" \/>\n<meta property=\"og:locale\" content=\"en_US\" \/>\n<meta property=\"og:type\" content=\"article\" \/>\n<meta property=\"og:title\" content=\"Naiste grupp - Kaia Kapsta-Forrester\" \/>\n<meta property=\"og:description\" content=\"Naiste enesearengu-grupp &#8220;Suhted minu elus ja minu ELU SUHTED&#8221; Saada osalemissoov: Please enable JavaScript in your browser to complete this form.Nimi *E-maili aadress *Telefoninumber *Mis Sind grupi kirjelduses k\u00f5ige rohkem k\u00f5netab? Saada Grupp on m\u00f5eldud naistele, kes on astunud enesearengulisele teele ja soovivad teritada oma teadlikkust suhete uurimise kaudu. L\u00c4BIVIIJA: Ps\u00fchhoterapeut\u00a0Kaia Kapsta-Forrester, MScKOHTI: 10ALGUS:\u00a0Selgub. Info [&hellip;]\" \/>\n<meta property=\"og:url\" content=\"https:\/\/kaiakapsta.com\/en\/naiste-grupp\/\" \/>\n<meta property=\"og:site_name\" content=\"Kaia Kapsta-Forrester\" \/>\n<meta property=\"article:modified_time\" content=\"2024-05-28T06:38:41+00:00\" \/>\n<meta property=\"og:image\" content=\"https:\/\/kaiakapsta.com\/wp-content\/uploads\/2023\/08\/IG-autentne-mina-2-1024x1024.jpg\" \/>\n<meta name=\"twitter:card\" content=\"summary_large_image\" \/>\n<meta name=\"twitter:label1\" content=\"Est. reading time\" \/>\n\t<meta name=\"twitter:data1\" content=\"1 minute\" \/>\n<script type=\"application\/ld+json\" class=\"yoast-schema-graph\">{\"@context\":\"https:\/\/schema.org\",\"@graph\":[{\"@type\":\"WebPage\",\"@id\":\"https:\/\/kaiakapsta.com\/naiste-grupp\/\",\"url\":\"https:\/\/kaiakapsta.com\/naiste-grupp\/\",\"name\":\"Naiste grupp - Kaia Kapsta-Forrester\",\"isPartOf\":{\"@id\":\"https:\/\/kaiakapsta.com\/#website\"},\"primaryImageOfPage\":{\"@id\":\"https:\/\/kaiakapsta.com\/naiste-grupp\/#primaryimage\"},\"image\":{\"@id\":\"https:\/\/kaiakapsta.com\/naiste-grupp\/#primaryimage\"},\"thumbnailUrl\":\"https:\/\/kaiakapsta.com\/wp-content\/uploads\/2023\/08\/IG-autentne-mina-2-1024x1024.jpg\",\"datePublished\":\"2023-03-08T06:20:05+00:00\",\"dateModified\":\"2024-05-28T06:38:41+00:00\",\"breadcrumb\":{\"@id\":\"https:\/\/kaiakapsta.com\/naiste-grupp\/#breadcrumb\"},\"inLanguage\":\"en-US\",\"potentialAction\":[{\"@type\":\"ReadAction\",\"target\":[\"https:\/\/kaiakapsta.com\/naiste-grupp\/\"]}]},{\"@type\":\"ImageObject\",\"inLanguage\":\"en-US\",\"@id\":\"https:\/\/kaiakapsta.com\/naiste-grupp\/#primaryimage\",\"url\":\"https:\/\/kaiakapsta.com\/wp-content\/uploads\/2023\/08\/IG-autentne-mina-2-1024x1024.jpg\",\"contentUrl\":\"https:\/\/kaiakapsta.com\/wp-content\/uploads\/2023\/08\/IG-autentne-mina-2-1024x1024.jpg\"},{\"@type\":\"BreadcrumbList\",\"@id\":\"https:\/\/kaiakapsta.com\/naiste-grupp\/#breadcrumb\",\"itemListElement\":[{\"@type\":\"ListItem\",\"position\":1,\"name\":\"Home\",\"item\":\"https:\/\/kaiakapsta.com\/\"},{\"@type\":\"ListItem\",\"position\":2,\"name\":\"Naiste grupp\"}]},{\"@type\":\"WebSite\",\"@id\":\"https:\/\/kaiakapsta.com\/#website\",\"url\":\"https:\/\/kaiakapsta.com\/\",\"name\":\"Kaia Kapsta-Forrester\",\"description\":\"\u00dchendades \u00fchendusi\",\"publisher\":{\"@id\":\"https:\/\/kaiakapsta.com\/#organization\"},\"potentialAction\":[{\"@type\":\"SearchAction\",\"target\":{\"@type\":\"EntryPoint\",\"urlTemplate\":\"https:\/\/kaiakapsta.com\/?s={search_term_string}\"},\"query-input\":{\"@type\":\"PropertyValueSpecification\",\"valueRequired\":true,\"valueName\":\"search_term_string\"}}],\"inLanguage\":\"en-US\"},{\"@type\":\"Organization\",\"@id\":\"https:\/\/kaiakapsta.com\/#organization\",\"name\":\"Kaia Kapsta-Forrester\",\"url\":\"https:\/\/kaiakapsta.com\/\",\"logo\":{\"@type\":\"ImageObject\",\"inLanguage\":\"en-US\",\"@id\":\"https:\/\/kaiakapsta.com\/#\/schema\/logo\/image\/\",\"url\":\"https:\/\/kaiakapsta.com\/wp-content\/uploads\/2022\/12\/Kaia-logo-3.png\",\"contentUrl\":\"https:\/\/kaiakapsta.com\/wp-content\/uploads\/2022\/12\/Kaia-logo-3.png\",\"width\":725,\"height\":215,\"caption\":\"Kaia Kapsta-Forrester\"},\"image\":{\"@id\":\"https:\/\/kaiakapsta.com\/#\/schema\/logo\/image\/\"}}]}<\/script>\n<!-- \/ Yoast SEO plugin. -->","yoast_head_json":{"title":"Naiste grupp - Kaia Kapsta-Forrester","robots":{"index":"index","follow":"follow","max-snippet":"max-snippet:-1","max-image-preview":"max-image-preview:large","max-video-preview":"max-video-preview:-1"},"canonical":"https:\/\/kaiakapsta.com\/en\/naiste-grupp\/","og_locale":"en_US","og_type":"article","og_title":"Naiste grupp - Kaia Kapsta-Forrester","og_description":"Naiste enesearengu-grupp &#8220;Suhted minu elus ja minu ELU SUHTED&#8221; Saada osalemissoov: Please enable JavaScript in your browser to complete this form.Nimi *E-maili aadress *Telefoninumber *Mis Sind grupi kirjelduses k\u00f5ige rohkem k\u00f5netab? Saada Grupp on m\u00f5eldud naistele, kes on astunud enesearengulisele teele ja soovivad teritada oma teadlikkust suhete uurimise kaudu. L\u00c4BIVIIJA: Ps\u00fchhoterapeut\u00a0Kaia Kapsta-Forrester, MScKOHTI: 10ALGUS:\u00a0Selgub. Info [&hellip;]","og_url":"https:\/\/kaiakapsta.com\/en\/naiste-grupp\/","og_site_name":"Kaia Kapsta-Forrester","article_modified_time":"2024-05-28T06:38:41+00:00","og_image":[{"url":"https:\/\/kaiakapsta.com\/wp-content\/uploads\/2023\/08\/IG-autentne-mina-2-1024x1024.jpg","type":"","width":"","height":""}],"twitter_card":"summary_large_image","twitter_misc":{"Est. reading time":"1 minute"},"schema":{"@context":"https:\/\/schema.org","@graph":[{"@type":"WebPage","@id":"https:\/\/kaiakapsta.com\/naiste-grupp\/","url":"https:\/\/kaiakapsta.com\/naiste-grupp\/","name":"Naiste grupp - Kaia Kapsta-Forrester","isPartOf":{"@id":"https:\/\/kaiakapsta.com\/#website"},"primaryImageOfPage":{"@id":"https:\/\/kaiakapsta.com\/naiste-grupp\/#primaryimage"},"image":{"@id":"https:\/\/kaiakapsta.com\/naiste-grupp\/#primaryimage"},"thumbnailUrl":"https:\/\/kaiakapsta.com\/wp-content\/uploads\/2023\/08\/IG-autentne-mina-2-1024x1024.jpg","datePublished":"2023-03-08T06:20:05+00:00","dateModified":"2024-05-28T06:38:41+00:00","breadcrumb":{"@id":"https:\/\/kaiakapsta.com\/naiste-grupp\/#breadcrumb"},"inLanguage":"en-US","potentialAction":[{"@type":"ReadAction","target":["https:\/\/kaiakapsta.com\/naiste-grupp\/"]}]},{"@type":"ImageObject","inLanguage":"en-US","@id":"https:\/\/kaiakapsta.com\/naiste-grupp\/#primaryimage","url":"https:\/\/kaiakapsta.com\/wp-content\/uploads\/2023\/08\/IG-autentne-mina-2-1024x1024.jpg","contentUrl":"https:\/\/kaiakapsta.com\/wp-content\/uploads\/2023\/08\/IG-autentne-mina-2-1024x1024.jpg"},{"@type":"BreadcrumbList","@id":"https:\/\/kaiakapsta.com\/naiste-grupp\/#breadcrumb","itemListElement":[{"@type":"ListItem","position":1,"name":"Home","item":"https:\/\/kaiakapsta.com\/"},{"@type":"ListItem","position":2,"name":"Naiste grupp"}]},{"@type":"WebSite","@id":"https:\/\/kaiakapsta.com\/#website","url":"https:\/\/kaiakapsta.com\/","name":"Kaia Kapsta-Forrester","description":"\u00dchendades \u00fchendusi","publisher":{"@id":"https:\/\/kaiakapsta.com\/#organization"},"potentialAction":[{"@type":"SearchAction","target":{"@type":"EntryPoint","urlTemplate":"https:\/\/kaiakapsta.com\/?s={search_term_string}"},"query-input":{"@type":"PropertyValueSpecification","valueRequired":true,"valueName":"search_term_string"}}],"inLanguage":"en-US"},{"@type":"Organization","@id":"https:\/\/kaiakapsta.com\/#organization","name":"Kaia Kapsta-Forrester","url":"https:\/\/kaiakapsta.com\/","logo":{"@type":"ImageObject","inLanguage":"en-US","@id":"https:\/\/kaiakapsta.com\/#\/schema\/logo\/image\/","url":"https:\/\/kaiakapsta.com\/wp-content\/uploads\/2022\/12\/Kaia-logo-3.png","contentUrl":"https:\/\/kaiakapsta.com\/wp-content\/uploads\/2022\/12\/Kaia-logo-3.png","width":725,"height":215,"caption":"Kaia Kapsta-Forrester"},"image":{"@id":"https:\/\/kaiakapsta.com\/#\/schema\/logo\/image\/"}}]}},"_links":{"self":[{"href":"https:\/\/kaiakapsta.com\/en\/wp-json\/wp\/v2\/pages\/11275"}],"collection":[{"href":"https:\/\/kaiakapsta.com\/en\/wp-json\/wp\/v2\/pages"}],"about":[{"href":"https:\/\/kaiakapsta.com\/en\/wp-json\/wp\/v2\/types\/page"}],"author":[{"embeddable":true,"href":"https:\/\/kaiakapsta.com\/en\/wp-json\/wp\/v2\/users\/5"}],"replies":[{"embeddable":true,"href":"https:\/\/kaiakapsta.com\/en\/wp-json\/wp\/v2\/comments?post=11275"}],"version-history":[{"count":108,"href":"https:\/\/kaiakapsta.com\/en\/wp-json\/wp\/v2\/pages\/11275\/revisions"}],"predecessor-version":[{"id":11809,"href":"https:\/\/kaiakapsta.com\/en\/wp-json\/wp\/v2\/pages\/11275\/revisions\/11809"}],"wp:attachment":[{"href":"https:\/\/kaiakapsta.com\/en\/wp-json\/wp\/v2\/media?parent=11275"}],"curies":[{"name":"wp","href":"https:\/\/api.w.org\/{rel}","templated":true}]}}