{"id":11002,"date":"2023-02-06T09:18:20","date_gmt":"2023-02-06T07:18:20","guid":{"rendered":"https:\/\/kaiakapsta.com\/?page_id=11002"},"modified":"2023-05-12T12:46:08","modified_gmt":"2023-05-12T09:46:08","slug":"kauplus","status":"publish","type":"page","link":"https:\/\/kaiakapsta.com\/en\/kauplus\/","title":{"rendered":"Kauplus"},"content":{"rendered":"<div data-elementor-type=\"wp-page\" data-elementor-id=\"11002\" class=\"elementor elementor-11002\">\n\t\t\t\t<div class=\"elementor-element elementor-element-092b7f1 e-flex e-con-boxed e-con e-parent\" data-id=\"092b7f1\" data-element_type=\"container\">\n\t\t\t\t\t<div class=\"e-con-inner\">\n\t\t<div class=\"elementor-element elementor-element-33fdccf e-con-full e-flex e-con e-parent\" data-id=\"33fdccf\" data-element_type=\"container\">\n\t\t\t\t<div class=\"elementor-element elementor-element-cf6877e elementor-widget elementor-widget-heading\" data-id=\"cf6877e\" data-element_type=\"widget\" data-widget_type=\"heading.default\">\n\t\t\t\t<div class=\"elementor-widget-container\">\n\t\t\t\t\t<h2 class=\"elementor-heading-title elementor-size-default\">Kauplus<\/h2>\t\t\t\t<\/div>\n\t\t\t\t<\/div>\n\t\t\t\t<div class=\"elementor-element elementor-element-25f011b elementor-widget-divider--view-line elementor-widget elementor-widget-divider\" data-id=\"25f011b\" data-element_type=\"widget\" data-widget_type=\"divider.default\">\n\t\t\t\t<div class=\"elementor-widget-container\">\n\t\t\t\t\t\t\t<div class=\"elementor-divider\">\n\t\t\t<span class=\"elementor-divider-separator\">\n\t\t\t\t\t\t<\/span>\n\t\t<\/div>\n\t\t\t\t\t\t<\/div>\n\t\t\t\t<\/div>\n\t\t\t\t<\/div>\n\t\t\t\t\t<\/div>\n\t\t\t\t<\/div>\n\t\t<div class=\"elementor-element elementor-element-21c2126f e-flex e-con-boxed e-con e-parent\" data-id=\"21c2126f\" data-element_type=\"container\">\n\t\t\t\t\t<div class=\"e-con-inner\">\n\t\t<div class=\"elementor-element elementor-element-28576343 e-con-full e-flex e-con e-parent\" data-id=\"28576343\" data-element_type=\"container\">\n\t\t\t\t<div class=\"elementor-element elementor-element-314b9107 elementor-widget elementor-widget-image\" data-id=\"314b9107\" data-element_type=\"widget\" data-widget_type=\"image.default\">\n\t\t\t\t<div class=\"elementor-widget-container\">\n\t\t\t\t\t\t\t\t\t\t\t\t\t\t\t\t<a href=\"https:\/\/raamat.prep.ee\/toode\/kuidas-jaada-abielus-onnelikuks\/\" target=\"_blank\">\n\t\t\t\t\t\t\t<img fetchpriority=\"high\" decoding=\"async\" width=\"682\" height=\"1024\" src=\"https:\/\/kaiakapsta.com\/wp-content\/uploads\/2023\/02\/raamat2-682x1024.jpeg\" class=\"attachment-large size-large wp-image-11006\" alt=\"\" srcset=\"https:\/\/kaiakapsta.com\/wp-content\/uploads\/2023\/02\/raamat2-682x1024.jpeg 682w, https:\/\/kaiakapsta.com\/wp-content\/uploads\/2023\/02\/raamat2-300x451.jpeg 300w, https:\/\/kaiakapsta.com\/wp-content\/uploads\/2023\/02\/raamat2-600x902.jpeg 600w, https:\/\/kaiakapsta.com\/wp-content\/uploads\/2023\/02\/raamat2-200x300.jpeg 200w, https:\/\/kaiakapsta.com\/wp-content\/uploads\/2023\/02\/raamat2-768x1154.jpeg 768w, https:\/\/kaiakapsta.com\/wp-content\/uploads\/2023\/02\/raamat2-1022x1536.jpeg 1022w, https:\/\/kaiakapsta.com\/wp-content\/uploads\/2023\/02\/raamat2.jpeg 1363w\" sizes=\"(max-width: 682px) 100vw, 682px\" \/>\t\t\t\t\t\t\t\t<\/a>\n\t\t\t\t\t\t\t\t\t\t\t\t\t\t\t<\/div>\n\t\t\t\t<\/div>\n\t\t\t\t<div class=\"elementor-element elementor-element-3f677d71 elementor-widget elementor-widget-heading\" data-id=\"3f677d71\" data-element_type=\"widget\" data-widget_type=\"heading.default\">\n\t\t\t\t<div class=\"elementor-widget-container\">\n\t\t\t\t\t<h3 class=\"elementor-heading-title elementor-size-default\">RAAMAT - Kuidas j\u00e4\u00e4da abielus \u00f5nnelikuks?\n<\/h3>\t\t\t\t<\/div>\n\t\t\t\t<\/div>\n\t\t\t\t<div class=\"elementor-element elementor-element-3d8abefb elementor-widget elementor-widget-text-editor\" data-id=\"3d8abefb\" data-element_type=\"widget\" data-widget_type=\"text-editor.default\">\n\t\t\t\t<div class=\"elementor-widget-container\">\n\t\t\t\t\t\t\t\t\t<div class=\"elementor-element elementor-element-59e9469 elementor-widget elementor-widget-text-editor\" data-id=\"59e9469\" data-element_type=\"widget\" data-widget_type=\"text-editor.default\"><div class=\"elementor-widget-container\"><div class=\"et_pb_module et_pb_text et_pb_text_13 et_pb_text_align_left et_pb_bg_layout_light\"><div class=\"et_pb_text_inner\"><p>See on praktiline teejuht \u00f5nnelike suhete suunas.<\/p><p>Raamat on jagatud neljaks suuremaks osaks: ohud armastuse kestvusele, konflikti lahendamine meeskonnana, r\u00f5\u00f5m teineteisest ja kursi hoidmine.<\/p><p>Raamatus on arvukaid n\u00e4iteid elust enesest ning praktilised juhised, kuidas igap\u00e4evaeluga toime tulla ja armastust hoida.<\/p><\/div><\/div><\/div><\/div>\t\t\t\t\t\t\t\t<\/div>\n\t\t\t\t<\/div>\n\t\t\t\t<div class=\"elementor-element elementor-element-6d7b0559 elementor-widget elementor-widget-button\" data-id=\"6d7b0559\" data-element_type=\"widget\" data-widget_type=\"button.default\">\n\t\t\t\t<div class=\"elementor-widget-container\">\n\t\t\t\t\t\t\t\t\t<div class=\"elementor-button-wrapper\">\n\t\t\t\t\t<a class=\"elementor-button elementor-button-link elementor-size-sm\" href=\"https:\/\/raamat.prep.ee\/toode\/kuidas-jaada-abielus-onnelikuks\/\" target=\"_blank\">\n\t\t\t\t\t\t<span class=\"elementor-button-content-wrapper\">\n\t\t\t\t\t\t\t\t\t<span class=\"elementor-button-text\">LOE L\u00c4HEMALT JA TELLI SIIT<\/span>\n\t\t\t\t\t<\/span>\n\t\t\t\t\t<\/a>\n\t\t\t\t<\/div>\n\t\t\t\t\t\t\t\t<\/div>\n\t\t\t\t<\/div>\n\t\t\t\t<\/div>\n\t\t<div class=\"elementor-element elementor-element-a081104 e-con-full e-flex e-con e-parent\" data-id=\"a081104\" data-element_type=\"container\">\n\t\t\t\t<div class=\"elementor-element elementor-element-f1595b3 elementor-widget elementor-widget-image\" data-id=\"f1595b3\" data-element_type=\"widget\" data-widget_type=\"image.default\">\n\t\t\t\t<div class=\"elementor-widget-container\">\n\t\t\t\t\t\t\t\t\t\t\t\t\t\t\t\t<a href=\"https:\/\/kaiakapsta.com\/en\/product\/videokoolitus\/\">\n\t\t\t\t\t\t\t<img decoding=\"async\" width=\"731\" height=\"1024\" src=\"https:\/\/kaiakapsta.com\/wp-content\/uploads\/2023\/05\/pexels-emrah-ayvali-2020312-731x1024.jpg\" class=\"attachment-large size-large wp-image-11452\" alt=\"\" srcset=\"https:\/\/kaiakapsta.com\/wp-content\/uploads\/2023\/05\/pexels-emrah-ayvali-2020312-731x1024.jpg 731w, https:\/\/kaiakapsta.com\/wp-content\/uploads\/2023\/05\/pexels-emrah-ayvali-2020312-214x300.jpg 214w, https:\/\/kaiakapsta.com\/wp-content\/uploads\/2023\/05\/pexels-emrah-ayvali-2020312-768x1075.jpg 768w, https:\/\/kaiakapsta.com\/wp-content\/uploads\/2023\/05\/pexels-emrah-ayvali-2020312-1097x1536.jpg 1097w, https:\/\/kaiakapsta.com\/wp-content\/uploads\/2023\/05\/pexels-emrah-ayvali-2020312-1463x2048.jpg 1463w, https:\/\/kaiakapsta.com\/wp-content\/uploads\/2023\/05\/pexels-emrah-ayvali-2020312-9x12.jpg 9w, https:\/\/kaiakapsta.com\/wp-content\/uploads\/2023\/05\/pexels-emrah-ayvali-2020312-300x420.jpg 300w, https:\/\/kaiakapsta.com\/wp-content\/uploads\/2023\/05\/pexels-emrah-ayvali-2020312-600x840.jpg 600w, https:\/\/kaiakapsta.com\/wp-content\/uploads\/2023\/05\/pexels-emrah-ayvali-2020312-scaled.jpg 1828w\" sizes=\"(max-width: 731px) 100vw, 731px\" \/>\t\t\t\t\t\t\t\t<\/a>\n\t\t\t\t\t\t\t\t\t\t\t\t\t\t\t<\/div>\n\t\t\t\t<\/div>\n\t\t\t\t<div class=\"elementor-element elementor-element-3b20e6d elementor-widget elementor-widget-heading\" data-id=\"3b20e6d\" data-element_type=\"widget\" data-widget_type=\"heading.default\">\n\t\t\t\t<div class=\"elementor-widget-container\">\n\t\t\t\t\t<h3 class=\"elementor-heading-title elementor-size-default\">VIDEOKOOLITUS - Kuidas s\u00e4ilitada h\u00e4id pere- ja paarisuhteid rasketel aegadel<\/h3>\t\t\t\t<\/div>\n\t\t\t\t<\/div>\n\t\t\t\t<div class=\"elementor-element elementor-element-1c69e3a elementor-widget elementor-widget-text-editor\" data-id=\"1c69e3a\" data-element_type=\"widget\" data-widget_type=\"text-editor.default\">\n\t\t\t\t<div class=\"elementor-widget-container\">\n\t\t\t\t\t\t\t\t\t<div class=\"elementor-element elementor-element-59e9469 elementor-widget elementor-widget-text-editor\" data-id=\"59e9469\" data-element_type=\"widget\" data-widget_type=\"text-editor.default\"><div class=\"elementor-widget-container\"><div class=\"et_pb_module et_pb_text et_pb_text_13 et_pb_text_align_left et_pb_bg_layout_light\"><div class=\"et_pb_text_inner\"><div data-pm-slice=\"1 1 []\" data-en-clipboard=\"true\"><p><span style=\"font-style: inherit; font-weight: inherit; text-align: var(--text-align); background-color: var(--ast-global-color-4); color: var(--ast-global-color-3);\">L\u00fchikoolitus aitamaks paremini m\u00f5ista ennast ning oma partnerit<\/span><\/p><\/div><\/div><div data-pm-slice=\"1 1 []\" data-en-clipboard=\"true\"><p><strong>Koolitusel arutletakse j\u00e4rgmistel teemadel: <\/strong>k\u00e4itumine kriisis; toetavad ja mittetoetavad toimetulekuoskused; omavahelise suhtlemise d\u00fcnaamika; kaitsek\u00e4itumine; sinu k\u00e4itumise m\u00f5ju suhetele; kuidas tulla toime maailmavaateliste erinevustega; oma piiride seadmine.<\/p><\/div><\/div><\/div><\/div>\t\t\t\t\t\t\t\t<\/div>\n\t\t\t\t<\/div>\n\t\t\t\t<div class=\"elementor-element elementor-element-38f7e23 elementor-widget elementor-widget-button\" data-id=\"38f7e23\" data-element_type=\"widget\" data-widget_type=\"button.default\">\n\t\t\t\t<div class=\"elementor-widget-container\">\n\t\t\t\t\t\t\t\t\t<div class=\"elementor-button-wrapper\">\n\t\t\t\t\t<a class=\"elementor-button elementor-button-link elementor-size-sm\" href=\"https:\/\/kaiakapsta.com\/en\/product\/videokoolitus\/\">\n\t\t\t\t\t\t<span class=\"elementor-button-content-wrapper\">\n\t\t\t\t\t\t\t\t\t<span class=\"elementor-button-text\">LOE L\u00c4HEMALT JA TELLI SIIT<\/span>\n\t\t\t\t\t<\/span>\n\t\t\t\t\t<\/a>\n\t\t\t\t<\/div>\n\t\t\t\t\t\t\t\t<\/div>\n\t\t\t\t<\/div>\n\t\t\t\t<\/div>\n\t\t<div class=\"elementor-element elementor-element-465997e6 e-con-full e-flex e-con e-parent\" data-id=\"465997e6\" data-element_type=\"container\">\n\t\t\t\t<div class=\"elementor-element elementor-element-3f1200a0 elementor-widget elementor-widget-spacer\" data-id=\"3f1200a0\" data-element_type=\"widget\" data-widget_type=\"spacer.default\">\n\t\t\t\t<div class=\"elementor-widget-container\">\n\t\t\t\t\t\t\t<div class=\"elementor-spacer\">\n\t\t\t<div class=\"elementor-spacer-inner\"><\/div>\n\t\t<\/div>\n\t\t\t\t\t\t<\/div>\n\t\t\t\t<\/div>\n\t\t\t\t<\/div>\n\t\t\t\t\t<\/div>\n\t\t\t\t<\/div>\n\t\t\t\t<\/div>","protected":false},"excerpt":{"rendered":"<p>Kauplus RAAMAT &#8211; Kuidas j\u00e4\u00e4da abielus \u00f5nnelikuks? See on praktiline teejuht \u00f5nnelike suhete suunas. Raamat on jagatud neljaks suuremaks osaks: ohud armastuse kestvusele, konflikti lahendamine meeskonnana, r\u00f5\u00f5m teineteisest ja kursi hoidmine. Raamatus on arvukaid n\u00e4iteid elust enesest ning praktilised juhised, kuidas igap\u00e4evaeluga toime tulla ja armastust hoida. LOE L\u00c4HEMALT JA TELLI SIIT VIDEOKOOLITUS &#8211; Kuidas [&hellip;]<\/p>","protected":false},"author":5,"featured_media":0,"parent":0,"menu_order":0,"comment_status":"closed","ping_status":"closed","template":"","meta":{"site-sidebar-layout":"no-sidebar","site-content-layout":"page-builder","ast-site-content-layout":"","site-content-style":"default","site-sidebar-style":"default","ast-global-header-display":"","ast-banner-title-visibility":"","ast-main-header-display":"","ast-hfb-above-header-display":"","ast-hfb-below-header-display":"","ast-hfb-mobile-header-display":"","site-post-title":"disabled","ast-breadcrumbs-content":"","ast-featured-img":"disabled","footer-sml-layout":"","theme-transparent-header-meta":"","adv-header-id-meta":"","stick-header-meta":"","header-above-stick-meta":"","header-main-stick-meta":"","header-below-stick-meta":"","astra-migrate-meta-layouts":"default","ast-page-background-enabled":"default","ast-page-background-meta":{"desktop":{"background-color":"var(--ast-global-color-4)","background-image":"","background-repeat":"repeat","background-position":"center center","background-size":"auto","background-attachment":"scroll","background-type":"","background-media":"","overlay-type":"","overlay-color":"","overlay-opacity":"","overlay-gradient":""},"tablet":{"background-color":"","background-image":"","background-repeat":"repeat","background-position":"center center","background-size":"auto","background-attachment":"scroll","background-type":"","background-media":"","overlay-type":"","overlay-color":"","overlay-opacity":"","overlay-gradient":""},"mobile":{"background-color":"","background-image":"","background-repeat":"repeat","background-position":"center center","background-size":"auto","background-attachment":"scroll","background-type":"","background-media":"","overlay-type":"","overlay-color":"","overlay-opacity":"","overlay-gradient":""}},"ast-content-background-meta":{"desktop":{"background-color":"var(--ast-global-color-5)","background-image":"","background-repeat":"repeat","background-position":"center center","background-size":"auto","background-attachment":"scroll","background-type":"","background-media":"","overlay-type":"","overlay-color":"","overlay-opacity":"","overlay-gradient":""},"tablet":{"background-color":"var(--ast-global-color-5)","background-image":"","background-repeat":"repeat","background-position":"center center","background-size":"auto","background-attachment":"scroll","background-type":"","background-media":"","overlay-type":"","overlay-color":"","overlay-opacity":"","overlay-gradient":""},"mobile":{"background-color":"var(--ast-global-color-5)","background-image":"","background-repeat":"repeat","background-position":"center center","background-size":"auto","background-attachment":"scroll","background-type":"","background-media":"","overlay-type":"","overlay-color":"","overlay-opacity":"","overlay-gradient":""}},"footnotes":""},"class_list":["post-11002","page","type-page","status-publish","hentry"],"yoast_head":"<!-- This site is optimized with the Yoast SEO plugin v24.2 - https:\/\/yoast.com\/wordpress\/plugins\/seo\/ -->\n<title>Kauplus - Kaia Kapsta-Forrester<\/title>\n<meta name=\"robots\" content=\"index, follow, max-snippet:-1, max-image-preview:large, max-video-preview:-1\" \/>\n<link rel=\"canonical\" href=\"https:\/\/kaiakapsta.com\/en\/kauplus\/\" \/>\n<meta property=\"og:locale\" content=\"en_US\" \/>\n<meta property=\"og:type\" content=\"article\" \/>\n<meta property=\"og:title\" content=\"Kauplus - Kaia Kapsta-Forrester\" \/>\n<meta property=\"og:description\" content=\"Kauplus RAAMAT &#8211; Kuidas j\u00e4\u00e4da abielus \u00f5nnelikuks? See on praktiline teejuht \u00f5nnelike suhete suunas. Raamat on jagatud neljaks suuremaks osaks: ohud armastuse kestvusele, konflikti lahendamine meeskonnana, r\u00f5\u00f5m teineteisest ja kursi hoidmine. Raamatus on arvukaid n\u00e4iteid elust enesest ning praktilised juhised, kuidas igap\u00e4evaeluga toime tulla ja armastust hoida. LOE L\u00c4HEMALT JA TELLI SIIT VIDEOKOOLITUS &#8211; Kuidas [&hellip;]\" \/>\n<meta property=\"og:url\" content=\"https:\/\/kaiakapsta.com\/en\/kauplus\/\" \/>\n<meta property=\"og:site_name\" content=\"Kaia Kapsta-Forrester\" \/>\n<meta property=\"article:modified_time\" content=\"2023-05-12T09:46:08+00:00\" \/>\n<meta property=\"og:image\" content=\"https:\/\/kaiakapsta.com\/wp-content\/uploads\/2023\/02\/raamat2-682x1024.jpeg\" \/>\n<meta name=\"twitter:card\" content=\"summary_large_image\" \/>\n<meta name=\"twitter:label1\" content=\"Est. reading time\" \/>\n\t<meta name=\"twitter:data1\" content=\"1 minute\" \/>\n<script type=\"application\/ld+json\" class=\"yoast-schema-graph\">{\"@context\":\"https:\/\/schema.org\",\"@graph\":[{\"@type\":\"WebPage\",\"@id\":\"https:\/\/kaiakapsta.com\/kauplus\/\",\"url\":\"https:\/\/kaiakapsta.com\/kauplus\/\",\"name\":\"Kauplus - Kaia Kapsta-Forrester\",\"isPartOf\":{\"@id\":\"https:\/\/kaiakapsta.com\/#website\"},\"primaryImageOfPage\":{\"@id\":\"https:\/\/kaiakapsta.com\/kauplus\/#primaryimage\"},\"image\":{\"@id\":\"https:\/\/kaiakapsta.com\/kauplus\/#primaryimage\"},\"thumbnailUrl\":\"https:\/\/kaiakapsta.com\/wp-content\/uploads\/2023\/02\/raamat2-682x1024.jpeg\",\"datePublished\":\"2023-02-06T07:18:20+00:00\",\"dateModified\":\"2023-05-12T09:46:08+00:00\",\"breadcrumb\":{\"@id\":\"https:\/\/kaiakapsta.com\/kauplus\/#breadcrumb\"},\"inLanguage\":\"en-US\",\"potentialAction\":[{\"@type\":\"ReadAction\",\"target\":[\"https:\/\/kaiakapsta.com\/kauplus\/\"]}]},{\"@type\":\"ImageObject\",\"inLanguage\":\"en-US\",\"@id\":\"https:\/\/kaiakapsta.com\/kauplus\/#primaryimage\",\"url\":\"https:\/\/kaiakapsta.com\/wp-content\/uploads\/2023\/02\/raamat2-682x1024.jpeg\",\"contentUrl\":\"https:\/\/kaiakapsta.com\/wp-content\/uploads\/2023\/02\/raamat2-682x1024.jpeg\"},{\"@type\":\"BreadcrumbList\",\"@id\":\"https:\/\/kaiakapsta.com\/kauplus\/#breadcrumb\",\"itemListElement\":[{\"@type\":\"ListItem\",\"position\":1,\"name\":\"Home\",\"item\":\"https:\/\/kaiakapsta.com\/\"},{\"@type\":\"ListItem\",\"position\":2,\"name\":\"Kauplus\"}]},{\"@type\":\"WebSite\",\"@id\":\"https:\/\/kaiakapsta.com\/#website\",\"url\":\"https:\/\/kaiakapsta.com\/\",\"name\":\"Kaia Kapsta-Forrester\",\"description\":\"\u00dchendades \u00fchendusi\",\"publisher\":{\"@id\":\"https:\/\/kaiakapsta.com\/#organization\"},\"potentialAction\":[{\"@type\":\"SearchAction\",\"target\":{\"@type\":\"EntryPoint\",\"urlTemplate\":\"https:\/\/kaiakapsta.com\/?s={search_term_string}\"},\"query-input\":{\"@type\":\"PropertyValueSpecification\",\"valueRequired\":true,\"valueName\":\"search_term_string\"}}],\"inLanguage\":\"en-US\"},{\"@type\":\"Organization\",\"@id\":\"https:\/\/kaiakapsta.com\/#organization\",\"name\":\"Kaia Kapsta-Forrester\",\"url\":\"https:\/\/kaiakapsta.com\/\",\"logo\":{\"@type\":\"ImageObject\",\"inLanguage\":\"en-US\",\"@id\":\"https:\/\/kaiakapsta.com\/#\/schema\/logo\/image\/\",\"url\":\"https:\/\/kaiakapsta.com\/wp-content\/uploads\/2022\/12\/Kaia-logo-3.png\",\"contentUrl\":\"https:\/\/kaiakapsta.com\/wp-content\/uploads\/2022\/12\/Kaia-logo-3.png\",\"width\":725,\"height\":215,\"caption\":\"Kaia Kapsta-Forrester\"},\"image\":{\"@id\":\"https:\/\/kaiakapsta.com\/#\/schema\/logo\/image\/\"}}]}<\/script>\n<!-- \/ Yoast SEO plugin. -->","yoast_head_json":{"title":"Kauplus - Kaia Kapsta-Forrester","robots":{"index":"index","follow":"follow","max-snippet":"max-snippet:-1","max-image-preview":"max-image-preview:large","max-video-preview":"max-video-preview:-1"},"canonical":"https:\/\/kaiakapsta.com\/en\/kauplus\/","og_locale":"en_US","og_type":"article","og_title":"Kauplus - Kaia Kapsta-Forrester","og_description":"Kauplus RAAMAT &#8211; Kuidas j\u00e4\u00e4da abielus \u00f5nnelikuks? See on praktiline teejuht \u00f5nnelike suhete suunas. Raamat on jagatud neljaks suuremaks osaks: ohud armastuse kestvusele, konflikti lahendamine meeskonnana, r\u00f5\u00f5m teineteisest ja kursi hoidmine. Raamatus on arvukaid n\u00e4iteid elust enesest ning praktilised juhised, kuidas igap\u00e4evaeluga toime tulla ja armastust hoida. LOE L\u00c4HEMALT JA TELLI SIIT VIDEOKOOLITUS &#8211; Kuidas [&hellip;]","og_url":"https:\/\/kaiakapsta.com\/en\/kauplus\/","og_site_name":"Kaia Kapsta-Forrester","article_modified_time":"2023-05-12T09:46:08+00:00","og_image":[{"url":"https:\/\/kaiakapsta.com\/wp-content\/uploads\/2023\/02\/raamat2-682x1024.jpeg","type":"","width":"","height":""}],"twitter_card":"summary_large_image","twitter_misc":{"Est. reading time":"1 minute"},"schema":{"@context":"https:\/\/schema.org","@graph":[{"@type":"WebPage","@id":"https:\/\/kaiakapsta.com\/kauplus\/","url":"https:\/\/kaiakapsta.com\/kauplus\/","name":"Kauplus - Kaia Kapsta-Forrester","isPartOf":{"@id":"https:\/\/kaiakapsta.com\/#website"},"primaryImageOfPage":{"@id":"https:\/\/kaiakapsta.com\/kauplus\/#primaryimage"},"image":{"@id":"https:\/\/kaiakapsta.com\/kauplus\/#primaryimage"},"thumbnailUrl":"https:\/\/kaiakapsta.com\/wp-content\/uploads\/2023\/02\/raamat2-682x1024.jpeg","datePublished":"2023-02-06T07:18:20+00:00","dateModified":"2023-05-12T09:46:08+00:00","breadcrumb":{"@id":"https:\/\/kaiakapsta.com\/kauplus\/#breadcrumb"},"inLanguage":"en-US","potentialAction":[{"@type":"ReadAction","target":["https:\/\/kaiakapsta.com\/kauplus\/"]}]},{"@type":"ImageObject","inLanguage":"en-US","@id":"https:\/\/kaiakapsta.com\/kauplus\/#primaryimage","url":"https:\/\/kaiakapsta.com\/wp-content\/uploads\/2023\/02\/raamat2-682x1024.jpeg","contentUrl":"https:\/\/kaiakapsta.com\/wp-content\/uploads\/2023\/02\/raamat2-682x1024.jpeg"},{"@type":"BreadcrumbList","@id":"https:\/\/kaiakapsta.com\/kauplus\/#breadcrumb","itemListElement":[{"@type":"ListItem","position":1,"name":"Home","item":"https:\/\/kaiakapsta.com\/"},{"@type":"ListItem","position":2,"name":"Kauplus"}]},{"@type":"WebSite","@id":"https:\/\/kaiakapsta.com\/#website","url":"https:\/\/kaiakapsta.com\/","name":"Kaia Kapsta-Forrester","description":"\u00dchendades \u00fchendusi","publisher":{"@id":"https:\/\/kaiakapsta.com\/#organization"},"potentialAction":[{"@type":"SearchAction","target":{"@type":"EntryPoint","urlTemplate":"https:\/\/kaiakapsta.com\/?s={search_term_string}"},"query-input":{"@type":"PropertyValueSpecification","valueRequired":true,"valueName":"search_term_string"}}],"inLanguage":"en-US"},{"@type":"Organization","@id":"https:\/\/kaiakapsta.com\/#organization","name":"Kaia Kapsta-Forrester","url":"https:\/\/kaiakapsta.com\/","logo":{"@type":"ImageObject","inLanguage":"en-US","@id":"https:\/\/kaiakapsta.com\/#\/schema\/logo\/image\/","url":"https:\/\/kaiakapsta.com\/wp-content\/uploads\/2022\/12\/Kaia-logo-3.png","contentUrl":"https:\/\/kaiakapsta.com\/wp-content\/uploads\/2022\/12\/Kaia-logo-3.png","width":725,"height":215,"caption":"Kaia Kapsta-Forrester"},"image":{"@id":"https:\/\/kaiakapsta.com\/#\/schema\/logo\/image\/"}}]}},"_links":{"self":[{"href":"https:\/\/kaiakapsta.com\/en\/wp-json\/wp\/v2\/pages\/11002"}],"collection":[{"href":"https:\/\/kaiakapsta.com\/en\/wp-json\/wp\/v2\/pages"}],"about":[{"href":"https:\/\/kaiakapsta.com\/en\/wp-json\/wp\/v2\/types\/page"}],"author":[{"embeddable":true,"href":"https:\/\/kaiakapsta.com\/en\/wp-json\/wp\/v2\/users\/5"}],"replies":[{"embeddable":true,"href":"https:\/\/kaiakapsta.com\/en\/wp-json\/wp\/v2\/comments?post=11002"}],"version-history":[{"count":38,"href":"https:\/\/kaiakapsta.com\/en\/wp-json\/wp\/v2\/pages\/11002\/revisions"}],"predecessor-version":[{"id":11459,"href":"https:\/\/kaiakapsta.com\/en\/wp-json\/wp\/v2\/pages\/11002\/revisions\/11459"}],"wp:attachment":[{"href":"https:\/\/kaiakapsta.com\/en\/wp-json\/wp\/v2\/media?parent=11002"}],"curies":[{"name":"wp","href":"https:\/\/api.w.org\/{rel}","templated":true}]}}